{"id":4937,"date":"2025-07-21T23:24:12","date_gmt":"2025-07-21T23:24:12","guid":{"rendered":"https:\/\/shengjiamachine.com\/?post_type=product&#038;p=4937"},"modified":"2025-07-24T14:55:01","modified_gmt":"2025-07-24T14:55:01","slug":"single-shaft-shredder","status":"publish","type":"product","link":"https:\/\/www.shengjiamachine.com\/fr\/produit\/single-shaft-shredder\/","title":{"rendered":"Broyeur \u00e0 arbre unique"},"content":{"rendered":"<p><img alt=\"\" fetchpriority=\"high\" decoding=\"async\" class=\"size-full wp-image-4949 aligncenter\" src=\"https:\/\/shengjiamachine.com\/wp-content\/uploads\/2025\/07\/\u7ed3\u6784\u56fe-5.jpg\" width=\"800\" height=\"800\" srcset=\"https:\/\/www.shengjiamachine.com\/wp-content\/uploads\/2025\/07\/\u7ed3\u6784\u56fe-5.jpg 800w, https:\/\/www.shengjiamachine.com\/wp-content\/uploads\/2025\/07\/\u7ed3\u6784\u56fe-5-300x300.jpg 300w, https:\/\/www.shengjiamachine.com\/wp-content\/uploads\/2025\/07\/\u7ed3\u6784\u56fe-5-150x150.jpg 150w, https:\/\/www.shengjiamachine.com\/wp-content\/uploads\/2025\/07\/\u7ed3\u6784\u56fe-5-768x768.jpg 768w, https:\/\/www.shengjiamachine.com\/wp-content\/uploads\/2025\/07\/\u7ed3\u6784\u56fe-5-12x12.jpg 12w, https:\/\/www.shengjiamachine.com\/wp-content\/uploads\/2025\/07\/\u7ed3\u6784\u56fe-5-600x600.jpg 600w, https:\/\/www.shengjiamachine.com\/wp-content\/uploads\/2025\/07\/\u7ed3\u6784\u56fe-5-100x100.jpg 100w\" sizes=\"(max-width: 800px) 100vw, 800px\" \/><br \/>\nNous pouvons fournir diff\u00e9rents types de tr\u00e9mies d'alimentation en fonction des besoins des clients, et la taille de la d\u00e9charge peut \u00eatre personnalis\u00e9e en fonction des diff\u00e9rents besoins.<br \/>\nIl convient principalement au broyage de mat\u00e9riaux non m\u00e9talliques tels que le bois, le caoutchouc, le plastique, le papier, les fibres et au recyclage et au traitement des d\u00e9chets m\u00e9nagers. Il convient \u00e9galement au recyclage de divers mat\u00e9riaux solides de grande taille, de mat\u00e9riaux difficiles \u00e0 manipuler, de conteneurs et de seaux en plastique, et de tampons en plastique.<br \/>\n<img alt=\"\" decoding=\"async\" class=\"alignnone size-full wp-image-4948 aligncenter\" src=\"https:\/\/shengjiamachine.com\/wp-content\/uploads\/2025\/07\/\u53c2\u6570-4.jpg\" width=\"800\" height=\"270\" srcset=\"https:\/\/www.shengjiamachine.com\/wp-content\/uploads\/2025\/07\/\u53c2\u6570-4.jpg 770w, https:\/\/www.shengjiamachine.com\/wp-content\/uploads\/2025\/07\/\u53c2\u6570-4-300x101.jpg 300w, https:\/\/www.shengjiamachine.com\/wp-content\/uploads\/2025\/07\/\u53c2\u6570-4-768x259.jpg 768w, https:\/\/www.shengjiamachine.com\/wp-content\/uploads\/2025\/07\/\u53c2\u6570-4-18x6.jpg 18w, https:\/\/www.shengjiamachine.com\/wp-content\/uploads\/2025\/07\/\u53c2\u6570-4-600x203.jpg 600w\" sizes=\"(max-width: 800px) 100vw, 800px\" \/><\/p>\n<p><img alt=\"\" decoding=\"async\" class=\"alignnone size-full wp-image-4954 aligncenter\" src=\"https:\/\/shengjiamachine.com\/wp-content\/uploads\/2025\/07\/\u6495\u788e\u673a\u7ec6\u8282\u56fe.jpg\" width=\"800\" height=\"1689\" srcset=\"https:\/\/www.shengjiamachine.com\/wp-content\/uploads\/2025\/07\/\u6495\u788e\u673a\u7ec6\u8282\u56fe.jpg 750w, https:\/\/www.shengjiamachine.com\/wp-content\/uploads\/2025\/07\/\u6495\u788e\u673a\u7ec6\u8282\u56fe-142x300.jpg 142w, https:\/\/www.shengjiamachine.com\/wp-content\/uploads\/2025\/07\/\u6495\u788e\u673a\u7ec6\u8282\u56fe-485x1024.jpg 485w, https:\/\/www.shengjiamachine.com\/wp-content\/uploads\/2025\/07\/\u6495\u788e\u673a\u7ec6\u8282\u56fe-728x1536.jpg 728w, https:\/\/www.shengjiamachine.com\/wp-content\/uploads\/2025\/07\/\u6495\u788e\u673a\u7ec6\u8282\u56fe-6x12.jpg 6w, https:\/\/www.shengjiamachine.com\/wp-content\/uploads\/2025\/07\/\u6495\u788e\u673a\u7ec6\u8282\u56fe-600x1266.jpg 600w\" sizes=\"(max-width: 800px) 100vw, 800px\" \/><br \/>\n<img alt=\"\" loading=\"lazy\" decoding=\"async\" class=\"size-full wp-image-4950 aligncenter\" src=\"https:\/\/shengjiamachine.com\/wp-content\/uploads\/2025\/07\/\u5200\u8f74\u7ec6\u8282.jpg\" width=\"800\" height=\"759\" \/><\/p>\n<p style=\"text-align: center;\"><img alt=\"\" loading=\"lazy\" decoding=\"async\" class=\"alignnone size-full wp-image-4953\" src=\"https:\/\/shengjiamachine.com\/wp-content\/uploads\/2025\/07\/\u6495\u788e\u5bf9\u6bd4.jpg\" width=\"800\" height=\"414\" srcset=\"https:\/\/www.shengjiamachine.com\/wp-content\/uploads\/2025\/07\/\u6495\u788e\u5bf9\u6bd4.jpg 788w, https:\/\/www.shengjiamachine.com\/wp-content\/uploads\/2025\/07\/\u6495\u788e\u5bf9\u6bd4-300x155.jpg 300w, https:\/\/www.shengjiamachine.com\/wp-content\/uploads\/2025\/07\/\u6495\u788e\u5bf9\u6bd4-768x398.jpg 768w, https:\/\/www.shengjiamachine.com\/wp-content\/uploads\/2025\/07\/\u6495\u788e\u5bf9\u6bd4-18x9.jpg 18w, https:\/\/www.shengjiamachine.com\/wp-content\/uploads\/2025\/07\/\u6495\u788e\u5bf9\u6bd4-600x311.jpg 600w\" sizes=\"(max-width: 800px) 100vw, 800px\" \/> <img alt=\"\" loading=\"lazy\" decoding=\"async\" class=\"alignnone size-full wp-image-4951\" src=\"https:\/\/shengjiamachine.com\/wp-content\/uploads\/2025\/07\/\u7c89\u788e\u524d\u540e-4.jpg\" width=\"800\" height=\"1270\" srcset=\"https:\/\/www.shengjiamachine.com\/wp-content\/uploads\/2025\/07\/\u7c89\u788e\u524d\u540e-4.jpg 750w, https:\/\/www.shengjiamachine.com\/wp-content\/uploads\/2025\/07\/\u7c89\u788e\u524d\u540e-4-189x300.jpg 189w, https:\/\/www.shengjiamachine.com\/wp-content\/uploads\/2025\/07\/\u7c89\u788e\u524d\u540e-4-645x1024.jpg 645w, https:\/\/www.shengjiamachine.com\/wp-content\/uploads\/2025\/07\/\u7c89\u788e\u524d\u540e-4-8x12.jpg 8w, https:\/\/www.shengjiamachine.com\/wp-content\/uploads\/2025\/07\/\u7c89\u788e\u524d\u540e-4-600x953.jpg 600w\" sizes=\"(max-width: 800px) 100vw, 800px\" \/><\/p>\n<p>Avantages du produit<br \/>\n1. Le broyeur \u00e0 arbre unique convient au broyage de mat\u00e9riaux ayant de fortes propri\u00e9t\u00e9s d'enroulement, et une petite quantit\u00e9 d'objets m\u00e9talliques l\u00e9gers et minces est autoris\u00e9e dans les mat\u00e9riaux.<br \/>\n2. Le co\u00fbt d'utilisation et d'entretien de l'outil est faible, et le prix est relativement bas par rapport aux broyeurs \u00e0 double arbre, aux broyeurs \u00e0 trois arbres et aux broyeurs \u00e0 quatre arbres de m\u00eame puissance.<br \/>\n3. Le remplacement du couteau est ais\u00e9 et la taille du mat\u00e9riau peut \u00eatre ajust\u00e9e en fonction de la taille de l'ouverture du tamis.<\/p>\n<p><img alt=\"\" loading=\"lazy\" decoding=\"async\" class=\"aligncenter wp-image-4952\" src=\"https:\/\/shengjiamachine.com\/wp-content\/uploads\/2025\/07\/\u9002\u7528\u8303\u56f4-2.jpg\" width=\"800\" height=\"740\" srcset=\"https:\/\/www.shengjiamachine.com\/wp-content\/uploads\/2025\/07\/\u9002\u7528\u8303\u56f4-2.jpg 790w, https:\/\/www.shengjiamachine.com\/wp-content\/uploads\/2025\/07\/\u9002\u7528\u8303\u56f4-2-300x278.jpg 300w, https:\/\/www.shengjiamachine.com\/wp-content\/uploads\/2025\/07\/\u9002\u7528\u8303\u56f4-2-768x711.jpg 768w, https:\/\/www.shengjiamachine.com\/wp-content\/uploads\/2025\/07\/\u9002\u7528\u8303\u56f4-2-13x12.jpg 13w, https:\/\/www.shengjiamachine.com\/wp-content\/uploads\/2025\/07\/\u9002\u7528\u8303\u56f4-2-600x555.jpg 600w\" sizes=\"(max-width: 800px) 100vw, 800px\" \/> <img alt=\"\" loading=\"lazy\" decoding=\"async\" class=\"aligncenter wp-image-4955\" src=\"https:\/\/shengjiamachine.com\/wp-content\/uploads\/2025\/07\/\u9009\u62e9\u6211\u4eec-1.jpg\" width=\"800\" height=\"989\" srcset=\"https:\/\/www.shengjiamachine.com\/wp-content\/uploads\/2025\/07\/\u9009\u62e9\u6211\u4eec-1.jpg 950w, https:\/\/www.shengjiamachine.com\/wp-content\/uploads\/2025\/07\/\u9009\u62e9\u6211\u4eec-1-243x300.jpg 243w, https:\/\/www.shengjiamachine.com\/wp-content\/uploads\/2025\/07\/\u9009\u62e9\u6211\u4eec-1-829x1024.jpg 829w, https:\/\/www.shengjiamachine.com\/wp-content\/uploads\/2025\/07\/\u9009\u62e9\u6211\u4eec-1-768x949.jpg 768w, https:\/\/www.shengjiamachine.com\/wp-content\/uploads\/2025\/07\/\u9009\u62e9\u6211\u4eec-1-10x12.jpg 10w, https:\/\/www.shengjiamachine.com\/wp-content\/uploads\/2025\/07\/\u9009\u62e9\u6211\u4eec-1-600x741.jpg 600w\" sizes=\"(max-width: 800px) 100vw, 800px\" \/><\/p>\n\t\t<div data-elementor-type=\"section\" data-elementor-id=\"4757\" class=\"elementor elementor-4757\" data-elementor-post-type=\"elementor_library\">\n\t\t\t<div class=\"elementor-element elementor-element-127464e e-flex e-con-boxed e-con e-parent\" data-id=\"127464e\" data-element_type=\"container\" data-e-type=\"container\">\n\t\t\t\t\t<div class=\"e-con-inner\">\n\t\t\t\t<div class=\"elementor-element elementor-element-df83e39 uael-faq-box-layout-yes align-at-left elementor-widget elementor-widget-uael-faq\" data-id=\"df83e39\" data-element_type=\"widget\" data-e-type=\"widget\" data-widget_type=\"uael-faq.default\">\n\t\t\t\t\t\t<div class=\"elementor-widget-container\">\n\t\t\t\t\t\n\t\t\t<div id='uael-faq-wrapper-234' class=\"uael-faq-wrapper\">\n\t\t\t\t<div class=\"uael-faq-container uael-faq-layout-accordion\" data-layout=\"accordion\" >\n\t\t\t\t\t\t\t\t\t\t\t\t<div id=\"uael-accordion-cb8950e\" class=\"uael-faq-accordion\" role=\"tablist\">\n\t\t\t\t\t\t\t\t<div class= \"uael-accordion-title\" aria-expanded=\"false\" role=\"tab\">\n\t\t\t\t\t\t\t\t\t<span class=\"uael-accordion-icon uael-accordion-icon-left\">\n\t\t\t\t\t\t\t\t\t\t<span class=\"uael-accordion-icon-closed\"><svg class=\"e-font-icon-svg e-fas-angle-right\" viewbox=\"0 0 256 512\" xmlns=\"http:\/\/www.w3.org\/2000\/svg\"><path d=\"M224.3 273l-136 136c-9.4 9.4-24.6 9.4-33.9 0l-22.6-22.6c-9.4-9.4-9.4-24.6 0-33.9l96.4-96.4-96.4-96.4c-9.4-9.4-9.4-24.6 0-33.9L54.3 103c9.4-9.4 24.6-9.4 33.9 0l136 136c9.5 9.4 9.5 24.6.1 34z\"><\/path><\/svg><\/span>\n\t\t\t\t\t\t\t\t\t\t<span class=\"uael-accordion-icon-opened\"><svg class=\"e-font-icon-svg e-fas-angle-up\" viewbox=\"0 0 320 512\" xmlns=\"http:\/\/www.w3.org\/2000\/svg\"><path d=\"M177 159.7l136 136c9.4 9.4 9.4 24.6 0 33.9l-22.6 22.6c-9.4 9.4-24.6 9.4-33.9 0L160 255.9l-96.4 96.4c-9.4 9.4-24.6 9.4-33.9 0L7 329.7c-9.4-9.4-9.4-24.6 0-33.9l136-136c9.4-9.5 24.6-9.5 34-.1z\"><\/path><\/svg><\/span>\n\t\t\t\t\t\t\t\t\t<\/span>\n\t\t\t\t\t\t\t\t\t<span class=\"uael-question-cb8950e uael-question-span\" tabindex=\"0\" id=\"uael-faq-1-69e135d762ce4\">What is the MOQ for your  Single shaft shredder?<\/span>\n\t\t\t\t\t\t\t\t<\/div>\n\t\t\t\t\t\t\t\t<div class=\"uael-accordion-content\" role=\"tabpanel\">\n\t\t\t\t\t\t\t\t\t<span>\n\t\t\t\t\t\t\t\t\t<span><p>Notre MOQ est de 1 jeu. Bienvenue aux OEM. Nous pouvons produire selon la demande du client.<\/p><\/span>\t\t\t\t\t\t\t\t\t<\/span>\n\t\t\t\t\t\t\t\t<\/div>\n\t\t\t\t\t\t\t<\/div>\n\t\t\t\t\t\t\t\t\t\t\t\t\t\t<div id=\"uael-accordion-b63c34a\" class=\"uael-faq-accordion\" role=\"tablist\">\n\t\t\t\t\t\t\t\t<div class= \"uael-accordion-title\" aria-expanded=\"false\" role=\"tab\">\n\t\t\t\t\t\t\t\t\t<span class=\"uael-accordion-icon uael-accordion-icon-left\">\n\t\t\t\t\t\t\t\t\t\t<span class=\"uael-accordion-icon-closed\"><svg class=\"e-font-icon-svg e-fas-angle-right\" viewbox=\"0 0 256 512\" xmlns=\"http:\/\/www.w3.org\/2000\/svg\"><path d=\"M224.3 273l-136 136c-9.4 9.4-24.6 9.4-33.9 0l-22.6-22.6c-9.4-9.4-9.4-24.6 0-33.9l96.4-96.4-96.4-96.4c-9.4-9.4-9.4-24.6 0-33.9L54.3 103c9.4-9.4 24.6-9.4 33.9 0l136 136c9.5 9.4 9.5 24.6.1 34z\"><\/path><\/svg><\/span>\n\t\t\t\t\t\t\t\t\t\t<span class=\"uael-accordion-icon-opened\"><svg class=\"e-font-icon-svg e-fas-angle-up\" viewbox=\"0 0 320 512\" xmlns=\"http:\/\/www.w3.org\/2000\/svg\"><path d=\"M177 159.7l136 136c9.4 9.4 9.4 24.6 0 33.9l-22.6 22.6c-9.4 9.4-24.6 9.4-33.9 0L160 255.9l-96.4 96.4c-9.4 9.4-24.6 9.4-33.9 0L7 329.7c-9.4-9.4-9.4-24.6 0-33.9l136-136c9.4-9.5 24.6-9.5 34-.1z\"><\/path><\/svg><\/span>\n\t\t\t\t\t\t\t\t\t<\/span>\n\t\t\t\t\t\t\t\t\t<span class=\"uael-question-b63c34a uael-question-span\" tabindex=\"0\" id=\"uael-faq-2-69e135d762ebd\">Vous \u00eates une usine ou une soci\u00e9t\u00e9 commerciale ? <\/span>\n\t\t\t\t\t\t\t\t<\/div>\n\t\t\t\t\t\t\t\t<div class=\"uael-accordion-content\" role=\"tabpanel\">\n\t\t\t\t\t\t\t\t\t<span>\n\t\t\t\t\t\t\t\t\t<span><p>Nous sommes une ancienne usine engag\u00e9e dans l'industrie 19. Notre technologie et notre qualit\u00e9 peuvent \u00eatre garanties. Nous pouvons \u00e9galement fournir des services personnalis\u00e9s. Nous avons besoin d'au moins cinq unit\u00e9s.<\/p><\/span>\t\t\t\t\t\t\t\t\t<\/span>\n\t\t\t\t\t\t\t\t<\/div>\n\t\t\t\t\t\t\t<\/div>\n\t\t\t\t\t\t\t\t\t\t\t\t\t\t<div id=\"uael-accordion-55b084a\" class=\"uael-faq-accordion\" role=\"tablist\">\n\t\t\t\t\t\t\t\t<div class= \"uael-accordion-title\" aria-expanded=\"false\" role=\"tab\">\n\t\t\t\t\t\t\t\t\t<span class=\"uael-accordion-icon uael-accordion-icon-left\">\n\t\t\t\t\t\t\t\t\t\t<span class=\"uael-accordion-icon-closed\"><svg class=\"e-font-icon-svg e-fas-angle-right\" viewbox=\"0 0 256 512\" xmlns=\"http:\/\/www.w3.org\/2000\/svg\"><path d=\"M224.3 273l-136 136c-9.4 9.4-24.6 9.4-33.9 0l-22.6-22.6c-9.4-9.4-9.4-24.6 0-33.9l96.4-96.4-96.4-96.4c-9.4-9.4-9.4-24.6 0-33.9L54.3 103c9.4-9.4 24.6-9.4 33.9 0l136 136c9.5 9.4 9.5 24.6.1 34z\"><\/path><\/svg><\/span>\n\t\t\t\t\t\t\t\t\t\t<span class=\"uael-accordion-icon-opened\"><svg class=\"e-font-icon-svg e-fas-angle-up\" viewbox=\"0 0 320 512\" xmlns=\"http:\/\/www.w3.org\/2000\/svg\"><path d=\"M177 159.7l136 136c9.4 9.4 9.4 24.6 0 33.9l-22.6 22.6c-9.4 9.4-24.6 9.4-33.9 0L160 255.9l-96.4 96.4c-9.4 9.4-24.6 9.4-33.9 0L7 329.7c-9.4-9.4-9.4-24.6 0-33.9l136-136c9.4-9.5 24.6-9.5 34-.1z\"><\/path><\/svg><\/span>\n\t\t\t\t\t\t\t\t\t<\/span>\n\t\t\t\t\t\t\t\t\t<span class=\"uael-question-55b084a uael-question-span\" tabindex=\"0\" id=\"uael-faq-3-69e135d762f27\">Quelle est la qualit\u00e9 de la machine ?<\/span>\n\t\t\t\t\t\t\t\t<\/div>\n\t\t\t\t\t\t\t\t<div class=\"uael-accordion-content\" role=\"tabpanel\">\n\t\t\t\t\t\t\t\t\t<span>\n\t\t\t\t\t\t\t\t\t<span><p>\u00a0<\/p><p>Nous sommes dans l'industrie depuis plus de 10 ans, la technologie et la qualit\u00e9 peuvent \u00eatre garanties, nous pouvons \u00e9galement fournir des services personnalis\u00e9s, besoin d'au moins 5 ensembles ou plus.<\/p><\/span>\t\t\t\t\t\t\t\t\t<\/span>\n\t\t\t\t\t\t\t\t<\/div>\n\t\t\t\t\t\t\t<\/div>\n\t\t\t\t\t\t\t\t\t\t\t\t\t\t<div id=\"uael-accordion-deaac9f\" class=\"uael-faq-accordion\" role=\"tablist\">\n\t\t\t\t\t\t\t\t<div class= \"uael-accordion-title\" aria-expanded=\"false\" role=\"tab\">\n\t\t\t\t\t\t\t\t\t<span class=\"uael-accordion-icon uael-accordion-icon-left\">\n\t\t\t\t\t\t\t\t\t\t<span class=\"uael-accordion-icon-closed\"><svg class=\"e-font-icon-svg e-fas-angle-right\" viewbox=\"0 0 256 512\" xmlns=\"http:\/\/www.w3.org\/2000\/svg\"><path d=\"M224.3 273l-136 136c-9.4 9.4-24.6 9.4-33.9 0l-22.6-22.6c-9.4-9.4-9.4-24.6 0-33.9l96.4-96.4-96.4-96.4c-9.4-9.4-9.4-24.6 0-33.9L54.3 103c9.4-9.4 24.6-9.4 33.9 0l136 136c9.5 9.4 9.5 24.6.1 34z\"><\/path><\/svg><\/span>\n\t\t\t\t\t\t\t\t\t\t<span class=\"uael-accordion-icon-opened\"><svg class=\"e-font-icon-svg e-fas-angle-up\" viewbox=\"0 0 320 512\" xmlns=\"http:\/\/www.w3.org\/2000\/svg\"><path d=\"M177 159.7l136 136c9.4 9.4 9.4 24.6 0 33.9l-22.6 22.6c-9.4 9.4-24.6 9.4-33.9 0L160 255.9l-96.4 96.4c-9.4 9.4-24.6 9.4-33.9 0L7 329.7c-9.4-9.4-9.4-24.6 0-33.9l136-136c9.4-9.5 24.6-9.5 34-.1z\"><\/path><\/svg><\/span>\n\t\t\t\t\t\t\t\t\t<\/span>\n\t\t\t\t\t\t\t\t\t<span class=\"uael-question-deaac9f uael-question-span\" tabindex=\"0\" id=\"uael-faq-4-69e135d762f86\">Quel sera le type d'emballage ?<\/span>\n\t\t\t\t\t\t\t\t<\/div>\n\t\t\t\t\t\t\t\t<div class=\"uael-accordion-content\" role=\"tabpanel\">\n\t\t\t\t\t\t\t\t\t<span>\n\t\t\t\t\t\t\t\t\t<span><p>Il s'agit d'un emballage en bois contreplaqu\u00e9, adapt\u00e9 \u00e0 la livraison par voie maritime.<\/p><\/span>\t\t\t\t\t\t\t\t\t<\/span>\n\t\t\t\t\t\t\t\t<\/div>\n\t\t\t\t\t\t\t<\/div>\n\t\t\t\t\t\t\t\t\t\t\t\t\t\t<div id=\"uael-accordion-a694a7e\" class=\"uael-faq-accordion\" role=\"tablist\">\n\t\t\t\t\t\t\t\t<div class= \"uael-accordion-title\" aria-expanded=\"false\" role=\"tab\">\n\t\t\t\t\t\t\t\t\t<span class=\"uael-accordion-icon uael-accordion-icon-left\">\n\t\t\t\t\t\t\t\t\t\t<span class=\"uael-accordion-icon-closed\"><svg class=\"e-font-icon-svg e-fas-angle-right\" viewbox=\"0 0 256 512\" xmlns=\"http:\/\/www.w3.org\/2000\/svg\"><path d=\"M224.3 273l-136 136c-9.4 9.4-24.6 9.4-33.9 0l-22.6-22.6c-9.4-9.4-9.4-24.6 0-33.9l96.4-96.4-96.4-96.4c-9.4-9.4-9.4-24.6 0-33.9L54.3 103c9.4-9.4 24.6-9.4 33.9 0l136 136c9.5 9.4 9.5 24.6.1 34z\"><\/path><\/svg><\/span>\n\t\t\t\t\t\t\t\t\t\t<span class=\"uael-accordion-icon-opened\"><svg class=\"e-font-icon-svg e-fas-angle-up\" viewbox=\"0 0 320 512\" xmlns=\"http:\/\/www.w3.org\/2000\/svg\"><path d=\"M177 159.7l136 136c9.4 9.4 9.4 24.6 0 33.9l-22.6 22.6c-9.4 9.4-24.6 9.4-33.9 0L160 255.9l-96.4 96.4c-9.4 9.4-24.6 9.4-33.9 0L7 329.7c-9.4-9.4-9.4-24.6 0-33.9l136-136c9.4-9.5 24.6-9.5 34-.1z\"><\/path><\/svg><\/span>\n\t\t\t\t\t\t\t\t\t<\/span>\n\t\t\t\t\t\t\t\t\t<span class=\"uael-question-a694a7e uael-question-span\" tabindex=\"0\" id=\"uael-faq-5-69e135d762fe2\">Pouvez-vous nous proposer un meilleur prix ?<\/span>\n\t\t\t\t\t\t\t\t<\/div>\n\t\t\t\t\t\t\t\t<div class=\"uael-accordion-content\" role=\"tabpanel\">\n\t\t\t\t\t\t\t\t\t<span>\n\t\t\t\t\t\t\t\t\t<span><p>Bien entendu, nous pouvons vous fournir un devis pr\u00e9cis en fonction de vos besoins sp\u00e9cifiques et du volume de votre commande.<\/p><\/span>\t\t\t\t\t\t\t\t\t<\/span>\n\t\t\t\t\t\t\t\t<\/div>\n\t\t\t\t\t\t\t<\/div>\n\t\t\t\t\t\t\t\t\t\t\t\t\t\t<div id=\"uael-accordion-cb632ca\" class=\"uael-faq-accordion\" role=\"tablist\">\n\t\t\t\t\t\t\t\t<div class= \"uael-accordion-title\" aria-expanded=\"false\" role=\"tab\">\n\t\t\t\t\t\t\t\t\t<span class=\"uael-accordion-icon uael-accordion-icon-left\">\n\t\t\t\t\t\t\t\t\t\t<span class=\"uael-accordion-icon-closed\"><svg class=\"e-font-icon-svg e-fas-angle-right\" viewbox=\"0 0 256 512\" xmlns=\"http:\/\/www.w3.org\/2000\/svg\"><path d=\"M224.3 273l-136 136c-9.4 9.4-24.6 9.4-33.9 0l-22.6-22.6c-9.4-9.4-9.4-24.6 0-33.9l96.4-96.4-96.4-96.4c-9.4-9.4-9.4-24.6 0-33.9L54.3 103c9.4-9.4 24.6-9.4 33.9 0l136 136c9.5 9.4 9.5 24.6.1 34z\"><\/path><\/svg><\/span>\n\t\t\t\t\t\t\t\t\t\t<span class=\"uael-accordion-icon-opened\"><svg class=\"e-font-icon-svg e-fas-angle-up\" viewbox=\"0 0 320 512\" xmlns=\"http:\/\/www.w3.org\/2000\/svg\"><path d=\"M177 159.7l136 136c9.4 9.4 9.4 24.6 0 33.9l-22.6 22.6c-9.4 9.4-24.6 9.4-33.9 0L160 255.9l-96.4 96.4c-9.4 9.4-24.6 9.4-33.9 0L7 329.7c-9.4-9.4-9.4-24.6 0-33.9l136-136c9.4-9.5 24.6-9.5 34-.1z\"><\/path><\/svg><\/span>\n\t\t\t\t\t\t\t\t\t<\/span>\n\t\t\t\t\t\t\t\t\t<span class=\"uael-question-cb632ca uael-question-span\" tabindex=\"0\" id=\"uael-faq-6-69e135d763040\">Pouvez-vous fournir un service OEM&amp;ODM ou personnaliser notre logo ?<\/span>\n\t\t\t\t\t\t\t\t<\/div>\n\t\t\t\t\t\t\t\t<div class=\"uael-accordion-content\" role=\"tabpanel\">\n\t\t\t\t\t\t\t\t\t<span>\n\t\t\t\t\t\t\t\t\t<span><p>Oui ! Nous pouvons personnaliser votre logo (veuillez nous autoriser \u00e0 le faire) et nos designers professionnels sont capables de concevoir vos produits en fonction de vos exigences pour les commandes ODM&amp;OEM.<\/p><\/span>\t\t\t\t\t\t\t\t\t<\/span>\n\t\t\t\t\t\t\t\t<\/div>\n\t\t\t\t\t\t\t<\/div>\n\t\t\t\t\t\t\t\t\t\t\t\t\t\t<div id=\"uael-accordion-3a0e6c4\" class=\"uael-faq-accordion\" role=\"tablist\">\n\t\t\t\t\t\t\t\t<div class= \"uael-accordion-title\" aria-expanded=\"false\" role=\"tab\">\n\t\t\t\t\t\t\t\t\t<span class=\"uael-accordion-icon uael-accordion-icon-left\">\n\t\t\t\t\t\t\t\t\t\t<span class=\"uael-accordion-icon-closed\"><svg class=\"e-font-icon-svg e-fas-angle-right\" viewbox=\"0 0 256 512\" xmlns=\"http:\/\/www.w3.org\/2000\/svg\"><path d=\"M224.3 273l-136 136c-9.4 9.4-24.6 9.4-33.9 0l-22.6-22.6c-9.4-9.4-9.4-24.6 0-33.9l96.4-96.4-96.4-96.4c-9.4-9.4-9.4-24.6 0-33.9L54.3 103c9.4-9.4 24.6-9.4 33.9 0l136 136c9.5 9.4 9.5 24.6.1 34z\"><\/path><\/svg><\/span>\n\t\t\t\t\t\t\t\t\t\t<span class=\"uael-accordion-icon-opened\"><svg class=\"e-font-icon-svg e-fas-angle-up\" viewbox=\"0 0 320 512\" xmlns=\"http:\/\/www.w3.org\/2000\/svg\"><path d=\"M177 159.7l136 136c9.4 9.4 9.4 24.6 0 33.9l-22.6 22.6c-9.4 9.4-24.6 9.4-33.9 0L160 255.9l-96.4 96.4c-9.4 9.4-24.6 9.4-33.9 0L7 329.7c-9.4-9.4-9.4-24.6 0-33.9l136-136c9.4-9.5 24.6-9.5 34-.1z\"><\/path><\/svg><\/span>\n\t\t\t\t\t\t\t\t\t<\/span>\n\t\t\t\t\t\t\t\t\t<span class=\"uael-question-3a0e6c4 uael-question-span\" tabindex=\"0\" id=\"uael-faq-7-69e135d76309e\">Quels sont les modes de paiement accept\u00e9s ?<\/span>\n\t\t\t\t\t\t\t\t<\/div>\n\t\t\t\t\t\t\t\t<div class=\"uael-accordion-content\" role=\"tabpanel\">\n\t\t\t\t\t\t\t\t\t<span>\n\t\t\t\t\t\t\t\t\t<span><p>Nous acceptons T\/T, vous devez payer 30% de d\u00e9p\u00f4t \u00e0 l'avance, 70% de solde avant l'exp\u00e9dition.  D'autres m\u00e9thodes de paiement peuvent \u00e9galement \u00eatre communiqu\u00e9es.<\/p><\/span>\t\t\t\t\t\t\t\t\t<\/span>\n\t\t\t\t\t\t\t\t<\/div>\n\t\t\t\t\t\t\t<\/div>\n\t\t\t\t\t\t\t\t\t\t\t<\/div>\n\t\t\t<\/div>\n\t\t\t\t\t\t\t<\/div>\n\t\t\t\t<\/div>\n\t\t\t\t\t<\/div>\n\t\t\t\t<\/div>\n\t\t\t\t<\/div>","protected":false},"excerpt":{"rendered":"<p>Single axis shredder with low-speed blade rotation, low noise, and more energy-saving.We can provide various types of feeding hoppers according to customer needs, and the discharge size can be customized according to different needs. Mainly suitable for shredding non-metallic materials such as wood, rubber, plastic, paper, fiber, and household waste recycling and treatment.It is also [&hellip;]<\/p>","protected":false},"featured_media":4940,"template":"","meta":{"_seopress_robots_primary_cat":"none","_seopress_titles_title":"","_seopress_titles_desc":"","_seopress_robots_index":"","site-sidebar-layout":"default","site-content-layout":"","ast-site-content-layout":"default","site-content-style":"default","site-sidebar-style":"default","ast-global-header-display":"","ast-banner-title-visibility":"","ast-main-header-display":"","ast-hfb-above-header-display":"","ast-hfb-below-header-display":"","ast-hfb-mobile-header-display":"","site-post-title":"","ast-breadcrumbs-content":"","ast-featured-img":"","footer-sml-layout":"","theme-transparent-header-meta":"default","adv-header-id-meta":"","stick-header-meta":"default","header-above-stick-meta":"","header-main-stick-meta":"","header-below-stick-meta":"","astra-migrate-meta-layouts":"set","ast-page-background-enabled":"default","ast-page-background-meta":{"desktop":{"background-color":"","background-image":"","background-repeat":"repeat","background-position":"center center","background-size":"auto","background-attachment":"scroll","background-type":"","background-media":"","overlay-type":"","overlay-color":"","overlay-opacity":"","overlay-gradient":""},"tablet":{"background-color":"","background-image":"","background-repeat":"repeat","background-position":"center center","background-size":"auto","background-attachment":"scroll","background-type":"","background-media":"","overlay-type":"","overlay-color":"","overlay-opacity":"","overlay-gradient":""},"mobile":{"background-color":"","background-image":"","background-repeat":"repeat","background-position":"center center","background-size":"auto","background-attachment":"scroll","background-type":"","background-media":"","overlay-type":"","overlay-color":"","overlay-opacity":"","overlay-gradient":""}},"ast-content-background-meta":{"desktop":{"background-color":"var(--ast-global-color-5)","background-image":"","background-repeat":"repeat","background-position":"center center","background-size":"auto","background-attachment":"scroll","background-type":"","background-media":"","overlay-type":"","overlay-color":"","overlay-opacity":"","overlay-gradient":""},"tablet":{"background-color":"var(--ast-global-color-5)","background-image":"","background-repeat":"repeat","background-position":"center center","background-size":"auto","background-attachment":"scroll","background-type":"","background-media":"","overlay-type":"","overlay-color":"","overlay-opacity":"","overlay-gradient":""},"mobile":{"background-color":"var(--ast-global-color-5)","background-image":"","background-repeat":"repeat","background-position":"center center","background-size":"auto","background-attachment":"scroll","background-type":"","background-media":"","overlay-type":"","overlay-color":"","overlay-opacity":"","overlay-gradient":""}}},"product_brand":[],"product_cat":[88],"product_tag":[],"class_list":{"0":"post-4937","1":"product","2":"type-product","3":"status-publish","4":"has-post-thumbnail","6":"product_cat-single-shaft-shredder","7":"desktop-align-left","8":"tablet-align-left","9":"mobile-align-left","10":"ast-product-gallery-layout-horizontal-slider","11":"ast-product-tabs-layout-horizontal","13":"first","14":"instock","15":"featured","16":"shipping-taxable","17":"product-type-simple"},"_links":{"self":[{"href":"https:\/\/www.shengjiamachine.com\/fr\/wp-json\/wp\/v2\/product\/4937","targetHints":{"allow":["GET"]}}],"collection":[{"href":"https:\/\/www.shengjiamachine.com\/fr\/wp-json\/wp\/v2\/product"}],"about":[{"href":"https:\/\/www.shengjiamachine.com\/fr\/wp-json\/wp\/v2\/types\/product"}],"wp:featuredmedia":[{"embeddable":true,"href":"https:\/\/www.shengjiamachine.com\/fr\/wp-json\/wp\/v2\/media\/4940"}],"wp:attachment":[{"href":"https:\/\/www.shengjiamachine.com\/fr\/wp-json\/wp\/v2\/media?parent=4937"}],"wp:term":[{"taxonomy":"product_brand","embeddable":true,"href":"https:\/\/www.shengjiamachine.com\/fr\/wp-json\/wp\/v2\/product_brand?post=4937"},{"taxonomy":"product_cat","embeddable":true,"href":"https:\/\/www.shengjiamachine.com\/fr\/wp-json\/wp\/v2\/product_cat?post=4937"},{"taxonomy":"product_tag","embeddable":true,"href":"https:\/\/www.shengjiamachine.com\/fr\/wp-json\/wp\/v2\/product_tag?post=4937"}],"curies":[{"name":"wp","href":"https:\/\/api.w.org\/{rel}","templated":true}]}}