{"id":4853,"date":"2025-07-15T07:41:56","date_gmt":"2025-07-15T07:41:56","guid":{"rendered":"https:\/\/shengjiamachine.com\/?post_type=product&#038;p=4853"},"modified":"2025-07-24T13:35:13","modified_gmt":"2025-07-24T13:35:13","slug":"single-port-wood-crusher","status":"publish","type":"product","link":"https:\/\/www.shengjiamachine.com\/fr\/produit\/single-port-wood-crusher\/","title":{"rendered":"Broyeur de bois \u00e0 port unique"},"content":{"rendered":"<p><img alt=\"\" fetchpriority=\"high\" decoding=\"async\" class=\"size-full wp-image-4863 aligncenter\" src=\"https:\/\/shengjiamachine.com\/wp-content\/uploads\/2025\/07\/\u53c2\u6570.jpg\" width=\"800\" height=\"830\" srcset=\"https:\/\/www.shengjiamachine.com\/wp-content\/uploads\/2025\/07\/\u53c2\u6570.jpg 790w, https:\/\/www.shengjiamachine.com\/wp-content\/uploads\/2025\/07\/\u53c2\u6570-289x300.jpg 289w, https:\/\/www.shengjiamachine.com\/wp-content\/uploads\/2025\/07\/\u53c2\u6570-768x797.jpg 768w, https:\/\/www.shengjiamachine.com\/wp-content\/uploads\/2025\/07\/\u53c2\u6570-12x12.jpg 12w, https:\/\/www.shengjiamachine.com\/wp-content\/uploads\/2025\/07\/\u53c2\u6570-600x623.jpg 600w\" sizes=\"(max-width: 800px) 100vw, 800px\" \/><\/p>\n<p>La d\u00e9chiqueteuse de bois peut traiter le pin, les bois divers, le peuplier, le sapin et le bois de racines. Gr\u00e2ce \u00e0 sa structure compacte, son faible encombrement, sa bonne qualit\u00e9 de copeaux et sa faible consommation d'\u00e9nergie, il est adapt\u00e9 aux op\u00e9rations mobiles. Il est largement utilis\u00e9 dans la phase de pr\u00e9paration des mat\u00e9riaux des petites et moyennes entreprises de production de panneaux de particules et de fibres, et peut \u00e9galement \u00eatre utilis\u00e9 par des entreprises individuelles pour produire des copeaux de bois commerciaux. Le broyeur de bois est un \u00e9quipement sp\u00e9cialis\u00e9 dans la production de poudre de copeaux de bois de haute qualit\u00e9. Les d\u00e9chiqueteuses sont largement utilis\u00e9es dans les sections de pr\u00e9paration des mati\u00e8res premi\u00e8res de la production industrielle telle que la papeterie, les panneaux de particules et les panneaux de fibres de densit\u00e9 moyenne, ainsi que dans les bases de production de copeaux de bois individuels.<\/p>\n<p><img alt=\"\" decoding=\"async\" class=\"size-full wp-image-4861 aligncenter\" src=\"https:\/\/shengjiamachine.com\/wp-content\/uploads\/2025\/07\/\u7ed3\u6784\u56fe-1.jpg\" width=\"800\" height=\"800\" srcset=\"https:\/\/www.shengjiamachine.com\/wp-content\/uploads\/2025\/07\/\u7ed3\u6784\u56fe-1.jpg 800w, https:\/\/www.shengjiamachine.com\/wp-content\/uploads\/2025\/07\/\u7ed3\u6784\u56fe-1-300x300.jpg 300w, https:\/\/www.shengjiamachine.com\/wp-content\/uploads\/2025\/07\/\u7ed3\u6784\u56fe-1-150x150.jpg 150w, https:\/\/www.shengjiamachine.com\/wp-content\/uploads\/2025\/07\/\u7ed3\u6784\u56fe-1-768x768.jpg 768w, https:\/\/www.shengjiamachine.com\/wp-content\/uploads\/2025\/07\/\u7ed3\u6784\u56fe-1-12x12.jpg 12w, https:\/\/www.shengjiamachine.com\/wp-content\/uploads\/2025\/07\/\u7ed3\u6784\u56fe-1-600x600.jpg 600w, https:\/\/www.shengjiamachine.com\/wp-content\/uploads\/2025\/07\/\u7ed3\u6784\u56fe-1-100x100.jpg 100w\" sizes=\"(max-width: 800px) 100vw, 800px\" \/> <img alt=\"\" decoding=\"async\" class=\"size-full wp-image-4862 aligncenter\" src=\"https:\/\/shengjiamachine.com\/wp-content\/uploads\/2025\/07\/\u7ed3\u6784\u56fe-2.jpg\" width=\"800\" height=\"800\" srcset=\"https:\/\/www.shengjiamachine.com\/wp-content\/uploads\/2025\/07\/\u7ed3\u6784\u56fe-2.jpg 800w, https:\/\/www.shengjiamachine.com\/wp-content\/uploads\/2025\/07\/\u7ed3\u6784\u56fe-2-300x300.jpg 300w, https:\/\/www.shengjiamachine.com\/wp-content\/uploads\/2025\/07\/\u7ed3\u6784\u56fe-2-150x150.jpg 150w, https:\/\/www.shengjiamachine.com\/wp-content\/uploads\/2025\/07\/\u7ed3\u6784\u56fe-2-768x768.jpg 768w, https:\/\/www.shengjiamachine.com\/wp-content\/uploads\/2025\/07\/\u7ed3\u6784\u56fe-2-12x12.jpg 12w, https:\/\/www.shengjiamachine.com\/wp-content\/uploads\/2025\/07\/\u7ed3\u6784\u56fe-2-600x600.jpg 600w, https:\/\/www.shengjiamachine.com\/wp-content\/uploads\/2025\/07\/\u7ed3\u6784\u56fe-2-100x100.jpg 100w\" sizes=\"(max-width: 800px) 100vw, 800px\" \/><\/p>\n<p><img alt=\"\" loading=\"lazy\" decoding=\"async\" class=\"size-full wp-image-4864 aligncenter\" src=\"https:\/\/shengjiamachine.com\/wp-content\/uploads\/2025\/07\/\u4ea7\u54c1\u7ec6\u8282-1.jpg\" width=\"800\" height=\"1739\" srcset=\"https:\/\/www.shengjiamachine.com\/wp-content\/uploads\/2025\/07\/\u4ea7\u54c1\u7ec6\u8282-1.jpg 800w, https:\/\/www.shengjiamachine.com\/wp-content\/uploads\/2025\/07\/\u4ea7\u54c1\u7ec6\u8282-1-138x300.jpg 138w, https:\/\/www.shengjiamachine.com\/wp-content\/uploads\/2025\/07\/\u4ea7\u54c1\u7ec6\u8282-1-471x1024.jpg 471w, https:\/\/www.shengjiamachine.com\/wp-content\/uploads\/2025\/07\/\u4ea7\u54c1\u7ec6\u8282-1-768x1669.jpg 768w, https:\/\/www.shengjiamachine.com\/wp-content\/uploads\/2025\/07\/\u4ea7\u54c1\u7ec6\u8282-1-707x1536.jpg 707w, https:\/\/www.shengjiamachine.com\/wp-content\/uploads\/2025\/07\/\u4ea7\u54c1\u7ec6\u8282-1-6x12.jpg 6w, https:\/\/www.shengjiamachine.com\/wp-content\/uploads\/2025\/07\/\u4ea7\u54c1\u7ec6\u8282-1-600x1304.jpg 600w\" sizes=\"(max-width: 800px) 100vw, 800px\" \/><\/p>\n<p>Avantages du broyeur de bois :<br \/>\n1. Pour garantir la s\u00e9curit\u00e9, l'entr\u00e9e d'alimentation de cette machine adopte une conception d'auto-aspiration afin d'\u00e9viter tout dommage grave pour les op\u00e9rateurs.<br \/>\n2. Faible investissement et faible consommation d'\u00e9nergie,<br \/>\n3. Rendement \u00e9lev\u00e9<br \/>\n4. Produits finis de haute qualit\u00e9<br \/>\n5. Facile \u00e0 utiliser et \u00e0 entretenir<\/p>\n<p><img alt=\"\" loading=\"lazy\" decoding=\"async\" class=\"size-full wp-image-4865 aligncenter\" src=\"https:\/\/shengjiamachine.com\/wp-content\/uploads\/2025\/07\/\u7c89\u788e\u6548\u679c-scaled.jpg\" width=\"800\" height=\"800\" srcset=\"https:\/\/www.shengjiamachine.com\/wp-content\/uploads\/2025\/07\/\u7c89\u788e\u6548\u679c-scaled.jpg 2560w, https:\/\/www.shengjiamachine.com\/wp-content\/uploads\/2025\/07\/\u7c89\u788e\u6548\u679c-300x300.jpg 300w, https:\/\/www.shengjiamachine.com\/wp-content\/uploads\/2025\/07\/\u7c89\u788e\u6548\u679c-1024x1024.jpg 1024w, https:\/\/www.shengjiamachine.com\/wp-content\/uploads\/2025\/07\/\u7c89\u788e\u6548\u679c-150x150.jpg 150w, https:\/\/www.shengjiamachine.com\/wp-content\/uploads\/2025\/07\/\u7c89\u788e\u6548\u679c-768x768.jpg 768w, https:\/\/www.shengjiamachine.com\/wp-content\/uploads\/2025\/07\/\u7c89\u788e\u6548\u679c-1536x1536.jpg 1536w, https:\/\/www.shengjiamachine.com\/wp-content\/uploads\/2025\/07\/\u7c89\u788e\u6548\u679c-2048x2048.jpg 2048w, https:\/\/www.shengjiamachine.com\/wp-content\/uploads\/2025\/07\/\u7c89\u788e\u6548\u679c-12x12.jpg 12w, https:\/\/www.shengjiamachine.com\/wp-content\/uploads\/2025\/07\/\u7c89\u788e\u6548\u679c-600x600.jpg 600w, https:\/\/www.shengjiamachine.com\/wp-content\/uploads\/2025\/07\/\u7c89\u788e\u6548\u679c-100x100.jpg 100w\" sizes=\"(max-width: 800px) 100vw, 800px\" \/><br \/>\n<img alt=\"\" loading=\"lazy\" decoding=\"async\" class=\"size-full wp-image-4866 aligncenter\" src=\"https:\/\/shengjiamachine.com\/wp-content\/uploads\/2025\/07\/\u9002\u7528\u8303\u56f4.jpg\" width=\"800\" height=\"800\" srcset=\"https:\/\/www.shengjiamachine.com\/wp-content\/uploads\/2025\/07\/\u9002\u7528\u8303\u56f4.jpg 800w, https:\/\/www.shengjiamachine.com\/wp-content\/uploads\/2025\/07\/\u9002\u7528\u8303\u56f4-300x300.jpg 300w, https:\/\/www.shengjiamachine.com\/wp-content\/uploads\/2025\/07\/\u9002\u7528\u8303\u56f4-150x150.jpg 150w, https:\/\/www.shengjiamachine.com\/wp-content\/uploads\/2025\/07\/\u9002\u7528\u8303\u56f4-768x768.jpg 768w, https:\/\/www.shengjiamachine.com\/wp-content\/uploads\/2025\/07\/\u9002\u7528\u8303\u56f4-12x12.jpg 12w, https:\/\/www.shengjiamachine.com\/wp-content\/uploads\/2025\/07\/\u9002\u7528\u8303\u56f4-600x600.jpg 600w, https:\/\/www.shengjiamachine.com\/wp-content\/uploads\/2025\/07\/\u9002\u7528\u8303\u56f4-100x100.jpg 100w\" sizes=\"(max-width: 800px) 100vw, 800px\" \/><br \/>\n<img alt=\"\" loading=\"lazy\" decoding=\"async\" class=\"size-full wp-image-4844 aligncenter\" src=\"https:\/\/shengjiamachine.com\/wp-content\/uploads\/2025\/07\/\u6211\u4eec\u7684\u4f18\u52bf.png\" width=\"800\" height=\"435\" srcset=\"https:\/\/www.shengjiamachine.com\/wp-content\/uploads\/2025\/07\/\u6211\u4eec\u7684\u4f18\u52bf.png 750w, https:\/\/www.shengjiamachine.com\/wp-content\/uploads\/2025\/07\/\u6211\u4eec\u7684\u4f18\u52bf-300x163.png 300w, https:\/\/www.shengjiamachine.com\/wp-content\/uploads\/2025\/07\/\u6211\u4eec\u7684\u4f18\u52bf-18x10.png 18w, https:\/\/www.shengjiamachine.com\/wp-content\/uploads\/2025\/07\/\u6211\u4eec\u7684\u4f18\u52bf-600x326.png 600w\" sizes=\"(max-width: 800px) 100vw, 800px\" \/><br \/>\n\t\t<div data-elementor-type=\"section\" data-elementor-id=\"4757\" class=\"elementor elementor-4757\" data-elementor-post-type=\"elementor_library\">\n\t\t\t<div class=\"elementor-element elementor-element-127464e e-flex e-con-boxed e-con e-parent\" data-id=\"127464e\" data-element_type=\"container\" data-e-type=\"container\">\n\t\t\t\t\t<div class=\"e-con-inner\">\n\t\t\t\t<div class=\"elementor-element elementor-element-df83e39 uael-faq-box-layout-yes align-at-left elementor-widget elementor-widget-uael-faq\" data-id=\"df83e39\" data-element_type=\"widget\" data-e-type=\"widget\" data-widget_type=\"uael-faq.default\">\n\t\t\t\t\t\t<div class=\"elementor-widget-container\">\n\t\t\t\t\t\n\t\t\t<div id='uael-faq-wrapper-234' class=\"uael-faq-wrapper\">\n\t\t\t\t<div class=\"uael-faq-container uael-faq-layout-accordion\" data-layout=\"accordion\" >\n\t\t\t\t\t\t\t\t\t\t\t\t<div id=\"uael-accordion-cb8950e\" class=\"uael-faq-accordion\" role=\"tablist\">\n\t\t\t\t\t\t\t\t<div class= \"uael-accordion-title\" aria-expanded=\"false\" role=\"tab\">\n\t\t\t\t\t\t\t\t\t<span class=\"uael-accordion-icon uael-accordion-icon-left\">\n\t\t\t\t\t\t\t\t\t\t<span class=\"uael-accordion-icon-closed\"><svg class=\"e-font-icon-svg e-fas-angle-right\" viewbox=\"0 0 256 512\" xmlns=\"http:\/\/www.w3.org\/2000\/svg\"><path d=\"M224.3 273l-136 136c-9.4 9.4-24.6 9.4-33.9 0l-22.6-22.6c-9.4-9.4-9.4-24.6 0-33.9l96.4-96.4-96.4-96.4c-9.4-9.4-9.4-24.6 0-33.9L54.3 103c9.4-9.4 24.6-9.4 33.9 0l136 136c9.5 9.4 9.5 24.6.1 34z\"><\/path><\/svg><\/span>\n\t\t\t\t\t\t\t\t\t\t<span class=\"uael-accordion-icon-opened\"><svg class=\"e-font-icon-svg e-fas-angle-up\" viewbox=\"0 0 320 512\" xmlns=\"http:\/\/www.w3.org\/2000\/svg\"><path d=\"M177 159.7l136 136c9.4 9.4 9.4 24.6 0 33.9l-22.6 22.6c-9.4 9.4-24.6 9.4-33.9 0L160 255.9l-96.4 96.4c-9.4 9.4-24.6 9.4-33.9 0L7 329.7c-9.4-9.4-9.4-24.6 0-33.9l136-136c9.4-9.5 24.6-9.5 34-.1z\"><\/path><\/svg><\/span>\n\t\t\t\t\t\t\t\t\t<\/span>\n\t\t\t\t\t\t\t\t\t<span class=\"uael-question-cb8950e uael-question-span\" tabindex=\"0\" id=\"uael-faq-1-69e13434754ba\">What is the MOQ for your  Single port wood crusher?<\/span>\n\t\t\t\t\t\t\t\t<\/div>\n\t\t\t\t\t\t\t\t<div class=\"uael-accordion-content\" role=\"tabpanel\">\n\t\t\t\t\t\t\t\t\t<span>\n\t\t\t\t\t\t\t\t\t<span><p>Notre MOQ est de 1 jeu. Bienvenue aux OEM. Nous pouvons produire selon la demande du client.<\/p><\/span>\t\t\t\t\t\t\t\t\t<\/span>\n\t\t\t\t\t\t\t\t<\/div>\n\t\t\t\t\t\t\t<\/div>\n\t\t\t\t\t\t\t\t\t\t\t\t\t\t<div id=\"uael-accordion-b63c34a\" class=\"uael-faq-accordion\" role=\"tablist\">\n\t\t\t\t\t\t\t\t<div class= \"uael-accordion-title\" aria-expanded=\"false\" role=\"tab\">\n\t\t\t\t\t\t\t\t\t<span class=\"uael-accordion-icon uael-accordion-icon-left\">\n\t\t\t\t\t\t\t\t\t\t<span class=\"uael-accordion-icon-closed\"><svg class=\"e-font-icon-svg e-fas-angle-right\" viewbox=\"0 0 256 512\" xmlns=\"http:\/\/www.w3.org\/2000\/svg\"><path d=\"M224.3 273l-136 136c-9.4 9.4-24.6 9.4-33.9 0l-22.6-22.6c-9.4-9.4-9.4-24.6 0-33.9l96.4-96.4-96.4-96.4c-9.4-9.4-9.4-24.6 0-33.9L54.3 103c9.4-9.4 24.6-9.4 33.9 0l136 136c9.5 9.4 9.5 24.6.1 34z\"><\/path><\/svg><\/span>\n\t\t\t\t\t\t\t\t\t\t<span class=\"uael-accordion-icon-opened\"><svg class=\"e-font-icon-svg e-fas-angle-up\" viewbox=\"0 0 320 512\" xmlns=\"http:\/\/www.w3.org\/2000\/svg\"><path d=\"M177 159.7l136 136c9.4 9.4 9.4 24.6 0 33.9l-22.6 22.6c-9.4 9.4-24.6 9.4-33.9 0L160 255.9l-96.4 96.4c-9.4 9.4-24.6 9.4-33.9 0L7 329.7c-9.4-9.4-9.4-24.6 0-33.9l136-136c9.4-9.5 24.6-9.5 34-.1z\"><\/path><\/svg><\/span>\n\t\t\t\t\t\t\t\t\t<\/span>\n\t\t\t\t\t\t\t\t\t<span class=\"uael-question-b63c34a uael-question-span\" tabindex=\"0\" id=\"uael-faq-2-69e1343475789\">Vous \u00eates une usine ou une soci\u00e9t\u00e9 commerciale ? <\/span>\n\t\t\t\t\t\t\t\t<\/div>\n\t\t\t\t\t\t\t\t<div class=\"uael-accordion-content\" role=\"tabpanel\">\n\t\t\t\t\t\t\t\t\t<span>\n\t\t\t\t\t\t\t\t\t<span><p>Nous sommes une ancienne usine engag\u00e9e dans l'industrie 19. Notre technologie et notre qualit\u00e9 peuvent \u00eatre garanties. Nous pouvons \u00e9galement fournir des services personnalis\u00e9s. Nous avons besoin d'au moins cinq unit\u00e9s.<\/p><\/span>\t\t\t\t\t\t\t\t\t<\/span>\n\t\t\t\t\t\t\t\t<\/div>\n\t\t\t\t\t\t\t<\/div>\n\t\t\t\t\t\t\t\t\t\t\t\t\t\t<div id=\"uael-accordion-55b084a\" class=\"uael-faq-accordion\" role=\"tablist\">\n\t\t\t\t\t\t\t\t<div class= \"uael-accordion-title\" aria-expanded=\"false\" role=\"tab\">\n\t\t\t\t\t\t\t\t\t<span class=\"uael-accordion-icon uael-accordion-icon-left\">\n\t\t\t\t\t\t\t\t\t\t<span class=\"uael-accordion-icon-closed\"><svg class=\"e-font-icon-svg e-fas-angle-right\" viewbox=\"0 0 256 512\" xmlns=\"http:\/\/www.w3.org\/2000\/svg\"><path d=\"M224.3 273l-136 136c-9.4 9.4-24.6 9.4-33.9 0l-22.6-22.6c-9.4-9.4-9.4-24.6 0-33.9l96.4-96.4-96.4-96.4c-9.4-9.4-9.4-24.6 0-33.9L54.3 103c9.4-9.4 24.6-9.4 33.9 0l136 136c9.5 9.4 9.5 24.6.1 34z\"><\/path><\/svg><\/span>\n\t\t\t\t\t\t\t\t\t\t<span class=\"uael-accordion-icon-opened\"><svg class=\"e-font-icon-svg e-fas-angle-up\" viewbox=\"0 0 320 512\" xmlns=\"http:\/\/www.w3.org\/2000\/svg\"><path d=\"M177 159.7l136 136c9.4 9.4 9.4 24.6 0 33.9l-22.6 22.6c-9.4 9.4-24.6 9.4-33.9 0L160 255.9l-96.4 96.4c-9.4 9.4-24.6 9.4-33.9 0L7 329.7c-9.4-9.4-9.4-24.6 0-33.9l136-136c9.4-9.5 24.6-9.5 34-.1z\"><\/path><\/svg><\/span>\n\t\t\t\t\t\t\t\t\t<\/span>\n\t\t\t\t\t\t\t\t\t<span class=\"uael-question-55b084a uael-question-span\" tabindex=\"0\" id=\"uael-faq-3-69e13434757f7\">Quelle est la qualit\u00e9 de la machine ?<\/span>\n\t\t\t\t\t\t\t\t<\/div>\n\t\t\t\t\t\t\t\t<div class=\"uael-accordion-content\" role=\"tabpanel\">\n\t\t\t\t\t\t\t\t\t<span>\n\t\t\t\t\t\t\t\t\t<span><p>\u00a0<\/p><p>Nous sommes dans l'industrie depuis plus de 10 ans, la technologie et la qualit\u00e9 peuvent \u00eatre garanties, nous pouvons \u00e9galement fournir des services personnalis\u00e9s, besoin d'au moins 5 ensembles ou plus.<\/p><\/span>\t\t\t\t\t\t\t\t\t<\/span>\n\t\t\t\t\t\t\t\t<\/div>\n\t\t\t\t\t\t\t<\/div>\n\t\t\t\t\t\t\t\t\t\t\t\t\t\t<div id=\"uael-accordion-deaac9f\" class=\"uael-faq-accordion\" role=\"tablist\">\n\t\t\t\t\t\t\t\t<div class= \"uael-accordion-title\" aria-expanded=\"false\" role=\"tab\">\n\t\t\t\t\t\t\t\t\t<span class=\"uael-accordion-icon uael-accordion-icon-left\">\n\t\t\t\t\t\t\t\t\t\t<span class=\"uael-accordion-icon-closed\"><svg class=\"e-font-icon-svg e-fas-angle-right\" viewbox=\"0 0 256 512\" xmlns=\"http:\/\/www.w3.org\/2000\/svg\"><path d=\"M224.3 273l-136 136c-9.4 9.4-24.6 9.4-33.9 0l-22.6-22.6c-9.4-9.4-9.4-24.6 0-33.9l96.4-96.4-96.4-96.4c-9.4-9.4-9.4-24.6 0-33.9L54.3 103c9.4-9.4 24.6-9.4 33.9 0l136 136c9.5 9.4 9.5 24.6.1 34z\"><\/path><\/svg><\/span>\n\t\t\t\t\t\t\t\t\t\t<span class=\"uael-accordion-icon-opened\"><svg class=\"e-font-icon-svg e-fas-angle-up\" viewbox=\"0 0 320 512\" xmlns=\"http:\/\/www.w3.org\/2000\/svg\"><path d=\"M177 159.7l136 136c9.4 9.4 9.4 24.6 0 33.9l-22.6 22.6c-9.4 9.4-24.6 9.4-33.9 0L160 255.9l-96.4 96.4c-9.4 9.4-24.6 9.4-33.9 0L7 329.7c-9.4-9.4-9.4-24.6 0-33.9l136-136c9.4-9.5 24.6-9.5 34-.1z\"><\/path><\/svg><\/span>\n\t\t\t\t\t\t\t\t\t<\/span>\n\t\t\t\t\t\t\t\t\t<span class=\"uael-question-deaac9f uael-question-span\" tabindex=\"0\" id=\"uael-faq-4-69e1343475858\">Quel sera le type d'emballage ?<\/span>\n\t\t\t\t\t\t\t\t<\/div>\n\t\t\t\t\t\t\t\t<div class=\"uael-accordion-content\" role=\"tabpanel\">\n\t\t\t\t\t\t\t\t\t<span>\n\t\t\t\t\t\t\t\t\t<span><p>Il s'agit d'un emballage en bois contreplaqu\u00e9, adapt\u00e9 \u00e0 la livraison par voie maritime.<\/p><\/span>\t\t\t\t\t\t\t\t\t<\/span>\n\t\t\t\t\t\t\t\t<\/div>\n\t\t\t\t\t\t\t<\/div>\n\t\t\t\t\t\t\t\t\t\t\t\t\t\t<div id=\"uael-accordion-a694a7e\" class=\"uael-faq-accordion\" role=\"tablist\">\n\t\t\t\t\t\t\t\t<div class= \"uael-accordion-title\" aria-expanded=\"false\" role=\"tab\">\n\t\t\t\t\t\t\t\t\t<span class=\"uael-accordion-icon uael-accordion-icon-left\">\n\t\t\t\t\t\t\t\t\t\t<span class=\"uael-accordion-icon-closed\"><svg class=\"e-font-icon-svg e-fas-angle-right\" viewbox=\"0 0 256 512\" xmlns=\"http:\/\/www.w3.org\/2000\/svg\"><path d=\"M224.3 273l-136 136c-9.4 9.4-24.6 9.4-33.9 0l-22.6-22.6c-9.4-9.4-9.4-24.6 0-33.9l96.4-96.4-96.4-96.4c-9.4-9.4-9.4-24.6 0-33.9L54.3 103c9.4-9.4 24.6-9.4 33.9 0l136 136c9.5 9.4 9.5 24.6.1 34z\"><\/path><\/svg><\/span>\n\t\t\t\t\t\t\t\t\t\t<span class=\"uael-accordion-icon-opened\"><svg class=\"e-font-icon-svg e-fas-angle-up\" viewbox=\"0 0 320 512\" xmlns=\"http:\/\/www.w3.org\/2000\/svg\"><path d=\"M177 159.7l136 136c9.4 9.4 9.4 24.6 0 33.9l-22.6 22.6c-9.4 9.4-24.6 9.4-33.9 0L160 255.9l-96.4 96.4c-9.4 9.4-24.6 9.4-33.9 0L7 329.7c-9.4-9.4-9.4-24.6 0-33.9l136-136c9.4-9.5 24.6-9.5 34-.1z\"><\/path><\/svg><\/span>\n\t\t\t\t\t\t\t\t\t<\/span>\n\t\t\t\t\t\t\t\t\t<span class=\"uael-question-a694a7e uael-question-span\" tabindex=\"0\" id=\"uael-faq-5-69e13434758b8\">Pouvez-vous nous proposer un meilleur prix ?<\/span>\n\t\t\t\t\t\t\t\t<\/div>\n\t\t\t\t\t\t\t\t<div class=\"uael-accordion-content\" role=\"tabpanel\">\n\t\t\t\t\t\t\t\t\t<span>\n\t\t\t\t\t\t\t\t\t<span><p>Bien entendu, nous pouvons vous fournir un devis pr\u00e9cis en fonction de vos besoins sp\u00e9cifiques et du volume de votre commande.<\/p><\/span>\t\t\t\t\t\t\t\t\t<\/span>\n\t\t\t\t\t\t\t\t<\/div>\n\t\t\t\t\t\t\t<\/div>\n\t\t\t\t\t\t\t\t\t\t\t\t\t\t<div id=\"uael-accordion-cb632ca\" class=\"uael-faq-accordion\" role=\"tablist\">\n\t\t\t\t\t\t\t\t<div class= \"uael-accordion-title\" aria-expanded=\"false\" role=\"tab\">\n\t\t\t\t\t\t\t\t\t<span class=\"uael-accordion-icon uael-accordion-icon-left\">\n\t\t\t\t\t\t\t\t\t\t<span class=\"uael-accordion-icon-closed\"><svg class=\"e-font-icon-svg e-fas-angle-right\" viewbox=\"0 0 256 512\" xmlns=\"http:\/\/www.w3.org\/2000\/svg\"><path d=\"M224.3 273l-136 136c-9.4 9.4-24.6 9.4-33.9 0l-22.6-22.6c-9.4-9.4-9.4-24.6 0-33.9l96.4-96.4-96.4-96.4c-9.4-9.4-9.4-24.6 0-33.9L54.3 103c9.4-9.4 24.6-9.4 33.9 0l136 136c9.5 9.4 9.5 24.6.1 34z\"><\/path><\/svg><\/span>\n\t\t\t\t\t\t\t\t\t\t<span class=\"uael-accordion-icon-opened\"><svg class=\"e-font-icon-svg e-fas-angle-up\" viewbox=\"0 0 320 512\" xmlns=\"http:\/\/www.w3.org\/2000\/svg\"><path d=\"M177 159.7l136 136c9.4 9.4 9.4 24.6 0 33.9l-22.6 22.6c-9.4 9.4-24.6 9.4-33.9 0L160 255.9l-96.4 96.4c-9.4 9.4-24.6 9.4-33.9 0L7 329.7c-9.4-9.4-9.4-24.6 0-33.9l136-136c9.4-9.5 24.6-9.5 34-.1z\"><\/path><\/svg><\/span>\n\t\t\t\t\t\t\t\t\t<\/span>\n\t\t\t\t\t\t\t\t\t<span class=\"uael-question-cb632ca uael-question-span\" tabindex=\"0\" id=\"uael-faq-6-69e1343475918\">Pouvez-vous fournir un service OEM&amp;ODM ou personnaliser notre logo ?<\/span>\n\t\t\t\t\t\t\t\t<\/div>\n\t\t\t\t\t\t\t\t<div class=\"uael-accordion-content\" role=\"tabpanel\">\n\t\t\t\t\t\t\t\t\t<span>\n\t\t\t\t\t\t\t\t\t<span><p>Oui ! Nous pouvons personnaliser votre logo (veuillez nous autoriser \u00e0 le faire) et nos designers professionnels sont capables de concevoir vos produits en fonction de vos exigences pour les commandes ODM&amp;OEM.<\/p><\/span>\t\t\t\t\t\t\t\t\t<\/span>\n\t\t\t\t\t\t\t\t<\/div>\n\t\t\t\t\t\t\t<\/div>\n\t\t\t\t\t\t\t\t\t\t\t\t\t\t<div id=\"uael-accordion-3a0e6c4\" class=\"uael-faq-accordion\" role=\"tablist\">\n\t\t\t\t\t\t\t\t<div class= \"uael-accordion-title\" aria-expanded=\"false\" role=\"tab\">\n\t\t\t\t\t\t\t\t\t<span class=\"uael-accordion-icon uael-accordion-icon-left\">\n\t\t\t\t\t\t\t\t\t\t<span class=\"uael-accordion-icon-closed\"><svg class=\"e-font-icon-svg e-fas-angle-right\" viewbox=\"0 0 256 512\" xmlns=\"http:\/\/www.w3.org\/2000\/svg\"><path d=\"M224.3 273l-136 136c-9.4 9.4-24.6 9.4-33.9 0l-22.6-22.6c-9.4-9.4-9.4-24.6 0-33.9l96.4-96.4-96.4-96.4c-9.4-9.4-9.4-24.6 0-33.9L54.3 103c9.4-9.4 24.6-9.4 33.9 0l136 136c9.5 9.4 9.5 24.6.1 34z\"><\/path><\/svg><\/span>\n\t\t\t\t\t\t\t\t\t\t<span class=\"uael-accordion-icon-opened\"><svg class=\"e-font-icon-svg e-fas-angle-up\" viewbox=\"0 0 320 512\" xmlns=\"http:\/\/www.w3.org\/2000\/svg\"><path d=\"M177 159.7l136 136c9.4 9.4 9.4 24.6 0 33.9l-22.6 22.6c-9.4 9.4-24.6 9.4-33.9 0L160 255.9l-96.4 96.4c-9.4 9.4-24.6 9.4-33.9 0L7 329.7c-9.4-9.4-9.4-24.6 0-33.9l136-136c9.4-9.5 24.6-9.5 34-.1z\"><\/path><\/svg><\/span>\n\t\t\t\t\t\t\t\t\t<\/span>\n\t\t\t\t\t\t\t\t\t<span class=\"uael-question-3a0e6c4 uael-question-span\" tabindex=\"0\" id=\"uael-faq-7-69e1343475979\">Quels sont les modes de paiement accept\u00e9s ?<\/span>\n\t\t\t\t\t\t\t\t<\/div>\n\t\t\t\t\t\t\t\t<div class=\"uael-accordion-content\" role=\"tabpanel\">\n\t\t\t\t\t\t\t\t\t<span>\n\t\t\t\t\t\t\t\t\t<span><p>Nous acceptons T\/T, vous devez payer 30% de d\u00e9p\u00f4t \u00e0 l'avance, 70% de solde avant l'exp\u00e9dition.  D'autres m\u00e9thodes de paiement peuvent \u00e9galement \u00eatre communiqu\u00e9es.<\/p><\/span>\t\t\t\t\t\t\t\t\t<\/span>\n\t\t\t\t\t\t\t\t<\/div>\n\t\t\t\t\t\t\t<\/div>\n\t\t\t\t\t\t\t\t\t\t\t<\/div>\n\t\t\t<\/div>\n\t\t\t\t\t\t\t<\/div>\n\t\t\t\t<\/div>\n\t\t\t\t\t<\/div>\n\t\t\t\t<\/div>\n\t\t\t\t<\/div>\n\t\t<\/p>","protected":false},"excerpt":{"rendered":"<p>The wood chipper can process pine, miscellaneous wood, poplar, fir and root wood. Due to its compact structure, small floor space, good chip quality and low power consumption, it is suitable for mobile operation. It is widely used in the material preparation stage of small and medium-sized particleboard and fiberboard production enterprises, and can also [&hellip;]<\/p>","protected":false},"featured_media":4856,"template":"","meta":{"_seopress_robots_primary_cat":"none","_seopress_titles_title":"","_seopress_titles_desc":"","_seopress_robots_index":"","site-sidebar-layout":"default","site-content-layout":"","ast-site-content-layout":"default","site-content-style":"default","site-sidebar-style":"default","ast-global-header-display":"","ast-banner-title-visibility":"","ast-main-header-display":"","ast-hfb-above-header-display":"","ast-hfb-below-header-display":"","ast-hfb-mobile-header-display":"","site-post-title":"","ast-breadcrumbs-content":"","ast-featured-img":"","footer-sml-layout":"","theme-transparent-header-meta":"default","adv-header-id-meta":"","stick-header-meta":"default","header-above-stick-meta":"","header-main-stick-meta":"","header-below-stick-meta":"","astra-migrate-meta-layouts":"set","ast-page-background-enabled":"default","ast-page-background-meta":{"desktop":{"background-color":"","background-image":"","background-repeat":"repeat","background-position":"center center","background-size":"auto","background-attachment":"scroll","background-type":"","background-media":"","overlay-type":"","overlay-color":"","overlay-opacity":"","overlay-gradient":""},"tablet":{"background-color":"","background-image":"","background-repeat":"repeat","background-position":"center center","background-size":"auto","background-attachment":"scroll","background-type":"","background-media":"","overlay-type":"","overlay-color":"","overlay-opacity":"","overlay-gradient":""},"mobile":{"background-color":"","background-image":"","background-repeat":"repeat","background-position":"center center","background-size":"auto","background-attachment":"scroll","background-type":"","background-media":"","overlay-type":"","overlay-color":"","overlay-opacity":"","overlay-gradient":""}},"ast-content-background-meta":{"desktop":{"background-color":"var(--ast-global-color-5)","background-image":"","background-repeat":"repeat","background-position":"center center","background-size":"auto","background-attachment":"scroll","background-type":"","background-media":"","overlay-type":"","overlay-color":"","overlay-opacity":"","overlay-gradient":""},"tablet":{"background-color":"var(--ast-global-color-5)","background-image":"","background-repeat":"repeat","background-position":"center center","background-size":"auto","background-attachment":"scroll","background-type":"","background-media":"","overlay-type":"","overlay-color":"","overlay-opacity":"","overlay-gradient":""},"mobile":{"background-color":"var(--ast-global-color-5)","background-image":"","background-repeat":"repeat","background-position":"center center","background-size":"auto","background-attachment":"scroll","background-type":"","background-media":"","overlay-type":"","overlay-color":"","overlay-opacity":"","overlay-gradient":""}}},"product_brand":[],"product_cat":[83],"product_tag":[],"class_list":{"0":"post-4853","1":"product","2":"type-product","3":"status-publish","4":"has-post-thumbnail","6":"product_cat-single-port-wood-crusher","7":"desktop-align-left","8":"tablet-align-left","9":"mobile-align-left","10":"ast-product-gallery-layout-horizontal-slider","11":"ast-product-tabs-layout-horizontal","13":"first","14":"instock","15":"featured","16":"shipping-taxable","17":"product-type-simple"},"_links":{"self":[{"href":"https:\/\/www.shengjiamachine.com\/fr\/wp-json\/wp\/v2\/product\/4853","targetHints":{"allow":["GET"]}}],"collection":[{"href":"https:\/\/www.shengjiamachine.com\/fr\/wp-json\/wp\/v2\/product"}],"about":[{"href":"https:\/\/www.shengjiamachine.com\/fr\/wp-json\/wp\/v2\/types\/product"}],"wp:featuredmedia":[{"embeddable":true,"href":"https:\/\/www.shengjiamachine.com\/fr\/wp-json\/wp\/v2\/media\/4856"}],"wp:attachment":[{"href":"https:\/\/www.shengjiamachine.com\/fr\/wp-json\/wp\/v2\/media?parent=4853"}],"wp:term":[{"taxonomy":"product_brand","embeddable":true,"href":"https:\/\/www.shengjiamachine.com\/fr\/wp-json\/wp\/v2\/product_brand?post=4853"},{"taxonomy":"product_cat","embeddable":true,"href":"https:\/\/www.shengjiamachine.com\/fr\/wp-json\/wp\/v2\/product_cat?post=4853"},{"taxonomy":"product_tag","embeddable":true,"href":"https:\/\/www.shengjiamachine.com\/fr\/wp-json\/wp\/v2\/product_tag?post=4853"}],"curies":[{"name":"wp","href":"https:\/\/api.w.org\/{rel}","templated":true}]}}