{"id":4393,"date":"2025-07-09T14:55:45","date_gmt":"2025-07-09T14:55:45","guid":{"rendered":"https:\/\/shengjiamachine.com\/?post_type=product&#038;p=4393"},"modified":"2025-07-24T13:33:20","modified_gmt":"2025-07-24T13:33:20","slug":"jaw-crusher","status":"publish","type":"product","link":"https:\/\/www.shengjiamachine.com\/fr\/produit\/jaw-crusher\/","title":{"rendered":"Concasseur \u00e0 m\u00e2choires"},"content":{"rendered":"<p><img alt=\"\" fetchpriority=\"high\" decoding=\"async\" class=\"aligncenter wp-image-4805\" src=\"https:\/\/shengjiamachine.com\/wp-content\/uploads\/2025\/07\/\u53c2\u6570\u82f1\u6587\u7248-1.jpg\" width=\"1000\" height=\"1000\" srcset=\"https:\/\/www.shengjiamachine.com\/wp-content\/uploads\/2025\/07\/\u53c2\u6570\u82f1\u6587\u7248-1.jpg 800w, https:\/\/www.shengjiamachine.com\/wp-content\/uploads\/2025\/07\/\u53c2\u6570\u82f1\u6587\u7248-1-300x300.jpg 300w, https:\/\/www.shengjiamachine.com\/wp-content\/uploads\/2025\/07\/\u53c2\u6570\u82f1\u6587\u7248-1-150x150.jpg 150w, https:\/\/www.shengjiamachine.com\/wp-content\/uploads\/2025\/07\/\u53c2\u6570\u82f1\u6587\u7248-1-768x768.jpg 768w, https:\/\/www.shengjiamachine.com\/wp-content\/uploads\/2025\/07\/\u53c2\u6570\u82f1\u6587\u7248-1-12x12.jpg 12w, https:\/\/www.shengjiamachine.com\/wp-content\/uploads\/2025\/07\/\u53c2\u6570\u82f1\u6587\u7248-1-600x600.jpg 600w, https:\/\/www.shengjiamachine.com\/wp-content\/uploads\/2025\/07\/\u53c2\u6570\u82f1\u6587\u7248-1-100x100.jpg 100w\" sizes=\"(max-width: 1000px) 100vw, 1000px\" \/><\/p>\n<p><img alt=\"\" decoding=\"async\" class=\"alignnone wp-image-4806\" src=\"https:\/\/shengjiamachine.com\/wp-content\/uploads\/2025\/07\/\u7ec6\u8282\u56fe-1.jpg\" width=\"1000\" height=\"1415\" srcset=\"https:\/\/www.shengjiamachine.com\/wp-content\/uploads\/2025\/07\/\u7ec6\u8282\u56fe-1.jpg 1587w, https:\/\/www.shengjiamachine.com\/wp-content\/uploads\/2025\/07\/\u7ec6\u8282\u56fe-1-212x300.jpg 212w, https:\/\/www.shengjiamachine.com\/wp-content\/uploads\/2025\/07\/\u7ec6\u8282\u56fe-1-724x1024.jpg 724w, https:\/\/www.shengjiamachine.com\/wp-content\/uploads\/2025\/07\/\u7ec6\u8282\u56fe-1-768x1086.jpg 768w, https:\/\/www.shengjiamachine.com\/wp-content\/uploads\/2025\/07\/\u7ec6\u8282\u56fe-1-1086x1536.jpg 1086w, https:\/\/www.shengjiamachine.com\/wp-content\/uploads\/2025\/07\/\u7ec6\u8282\u56fe-1-1448x2048.jpg 1448w, https:\/\/www.shengjiamachine.com\/wp-content\/uploads\/2025\/07\/\u7ec6\u8282\u56fe-1-8x12.jpg 8w, https:\/\/www.shengjiamachine.com\/wp-content\/uploads\/2025\/07\/\u7ec6\u8282\u56fe-1-600x849.jpg 600w\" sizes=\"(max-width: 1000px) 100vw, 1000px\" \/><\/p>\n<p>Les concasseurs \u00e0 m\u00e2choires sont principalement utilis\u00e9s dans des secteurs industriels tels que la m\u00e9tallurgie, l'exploitation mini\u00e8re, l'ing\u00e9nierie chimique, le ciment, la construction, les mat\u00e9riaux r\u00e9fractaires et la c\u00e9ramique pour le concassage moyen et fin de divers minerais et roches moyennement durs. Cette machine se caract\u00e9rise par un rapport de concassage \u00e9lev\u00e9, une granulom\u00e9trie uniforme, une structure simple, un fonctionnement fiable, une maintenance ais\u00e9e et un bon rapport co\u00fbt-efficacit\u00e9. Elle est largement utilis\u00e9e dans diverses industries.<\/p>\n<p><img alt=\"\" decoding=\"async\" class=\"alignnone wp-image-4807\" src=\"https:\/\/shengjiamachine.com\/wp-content\/uploads\/2025\/07\/\u5e94\u7528\u8303\u56f4-1.jpg\" width=\"1000\" height=\"941\" srcset=\"https:\/\/www.shengjiamachine.com\/wp-content\/uploads\/2025\/07\/\u5e94\u7528\u8303\u56f4-1.jpg 790w, https:\/\/www.shengjiamachine.com\/wp-content\/uploads\/2025\/07\/\u5e94\u7528\u8303\u56f4-1-300x282.jpg 300w, https:\/\/www.shengjiamachine.com\/wp-content\/uploads\/2025\/07\/\u5e94\u7528\u8303\u56f4-1-768x722.jpg 768w, https:\/\/www.shengjiamachine.com\/wp-content\/uploads\/2025\/07\/\u5e94\u7528\u8303\u56f4-1-13x12.jpg 13w, https:\/\/www.shengjiamachine.com\/wp-content\/uploads\/2025\/07\/\u5e94\u7528\u8303\u56f4-1-600x564.jpg 600w\" sizes=\"(max-width: 1000px) 100vw, 1000px\" \/><br \/>\nLe convoyeur \u00e0 bande mobile du concasseur \u00e0 m\u00e2choires peut \u00eatre \u00e9quip\u00e9 d'un moteur diesel ou \u00e9lectrique, et peut choisir le mod\u00e8le h\u00f4te en fonction de la production, en fonction des diff\u00e9rents environnements de travail et des caract\u00e9ristiques des mat\u00e9riaux de la conception personnalis\u00e9e, qu'il s'agisse d'un convoyeur plan ou d'un convoyeur inclin\u00e9, le convoyeur \u00e0 bande peut \u00eatre adapt\u00e9 de mani\u00e8re flexible. Lorsque le mat\u00e9riau est cass\u00e9 par la machine principale, le convoyeur \u00e0 bande suivant peut transporter le mat\u00e9riau cass\u00e9 \u00e0 l'endroit correspondant. Le concasseur \u00e0 m\u00e2choires avec convoyeur \u00e0 bande a une structure simple, un fonctionnement stable et une maintenance relativement facile.<\/p>\n<p><img alt=\"\" loading=\"lazy\" decoding=\"async\" class=\"alignnone wp-image-4808\" src=\"https:\/\/shengjiamachine.com\/wp-content\/uploads\/2025\/07\/\u7c89\u788e\u524d\u540e.jpg\" width=\"1000\" height=\"1588\" srcset=\"https:\/\/www.shengjiamachine.com\/wp-content\/uploads\/2025\/07\/\u7c89\u788e\u524d\u540e.jpg 750w, https:\/\/www.shengjiamachine.com\/wp-content\/uploads\/2025\/07\/\u7c89\u788e\u524d\u540e-189x300.jpg 189w, https:\/\/www.shengjiamachine.com\/wp-content\/uploads\/2025\/07\/\u7c89\u788e\u524d\u540e-645x1024.jpg 645w, https:\/\/www.shengjiamachine.com\/wp-content\/uploads\/2025\/07\/\u7c89\u788e\u524d\u540e-8x12.jpg 8w, https:\/\/www.shengjiamachine.com\/wp-content\/uploads\/2025\/07\/\u7c89\u788e\u524d\u540e-600x953.jpg 600w\" sizes=\"(max-width: 1000px) 100vw, 1000px\" \/><\/p>\n<p><img alt=\"\" loading=\"lazy\" decoding=\"async\" class=\"alignnone wp-image-4809\" src=\"https:\/\/shengjiamachine.com\/wp-content\/uploads\/2025\/07\/\u6211\u4eec\u7684\u670d\u52a1.jpg\" width=\"1000\" height=\"1000\" srcset=\"https:\/\/www.shengjiamachine.com\/wp-content\/uploads\/2025\/07\/\u6211\u4eec\u7684\u670d\u52a1.jpg 750w, https:\/\/www.shengjiamachine.com\/wp-content\/uploads\/2025\/07\/\u6211\u4eec\u7684\u670d\u52a1-300x300.jpg 300w, https:\/\/www.shengjiamachine.com\/wp-content\/uploads\/2025\/07\/\u6211\u4eec\u7684\u670d\u52a1-150x150.jpg 150w, https:\/\/www.shengjiamachine.com\/wp-content\/uploads\/2025\/07\/\u6211\u4eec\u7684\u670d\u52a1-12x12.jpg 12w, https:\/\/www.shengjiamachine.com\/wp-content\/uploads\/2025\/07\/\u6211\u4eec\u7684\u670d\u52a1-600x600.jpg 600w, https:\/\/www.shengjiamachine.com\/wp-content\/uploads\/2025\/07\/\u6211\u4eec\u7684\u670d\u52a1-100x100.jpg 100w\" sizes=\"(max-width: 1000px) 100vw, 1000px\" \/><\/p>\n\t\t<div data-elementor-type=\"section\" data-elementor-id=\"4757\" class=\"elementor elementor-4757\" data-elementor-post-type=\"elementor_library\">\n\t\t\t<div class=\"elementor-element elementor-element-127464e e-flex e-con-boxed e-con e-parent\" data-id=\"127464e\" data-element_type=\"container\" data-e-type=\"container\">\n\t\t\t\t\t<div class=\"e-con-inner\">\n\t\t\t\t<div class=\"elementor-element elementor-element-df83e39 uael-faq-box-layout-yes align-at-left elementor-widget elementor-widget-uael-faq\" data-id=\"df83e39\" data-element_type=\"widget\" data-e-type=\"widget\" data-widget_type=\"uael-faq.default\">\n\t\t\t\t\t\t<div class=\"elementor-widget-container\">\n\t\t\t\t\t\n\t\t\t<div id='uael-faq-wrapper-234' class=\"uael-faq-wrapper\">\n\t\t\t\t<div class=\"uael-faq-container uael-faq-layout-accordion\" data-layout=\"accordion\" >\n\t\t\t\t\t\t\t\t\t\t\t\t<div id=\"uael-accordion-cb8950e\" class=\"uael-faq-accordion\" role=\"tablist\">\n\t\t\t\t\t\t\t\t<div class= \"uael-accordion-title\" aria-expanded=\"false\" role=\"tab\">\n\t\t\t\t\t\t\t\t\t<span class=\"uael-accordion-icon uael-accordion-icon-left\">\n\t\t\t\t\t\t\t\t\t\t<span class=\"uael-accordion-icon-closed\"><svg class=\"e-font-icon-svg e-fas-angle-right\" viewbox=\"0 0 256 512\" xmlns=\"http:\/\/www.w3.org\/2000\/svg\"><path d=\"M224.3 273l-136 136c-9.4 9.4-24.6 9.4-33.9 0l-22.6-22.6c-9.4-9.4-9.4-24.6 0-33.9l96.4-96.4-96.4-96.4c-9.4-9.4-9.4-24.6 0-33.9L54.3 103c9.4-9.4 24.6-9.4 33.9 0l136 136c9.5 9.4 9.5 24.6.1 34z\"><\/path><\/svg><\/span>\n\t\t\t\t\t\t\t\t\t\t<span class=\"uael-accordion-icon-opened\"><svg class=\"e-font-icon-svg e-fas-angle-up\" viewbox=\"0 0 320 512\" xmlns=\"http:\/\/www.w3.org\/2000\/svg\"><path d=\"M177 159.7l136 136c9.4 9.4 9.4 24.6 0 33.9l-22.6 22.6c-9.4 9.4-24.6 9.4-33.9 0L160 255.9l-96.4 96.4c-9.4 9.4-24.6 9.4-33.9 0L7 329.7c-9.4-9.4-9.4-24.6 0-33.9l136-136c9.4-9.5 24.6-9.5 34-.1z\"><\/path><\/svg><\/span>\n\t\t\t\t\t\t\t\t\t<\/span>\n\t\t\t\t\t\t\t\t\t<span class=\"uael-question-cb8950e uael-question-span\" tabindex=\"0\" id=\"uael-faq-1-69e135d1dc9c8\">What is the MOQ for your  Jaw crusher?<\/span>\n\t\t\t\t\t\t\t\t<\/div>\n\t\t\t\t\t\t\t\t<div class=\"uael-accordion-content\" role=\"tabpanel\">\n\t\t\t\t\t\t\t\t\t<span>\n\t\t\t\t\t\t\t\t\t<span><p>Notre MOQ est de 1 jeu. Bienvenue aux OEM. Nous pouvons produire selon la demande du client.<\/p><\/span>\t\t\t\t\t\t\t\t\t<\/span>\n\t\t\t\t\t\t\t\t<\/div>\n\t\t\t\t\t\t\t<\/div>\n\t\t\t\t\t\t\t\t\t\t\t\t\t\t<div id=\"uael-accordion-b63c34a\" class=\"uael-faq-accordion\" role=\"tablist\">\n\t\t\t\t\t\t\t\t<div class= \"uael-accordion-title\" aria-expanded=\"false\" role=\"tab\">\n\t\t\t\t\t\t\t\t\t<span class=\"uael-accordion-icon uael-accordion-icon-left\">\n\t\t\t\t\t\t\t\t\t\t<span class=\"uael-accordion-icon-closed\"><svg class=\"e-font-icon-svg e-fas-angle-right\" viewbox=\"0 0 256 512\" xmlns=\"http:\/\/www.w3.org\/2000\/svg\"><path d=\"M224.3 273l-136 136c-9.4 9.4-24.6 9.4-33.9 0l-22.6-22.6c-9.4-9.4-9.4-24.6 0-33.9l96.4-96.4-96.4-96.4c-9.4-9.4-9.4-24.6 0-33.9L54.3 103c9.4-9.4 24.6-9.4 33.9 0l136 136c9.5 9.4 9.5 24.6.1 34z\"><\/path><\/svg><\/span>\n\t\t\t\t\t\t\t\t\t\t<span class=\"uael-accordion-icon-opened\"><svg class=\"e-font-icon-svg e-fas-angle-up\" viewbox=\"0 0 320 512\" xmlns=\"http:\/\/www.w3.org\/2000\/svg\"><path d=\"M177 159.7l136 136c9.4 9.4 9.4 24.6 0 33.9l-22.6 22.6c-9.4 9.4-24.6 9.4-33.9 0L160 255.9l-96.4 96.4c-9.4 9.4-24.6 9.4-33.9 0L7 329.7c-9.4-9.4-9.4-24.6 0-33.9l136-136c9.4-9.5 24.6-9.5 34-.1z\"><\/path><\/svg><\/span>\n\t\t\t\t\t\t\t\t\t<\/span>\n\t\t\t\t\t\t\t\t\t<span class=\"uael-question-b63c34a uael-question-span\" tabindex=\"0\" id=\"uael-faq-2-69e135d1dcbb3\">Vous \u00eates une usine ou une soci\u00e9t\u00e9 commerciale ? <\/span>\n\t\t\t\t\t\t\t\t<\/div>\n\t\t\t\t\t\t\t\t<div class=\"uael-accordion-content\" role=\"tabpanel\">\n\t\t\t\t\t\t\t\t\t<span>\n\t\t\t\t\t\t\t\t\t<span><p>Nous sommes une ancienne usine engag\u00e9e dans l'industrie 19. Notre technologie et notre qualit\u00e9 peuvent \u00eatre garanties. Nous pouvons \u00e9galement fournir des services personnalis\u00e9s. Nous avons besoin d'au moins cinq unit\u00e9s.<\/p><\/span>\t\t\t\t\t\t\t\t\t<\/span>\n\t\t\t\t\t\t\t\t<\/div>\n\t\t\t\t\t\t\t<\/div>\n\t\t\t\t\t\t\t\t\t\t\t\t\t\t<div id=\"uael-accordion-55b084a\" class=\"uael-faq-accordion\" role=\"tablist\">\n\t\t\t\t\t\t\t\t<div class= \"uael-accordion-title\" aria-expanded=\"false\" role=\"tab\">\n\t\t\t\t\t\t\t\t\t<span class=\"uael-accordion-icon uael-accordion-icon-left\">\n\t\t\t\t\t\t\t\t\t\t<span class=\"uael-accordion-icon-closed\"><svg class=\"e-font-icon-svg e-fas-angle-right\" viewbox=\"0 0 256 512\" xmlns=\"http:\/\/www.w3.org\/2000\/svg\"><path d=\"M224.3 273l-136 136c-9.4 9.4-24.6 9.4-33.9 0l-22.6-22.6c-9.4-9.4-9.4-24.6 0-33.9l96.4-96.4-96.4-96.4c-9.4-9.4-9.4-24.6 0-33.9L54.3 103c9.4-9.4 24.6-9.4 33.9 0l136 136c9.5 9.4 9.5 24.6.1 34z\"><\/path><\/svg><\/span>\n\t\t\t\t\t\t\t\t\t\t<span class=\"uael-accordion-icon-opened\"><svg class=\"e-font-icon-svg e-fas-angle-up\" viewbox=\"0 0 320 512\" xmlns=\"http:\/\/www.w3.org\/2000\/svg\"><path d=\"M177 159.7l136 136c9.4 9.4 9.4 24.6 0 33.9l-22.6 22.6c-9.4 9.4-24.6 9.4-33.9 0L160 255.9l-96.4 96.4c-9.4 9.4-24.6 9.4-33.9 0L7 329.7c-9.4-9.4-9.4-24.6 0-33.9l136-136c9.4-9.5 24.6-9.5 34-.1z\"><\/path><\/svg><\/span>\n\t\t\t\t\t\t\t\t\t<\/span>\n\t\t\t\t\t\t\t\t\t<span class=\"uael-question-55b084a uael-question-span\" tabindex=\"0\" id=\"uael-faq-3-69e135d1dcc1a\">Quelle est la qualit\u00e9 de la machine ?<\/span>\n\t\t\t\t\t\t\t\t<\/div>\n\t\t\t\t\t\t\t\t<div class=\"uael-accordion-content\" role=\"tabpanel\">\n\t\t\t\t\t\t\t\t\t<span>\n\t\t\t\t\t\t\t\t\t<span><p>\u00a0<\/p><p>Nous sommes dans l'industrie depuis plus de 10 ans, la technologie et la qualit\u00e9 peuvent \u00eatre garanties, nous pouvons \u00e9galement fournir des services personnalis\u00e9s, besoin d'au moins 5 ensembles ou plus.<\/p><\/span>\t\t\t\t\t\t\t\t\t<\/span>\n\t\t\t\t\t\t\t\t<\/div>\n\t\t\t\t\t\t\t<\/div>\n\t\t\t\t\t\t\t\t\t\t\t\t\t\t<div id=\"uael-accordion-deaac9f\" class=\"uael-faq-accordion\" role=\"tablist\">\n\t\t\t\t\t\t\t\t<div class= \"uael-accordion-title\" aria-expanded=\"false\" role=\"tab\">\n\t\t\t\t\t\t\t\t\t<span class=\"uael-accordion-icon uael-accordion-icon-left\">\n\t\t\t\t\t\t\t\t\t\t<span class=\"uael-accordion-icon-closed\"><svg class=\"e-font-icon-svg e-fas-angle-right\" viewbox=\"0 0 256 512\" xmlns=\"http:\/\/www.w3.org\/2000\/svg\"><path d=\"M224.3 273l-136 136c-9.4 9.4-24.6 9.4-33.9 0l-22.6-22.6c-9.4-9.4-9.4-24.6 0-33.9l96.4-96.4-96.4-96.4c-9.4-9.4-9.4-24.6 0-33.9L54.3 103c9.4-9.4 24.6-9.4 33.9 0l136 136c9.5 9.4 9.5 24.6.1 34z\"><\/path><\/svg><\/span>\n\t\t\t\t\t\t\t\t\t\t<span class=\"uael-accordion-icon-opened\"><svg class=\"e-font-icon-svg e-fas-angle-up\" viewbox=\"0 0 320 512\" xmlns=\"http:\/\/www.w3.org\/2000\/svg\"><path d=\"M177 159.7l136 136c9.4 9.4 9.4 24.6 0 33.9l-22.6 22.6c-9.4 9.4-24.6 9.4-33.9 0L160 255.9l-96.4 96.4c-9.4 9.4-24.6 9.4-33.9 0L7 329.7c-9.4-9.4-9.4-24.6 0-33.9l136-136c9.4-9.5 24.6-9.5 34-.1z\"><\/path><\/svg><\/span>\n\t\t\t\t\t\t\t\t\t<\/span>\n\t\t\t\t\t\t\t\t\t<span class=\"uael-question-deaac9f uael-question-span\" tabindex=\"0\" id=\"uael-faq-4-69e135d1dcc7c\">Quel sera le type d'emballage ?<\/span>\n\t\t\t\t\t\t\t\t<\/div>\n\t\t\t\t\t\t\t\t<div class=\"uael-accordion-content\" role=\"tabpanel\">\n\t\t\t\t\t\t\t\t\t<span>\n\t\t\t\t\t\t\t\t\t<span><p>Il s'agit d'un emballage en bois contreplaqu\u00e9, adapt\u00e9 \u00e0 la livraison par voie maritime.<\/p><\/span>\t\t\t\t\t\t\t\t\t<\/span>\n\t\t\t\t\t\t\t\t<\/div>\n\t\t\t\t\t\t\t<\/div>\n\t\t\t\t\t\t\t\t\t\t\t\t\t\t<div id=\"uael-accordion-a694a7e\" class=\"uael-faq-accordion\" role=\"tablist\">\n\t\t\t\t\t\t\t\t<div class= \"uael-accordion-title\" aria-expanded=\"false\" role=\"tab\">\n\t\t\t\t\t\t\t\t\t<span class=\"uael-accordion-icon uael-accordion-icon-left\">\n\t\t\t\t\t\t\t\t\t\t<span class=\"uael-accordion-icon-closed\"><svg class=\"e-font-icon-svg e-fas-angle-right\" viewbox=\"0 0 256 512\" xmlns=\"http:\/\/www.w3.org\/2000\/svg\"><path d=\"M224.3 273l-136 136c-9.4 9.4-24.6 9.4-33.9 0l-22.6-22.6c-9.4-9.4-9.4-24.6 0-33.9l96.4-96.4-96.4-96.4c-9.4-9.4-9.4-24.6 0-33.9L54.3 103c9.4-9.4 24.6-9.4 33.9 0l136 136c9.5 9.4 9.5 24.6.1 34z\"><\/path><\/svg><\/span>\n\t\t\t\t\t\t\t\t\t\t<span class=\"uael-accordion-icon-opened\"><svg class=\"e-font-icon-svg e-fas-angle-up\" viewbox=\"0 0 320 512\" xmlns=\"http:\/\/www.w3.org\/2000\/svg\"><path d=\"M177 159.7l136 136c9.4 9.4 9.4 24.6 0 33.9l-22.6 22.6c-9.4 9.4-24.6 9.4-33.9 0L160 255.9l-96.4 96.4c-9.4 9.4-24.6 9.4-33.9 0L7 329.7c-9.4-9.4-9.4-24.6 0-33.9l136-136c9.4-9.5 24.6-9.5 34-.1z\"><\/path><\/svg><\/span>\n\t\t\t\t\t\t\t\t\t<\/span>\n\t\t\t\t\t\t\t\t\t<span class=\"uael-question-a694a7e uael-question-span\" tabindex=\"0\" id=\"uael-faq-5-69e135d1dccd9\">Pouvez-vous nous proposer un meilleur prix ?<\/span>\n\t\t\t\t\t\t\t\t<\/div>\n\t\t\t\t\t\t\t\t<div class=\"uael-accordion-content\" role=\"tabpanel\">\n\t\t\t\t\t\t\t\t\t<span>\n\t\t\t\t\t\t\t\t\t<span><p>Bien entendu, nous pouvons vous fournir un devis pr\u00e9cis en fonction de vos besoins sp\u00e9cifiques et du volume de votre commande.<\/p><\/span>\t\t\t\t\t\t\t\t\t<\/span>\n\t\t\t\t\t\t\t\t<\/div>\n\t\t\t\t\t\t\t<\/div>\n\t\t\t\t\t\t\t\t\t\t\t\t\t\t<div id=\"uael-accordion-cb632ca\" class=\"uael-faq-accordion\" role=\"tablist\">\n\t\t\t\t\t\t\t\t<div class= \"uael-accordion-title\" aria-expanded=\"false\" role=\"tab\">\n\t\t\t\t\t\t\t\t\t<span class=\"uael-accordion-icon uael-accordion-icon-left\">\n\t\t\t\t\t\t\t\t\t\t<span class=\"uael-accordion-icon-closed\"><svg class=\"e-font-icon-svg e-fas-angle-right\" viewbox=\"0 0 256 512\" xmlns=\"http:\/\/www.w3.org\/2000\/svg\"><path d=\"M224.3 273l-136 136c-9.4 9.4-24.6 9.4-33.9 0l-22.6-22.6c-9.4-9.4-9.4-24.6 0-33.9l96.4-96.4-96.4-96.4c-9.4-9.4-9.4-24.6 0-33.9L54.3 103c9.4-9.4 24.6-9.4 33.9 0l136 136c9.5 9.4 9.5 24.6.1 34z\"><\/path><\/svg><\/span>\n\t\t\t\t\t\t\t\t\t\t<span class=\"uael-accordion-icon-opened\"><svg class=\"e-font-icon-svg e-fas-angle-up\" viewbox=\"0 0 320 512\" xmlns=\"http:\/\/www.w3.org\/2000\/svg\"><path d=\"M177 159.7l136 136c9.4 9.4 9.4 24.6 0 33.9l-22.6 22.6c-9.4 9.4-24.6 9.4-33.9 0L160 255.9l-96.4 96.4c-9.4 9.4-24.6 9.4-33.9 0L7 329.7c-9.4-9.4-9.4-24.6 0-33.9l136-136c9.4-9.5 24.6-9.5 34-.1z\"><\/path><\/svg><\/span>\n\t\t\t\t\t\t\t\t\t<\/span>\n\t\t\t\t\t\t\t\t\t<span class=\"uael-question-cb632ca uael-question-span\" tabindex=\"0\" id=\"uael-faq-6-69e135d1dcd38\">Pouvez-vous fournir un service OEM&amp;ODM ou personnaliser notre logo ?<\/span>\n\t\t\t\t\t\t\t\t<\/div>\n\t\t\t\t\t\t\t\t<div class=\"uael-accordion-content\" role=\"tabpanel\">\n\t\t\t\t\t\t\t\t\t<span>\n\t\t\t\t\t\t\t\t\t<span><p>Oui ! Nous pouvons personnaliser votre logo (veuillez nous autoriser \u00e0 le faire) et nos designers professionnels sont capables de concevoir vos produits en fonction de vos exigences pour les commandes ODM&amp;OEM.<\/p><\/span>\t\t\t\t\t\t\t\t\t<\/span>\n\t\t\t\t\t\t\t\t<\/div>\n\t\t\t\t\t\t\t<\/div>\n\t\t\t\t\t\t\t\t\t\t\t\t\t\t<div id=\"uael-accordion-3a0e6c4\" class=\"uael-faq-accordion\" role=\"tablist\">\n\t\t\t\t\t\t\t\t<div class= \"uael-accordion-title\" aria-expanded=\"false\" role=\"tab\">\n\t\t\t\t\t\t\t\t\t<span class=\"uael-accordion-icon uael-accordion-icon-left\">\n\t\t\t\t\t\t\t\t\t\t<span class=\"uael-accordion-icon-closed\"><svg class=\"e-font-icon-svg e-fas-angle-right\" viewbox=\"0 0 256 512\" xmlns=\"http:\/\/www.w3.org\/2000\/svg\"><path d=\"M224.3 273l-136 136c-9.4 9.4-24.6 9.4-33.9 0l-22.6-22.6c-9.4-9.4-9.4-24.6 0-33.9l96.4-96.4-96.4-96.4c-9.4-9.4-9.4-24.6 0-33.9L54.3 103c9.4-9.4 24.6-9.4 33.9 0l136 136c9.5 9.4 9.5 24.6.1 34z\"><\/path><\/svg><\/span>\n\t\t\t\t\t\t\t\t\t\t<span class=\"uael-accordion-icon-opened\"><svg class=\"e-font-icon-svg e-fas-angle-up\" viewbox=\"0 0 320 512\" xmlns=\"http:\/\/www.w3.org\/2000\/svg\"><path d=\"M177 159.7l136 136c9.4 9.4 9.4 24.6 0 33.9l-22.6 22.6c-9.4 9.4-24.6 9.4-33.9 0L160 255.9l-96.4 96.4c-9.4 9.4-24.6 9.4-33.9 0L7 329.7c-9.4-9.4-9.4-24.6 0-33.9l136-136c9.4-9.5 24.6-9.5 34-.1z\"><\/path><\/svg><\/span>\n\t\t\t\t\t\t\t\t\t<\/span>\n\t\t\t\t\t\t\t\t\t<span class=\"uael-question-3a0e6c4 uael-question-span\" tabindex=\"0\" id=\"uael-faq-7-69e135d1dcd99\">Quels sont les modes de paiement accept\u00e9s ?<\/span>\n\t\t\t\t\t\t\t\t<\/div>\n\t\t\t\t\t\t\t\t<div class=\"uael-accordion-content\" role=\"tabpanel\">\n\t\t\t\t\t\t\t\t\t<span>\n\t\t\t\t\t\t\t\t\t<span><p>Nous acceptons T\/T, vous devez payer 30% de d\u00e9p\u00f4t \u00e0 l'avance, 70% de solde avant l'exp\u00e9dition.  D'autres m\u00e9thodes de paiement peuvent \u00e9galement \u00eatre communiqu\u00e9es.<\/p><\/span>\t\t\t\t\t\t\t\t\t<\/span>\n\t\t\t\t\t\t\t\t<\/div>\n\t\t\t\t\t\t\t<\/div>\n\t\t\t\t\t\t\t\t\t\t\t<\/div>\n\t\t\t<\/div>\n\t\t\t\t\t\t\t<\/div>\n\t\t\t\t<\/div>\n\t\t\t\t\t<\/div>\n\t\t\t\t<\/div>\n\t\t\t\t<\/div>","protected":false},"excerpt":{"rendered":"<p>Jaw crushers are mainly used in industrial sectors such as metallurgy, mining, chemical engineering, cement, construction, refractory materials, and ceramics for medium and fine crushing of various medium-hard ores and rocks. This machine features a high crushing ratio, uniform product particle size, simple structure, reliable operation, convenient maintenance and cost-effectiveness. It is widely used in [&hellip;]<\/p>","protected":false},"featured_media":4396,"template":"","meta":{"_seopress_robots_primary_cat":"none","_seopress_titles_title":"","_seopress_titles_desc":"","_seopress_robots_index":"","site-sidebar-layout":"default","site-content-layout":"","ast-site-content-layout":"default","site-content-style":"default","site-sidebar-style":"default","ast-global-header-display":"","ast-banner-title-visibility":"","ast-main-header-display":"","ast-hfb-above-header-display":"","ast-hfb-below-header-display":"","ast-hfb-mobile-header-display":"","site-post-title":"","ast-breadcrumbs-content":"","ast-featured-img":"","footer-sml-layout":"","theme-transparent-header-meta":"default","adv-header-id-meta":"","stick-header-meta":"default","header-above-stick-meta":"","header-main-stick-meta":"","header-below-stick-meta":"","astra-migrate-meta-layouts":"set","ast-page-background-enabled":"default","ast-page-background-meta":{"desktop":{"background-color":"","background-image":"","background-repeat":"repeat","background-position":"center center","background-size":"auto","background-attachment":"scroll","background-type":"","background-media":"","overlay-type":"","overlay-color":"","overlay-opacity":"","overlay-gradient":""},"tablet":{"background-color":"","background-image":"","background-repeat":"repeat","background-position":"center center","background-size":"auto","background-attachment":"scroll","background-type":"","background-media":"","overlay-type":"","overlay-color":"","overlay-opacity":"","overlay-gradient":""},"mobile":{"background-color":"","background-image":"","background-repeat":"repeat","background-position":"center center","background-size":"auto","background-attachment":"scroll","background-type":"","background-media":"","overlay-type":"","overlay-color":"","overlay-opacity":"","overlay-gradient":""}},"ast-content-background-meta":{"desktop":{"background-color":"var(--ast-global-color-5)","background-image":"","background-repeat":"repeat","background-position":"center center","background-size":"auto","background-attachment":"scroll","background-type":"","background-media":"","overlay-type":"","overlay-color":"","overlay-opacity":"","overlay-gradient":""},"tablet":{"background-color":"var(--ast-global-color-5)","background-image":"","background-repeat":"repeat","background-position":"center center","background-size":"auto","background-attachment":"scroll","background-type":"","background-media":"","overlay-type":"","overlay-color":"","overlay-opacity":"","overlay-gradient":""},"mobile":{"background-color":"var(--ast-global-color-5)","background-image":"","background-repeat":"repeat","background-position":"center center","background-size":"auto","background-attachment":"scroll","background-type":"","background-media":"","overlay-type":"","overlay-color":"","overlay-opacity":"","overlay-gradient":""}}},"product_brand":[],"product_cat":[76],"product_tag":[],"class_list":{"0":"post-4393","1":"product","2":"type-product","3":"status-publish","4":"has-post-thumbnail","6":"product_cat-jaw-crusher","7":"desktop-align-left","8":"tablet-align-left","9":"mobile-align-left","10":"ast-product-gallery-layout-horizontal-slider","11":"ast-product-tabs-layout-horizontal","13":"first","14":"instock","15":"featured","16":"shipping-taxable","17":"product-type-simple"},"_links":{"self":[{"href":"https:\/\/www.shengjiamachine.com\/fr\/wp-json\/wp\/v2\/product\/4393","targetHints":{"allow":["GET"]}}],"collection":[{"href":"https:\/\/www.shengjiamachine.com\/fr\/wp-json\/wp\/v2\/product"}],"about":[{"href":"https:\/\/www.shengjiamachine.com\/fr\/wp-json\/wp\/v2\/types\/product"}],"wp:featuredmedia":[{"embeddable":true,"href":"https:\/\/www.shengjiamachine.com\/fr\/wp-json\/wp\/v2\/media\/4396"}],"wp:attachment":[{"href":"https:\/\/www.shengjiamachine.com\/fr\/wp-json\/wp\/v2\/media?parent=4393"}],"wp:term":[{"taxonomy":"product_brand","embeddable":true,"href":"https:\/\/www.shengjiamachine.com\/fr\/wp-json\/wp\/v2\/product_brand?post=4393"},{"taxonomy":"product_cat","embeddable":true,"href":"https:\/\/www.shengjiamachine.com\/fr\/wp-json\/wp\/v2\/product_cat?post=4393"},{"taxonomy":"product_tag","embeddable":true,"href":"https:\/\/www.shengjiamachine.com\/fr\/wp-json\/wp\/v2\/product_tag?post=4393"}],"curies":[{"name":"wp","href":"https:\/\/api.w.org\/{rel}","templated":true}]}}