{"id":4463,"date":"2025-07-09T22:27:58","date_gmt":"2025-07-09T22:27:58","guid":{"rendered":"https:\/\/shengjiamachine.com\/?page_id=4463"},"modified":"2025-07-31T13:11:10","modified_gmt":"2025-07-31T13:11:10","slug":"company-profile","status":"publish","type":"page","link":"https:\/\/www.shengjiamachine.com\/fr\/company-profile\/","title":{"rendered":"Profil de l'entreprise"},"content":{"rendered":"<div data-elementor-type=\"wp-page\" data-elementor-id=\"4463\" class=\"elementor elementor-4463\" data-elementor-post-type=\"page\">\n\t\t\t\t<div class=\"elementor-element elementor-element-b8a908d e-con-full e-flex e-con e-parent\" data-id=\"b8a908d\" data-element_type=\"container\" data-e-type=\"container\">\n\t\t\t\t<div class=\"elementor-element elementor-element-b107296 elementor-widget elementor-widget-image\" data-id=\"b107296\" data-element_type=\"widget\" data-e-type=\"widget\" data-widget_type=\"image.default\">\n\t\t\t\t\t\t<div class=\"elementor-widget-container\">\n\t\t\t\t\t\t\t\t\t\t\t\t\t\t\t<img alt=\"\" fetchpriority=\"high\" decoding=\"async\" width=\"1920\" height=\"500\" src=\"https:\/\/www.shengjiamachine.com\/wp-content\/uploads\/2025\/07\/lianxi.jpg\" class=\"attachment-full size-full wp-image-5097\" srcset=\"https:\/\/www.shengjiamachine.com\/wp-content\/uploads\/2025\/07\/lianxi.jpg 1920w, https:\/\/www.shengjiamachine.com\/wp-content\/uploads\/2025\/07\/lianxi-300x78.jpg 300w, https:\/\/www.shengjiamachine.com\/wp-content\/uploads\/2025\/07\/lianxi-1024x267.jpg 1024w, https:\/\/www.shengjiamachine.com\/wp-content\/uploads\/2025\/07\/lianxi-768x200.jpg 768w, https:\/\/www.shengjiamachine.com\/wp-content\/uploads\/2025\/07\/lianxi-1536x400.jpg 1536w, https:\/\/www.shengjiamachine.com\/wp-content\/uploads\/2025\/07\/lianxi-18x5.jpg 18w, https:\/\/www.shengjiamachine.com\/wp-content\/uploads\/2025\/07\/lianxi-600x156.jpg 600w\" sizes=\"(max-width: 1920px) 100vw, 1920px\" \/>\t\t\t\t\t\t\t\t\t\t\t\t\t\t\t<\/div>\n\t\t\t\t<\/div>\n\t\t\t\t<\/div>\n\t\t<div class=\"elementor-element elementor-element-c09f18f e-flex e-con-boxed e-con e-parent\" data-id=\"c09f18f\" data-element_type=\"container\" data-e-type=\"container\">\n\t\t\t\t\t<div class=\"e-con-inner\">\n\t\t\t\t<div class=\"elementor-element elementor-element-8301e92 elementor-widget elementor-widget-text-editor\" data-id=\"8301e92\" data-element_type=\"widget\" data-e-type=\"widget\" data-widget_type=\"text-editor.default\">\n\t\t\t\t\t\t<div class=\"elementor-widget-container\">\n\t\t\t\t\t\t\t\t\t<p>Qufu Shengjia Heavy Industry Co. est situ\u00e9e dans la ville de Qufu, dans la province de Shandong, en Chine, la \"ville natale de Confucius\". Il s'agit d'une entreprise digne de confiance, dot\u00e9e d'une solide force technique, d'un excellent savoir-faire et d'une int\u00e9gration de la conception, de la production, de la vente et du service apr\u00e8s-vente d'\u00e9quipements m\u00e9caniques. Depuis sa cr\u00e9ation en 2006, l'entreprise a gagn\u00e9 la confiance et les \u00e9loges des utilisateurs gr\u00e2ce \u00e0 son \"excellente qualit\u00e9, sa belle forme, sa planification \u00e9conomique et raisonnable, et son service apr\u00e8s-vente parfait et complet\", et ses produits sont vendus dans le monde entier.<\/p><p>Notre usine est un fabricant professionnel de machines pour produits en ciment, de machines pour nouveaux mat\u00e9riaux de construction et d'\u00e9quipements de moulage de blocs pr\u00e9fabriqu\u00e9s. Elle fournit principalement des s\u00e9ries d'\u00e9quipements semi-automatiques et enti\u00e8rement automatiques pour blocs de b\u00e9ton (briques), des machines de pose de briques, des machines de ma\u00e7onnerie de pierres en bordure de route et divers \u00e9quipements de m\u00e9lange du b\u00e9ton pour les mat\u00e9riaux de construction, les syst\u00e8mes municipaux, les autoroutes, les syst\u00e8mes de conservation de l'eau, les chemins de fer, les syst\u00e8mes r\u00e9fractaires et autres. Il peut \u00eatre utilis\u00e9 pour produire diverses briques de ciment standard, des blocs creux, des briques de trottoir, des briques perm\u00e9ables \u00e0 l'environnement, des briques de jardin, des briques de plantation d'herbe, des briques de pierre d'autoroute, des briques de protection de pente, des briques de parking, des briques carr\u00e9es, des briques r\u00e9fractaires, des briques hydrauliques, etc.<\/p>\t\t\t\t\t\t\t\t<\/div>\n\t\t\t\t<\/div>\n\t\t\t\t<div class=\"elementor-element elementor-element-f291a08 elementor-widget elementor-widget-image\" data-id=\"f291a08\" data-element_type=\"widget\" data-e-type=\"widget\" data-widget_type=\"image.default\">\n\t\t\t\t\t\t<div class=\"elementor-widget-container\">\n\t\t\t\t\t\t\t\t\t\t\t\t\t\t\t<img decoding=\"async\" src=\"https:\/\/shengjiamachine.com\/wp-content\/uploads\/2025\/05\/\u516c\u53f8\u5927\u697c-1.jpg\" title=\"\" alt=\"\" loading=\"lazy\" \/>\t\t\t\t\t\t\t\t\t\t\t\t\t\t\t<\/div>\n\t\t\t\t<\/div>\n\t\t\t\t\t<\/div>\n\t\t\t\t<\/div>\n\t\t\t\t<\/div>","protected":false},"excerpt":{"rendered":"<p>Company Profile Qufu Shengjia Heavy Industry Co., Ltd. is located in Qufu City, Shandong Province, China, the &#8220;Hometown of Confucius&#8221;. It is a most trustworthy enterprise with strong technical force, excellent workmanship, and integration of mechanical equipment design, production, sales and after-sales service. Since its establishment in 2006, the company has won the trust and [&hellip;]<\/p>","protected":false},"author":1,"featured_media":0,"parent":0,"menu_order":0,"comment_status":"closed","ping_status":"closed","template":"","meta":{"_seopress_robots_primary_cat":"","_seopress_titles_title":"","_seopress_titles_desc":"","_seopress_robots_index":"","site-sidebar-layout":"no-sidebar","site-content-layout":"page-builder","ast-site-content-layout":"full-width-container","site-content-style":"default","site-sidebar-style":"default","ast-global-header-display":"","ast-banner-title-visibility":"","ast-main-header-display":"","ast-hfb-above-header-display":"","ast-hfb-below-header-display":"","ast-hfb-mobile-header-display":"","site-post-title":"disabled","ast-breadcrumbs-content":"","ast-featured-img":"disabled","footer-sml-layout":"","theme-transparent-header-meta":"","adv-header-id-meta":"","stick-header-meta":"","header-above-stick-meta":"","header-main-stick-meta":"","header-below-stick-meta":"","astra-migrate-meta-layouts":"set","ast-page-background-enabled":"default","ast-page-background-meta":{"desktop":{"background-color":"","background-image":"","background-repeat":"repeat","background-position":"center center","background-size":"auto","background-attachment":"scroll","background-type":"","background-media":"","overlay-type":"","overlay-color":"","overlay-opacity":"","overlay-gradient":""},"tablet":{"background-color":"","background-image":"","background-repeat":"repeat","background-position":"center center","background-size":"auto","background-attachment":"scroll","background-type":"","background-media":"","overlay-type":"","overlay-color":"","overlay-opacity":"","overlay-gradient":""},"mobile":{"background-color":"","background-image":"","background-repeat":"repeat","background-position":"center center","background-size":"auto","background-attachment":"scroll","background-type":"","background-media":"","overlay-type":"","overlay-color":"","overlay-opacity":"","overlay-gradient":""}},"ast-content-background-meta":{"desktop":{"background-color":"var(--ast-global-color-5)","background-image":"","background-repeat":"repeat","background-position":"center center","background-size":"auto","background-attachment":"scroll","background-type":"","background-media":"","overlay-type":"","overlay-color":"","overlay-opacity":"","overlay-gradient":""},"tablet":{"background-color":"var(--ast-global-color-5)","background-image":"","background-repeat":"repeat","background-position":"center center","background-size":"auto","background-attachment":"scroll","background-type":"","background-media":"","overlay-type":"","overlay-color":"","overlay-opacity":"","overlay-gradient":""},"mobile":{"background-color":"var(--ast-global-color-5)","background-image":"","background-repeat":"repeat","background-position":"center center","background-size":"auto","background-attachment":"scroll","background-type":"","background-media":"","overlay-type":"","overlay-color":"","overlay-opacity":"","overlay-gradient":""}},"footnotes":""},"class_list":["post-4463","page","type-page","status-publish","hentry"],"_links":{"self":[{"href":"https:\/\/www.shengjiamachine.com\/fr\/wp-json\/wp\/v2\/pages\/4463","targetHints":{"allow":["GET"]}}],"collection":[{"href":"https:\/\/www.shengjiamachine.com\/fr\/wp-json\/wp\/v2\/pages"}],"about":[{"href":"https:\/\/www.shengjiamachine.com\/fr\/wp-json\/wp\/v2\/types\/page"}],"author":[{"embeddable":true,"href":"https:\/\/www.shengjiamachine.com\/fr\/wp-json\/wp\/v2\/users\/1"}],"replies":[{"embeddable":true,"href":"https:\/\/www.shengjiamachine.com\/fr\/wp-json\/wp\/v2\/comments?post=4463"}],"version-history":[{"count":0,"href":"https:\/\/www.shengjiamachine.com\/fr\/wp-json\/wp\/v2\/pages\/4463\/revisions"}],"wp:attachment":[{"href":"https:\/\/www.shengjiamachine.com\/fr\/wp-json\/wp\/v2\/media?parent=4463"}],"curies":[{"name":"wp","href":"https:\/\/api.w.org\/{rel}","templated":true}]}}