{"id":4447,"date":"2025-07-09T22:22:44","date_gmt":"2025-07-09T22:22:44","guid":{"rendered":"https:\/\/shengjiamachine.com\/?page_id=4447"},"modified":"2025-07-30T06:17:41","modified_gmt":"2025-07-30T06:17:41","slug":"quality-concept","status":"publish","type":"page","link":"https:\/\/www.shengjiamachine.com\/fr\/quality-concept\/","title":{"rendered":"Concept de qualit\u00e9"},"content":{"rendered":"<div data-elementor-type=\"wp-page\" data-elementor-id=\"4447\" class=\"elementor elementor-4447\" data-elementor-post-type=\"page\">\n\t\t\t\t<div class=\"elementor-element elementor-element-623262c e-con-full e-flex e-con e-parent\" data-id=\"623262c\" data-element_type=\"container\" data-e-type=\"container\">\n\t\t\t\t<div class=\"elementor-element elementor-element-0299b75 elementor-widget elementor-widget-image\" data-id=\"0299b75\" data-element_type=\"widget\" data-e-type=\"widget\" data-widget_type=\"image.default\">\n\t\t\t\t\t\t<div class=\"elementor-widget-container\">\n\t\t\t\t\t\t\t\t\t\t\t\t\t\t\t<img alt=\"\" fetchpriority=\"high\" decoding=\"async\" width=\"1920\" height=\"480\" src=\"https:\/\/www.shengjiamachine.com\/wp-content\/uploads\/2025\/07\/zhiliang-1.jpg\" class=\"attachment-full size-full wp-image-5054\" srcset=\"https:\/\/www.shengjiamachine.com\/wp-content\/uploads\/2025\/07\/zhiliang-1.jpg 1920w, https:\/\/www.shengjiamachine.com\/wp-content\/uploads\/2025\/07\/zhiliang-1-300x75.jpg 300w, https:\/\/www.shengjiamachine.com\/wp-content\/uploads\/2025\/07\/zhiliang-1-1024x256.jpg 1024w, https:\/\/www.shengjiamachine.com\/wp-content\/uploads\/2025\/07\/zhiliang-1-768x192.jpg 768w, https:\/\/www.shengjiamachine.com\/wp-content\/uploads\/2025\/07\/zhiliang-1-1536x384.jpg 1536w, https:\/\/www.shengjiamachine.com\/wp-content\/uploads\/2025\/07\/zhiliang-1-18x5.jpg 18w, https:\/\/www.shengjiamachine.com\/wp-content\/uploads\/2025\/07\/zhiliang-1-600x150.jpg 600w\" sizes=\"(max-width: 1920px) 100vw, 1920px\" \/>\t\t\t\t\t\t\t\t\t\t\t\t\t\t\t<\/div>\n\t\t\t\t<\/div>\n\t\t\t\t<\/div>\n\t\t<div class=\"elementor-element elementor-element-92340ca e-flex e-con-boxed e-con e-parent\" data-id=\"92340ca\" data-element_type=\"container\" data-e-type=\"container\">\n\t\t\t\t\t<div class=\"e-con-inner\">\n\t\t\t\t<div class=\"elementor-element elementor-element-211f46e elementor-widget elementor-widget-text-editor\" data-id=\"211f46e\" data-element_type=\"widget\" data-e-type=\"widget\" data-widget_type=\"text-editor.default\">\n\t\t\t\t\t\t<div class=\"elementor-widget-container\">\n\t\t\t\t\t\t\t\t\t<p>La qualit\u00e9 est la vie d'une entreprise et le th\u00e8me \u00e9ternel de sa gestion. La mise en \u0153uvre de la politique du client d'abord, de la qualit\u00e9 d'abord et de l'am\u00e9lioration continue est notre qu\u00eate \u00e9ternelle. La qualit\u00e9 d'aujourd'hui sera le march\u00e9 de demain.<\/p>\t\t\t\t\t\t\t\t<\/div>\n\t\t\t\t<\/div>\n\t\t\t\t<div class=\"elementor-element elementor-element-d53c01b elementor-widget elementor-widget-text-editor\" data-id=\"d53c01b\" data-element_type=\"widget\" data-e-type=\"widget\" data-widget_type=\"text-editor.default\">\n\t\t\t\t\t\t<div class=\"elementor-widget-container\">\n\t\t\t\t\t\t\t\t\t<p>La qualit\u00e9 est l'image d'une entreprise, et un point de d\u00e9part \u00e9lev\u00e9, des normes rigoureuses, des r\u00e9compenses et des punitions strictes doivent \u00eatre mis en \u0153uvre. Quiconque enfreint la marque de la qualit\u00e9 des produits perdra son emploi. La qualit\u00e9 est d\u00e9sint\u00e9ress\u00e9e et ne conna\u00eet pas de limites.<\/p>\t\t\t\t\t\t\t\t<\/div>\n\t\t\t\t<\/div>\n\t\t\t\t<div class=\"elementor-element elementor-element-2b9a632 elementor-widget elementor-widget-text-editor\" data-id=\"2b9a632\" data-element_type=\"widget\" data-e-type=\"widget\" data-widget_type=\"text-editor.default\">\n\t\t\t\t\t\t<div class=\"elementor-widget-container\">\n\t\t\t\t\t\t\t\t\t<p>La qualit\u00e9 fait de la satisfaction de l'utilisateur la norme la plus \u00e9lev\u00e9e et r\u00e9pond \u00e0 ses besoins dans toute la mesure du possible, ce qui constitue le passeport pour les march\u00e9s nationaux et \u00e9trangers. Construisez votre carri\u00e8re sur la qualit\u00e9 et gagnez en r\u00e9putation.<\/p>\t\t\t\t\t\t\t\t<\/div>\n\t\t\t\t<\/div>\n\t\t\t\t<div class=\"elementor-element elementor-element-0d8f709 elementor-widget elementor-widget-text-editor\" data-id=\"0d8f709\" data-element_type=\"widget\" data-e-type=\"widget\" data-widget_type=\"text-editor.default\">\n\t\t\t\t\t\t<div class=\"elementor-widget-container\">\n\t\t\t\t\t\t\t\t\t<p>La qualit\u00e9 est la responsabilit\u00e9 de chaque employ\u00e9. La qualit\u00e9 n'est pas une mince affaire et la responsabilit\u00e9 est aussi lourde qu'une montagne. Nous devons nous concentrer sur la source, le syst\u00e8me juridique et la mise en \u0153uvre. Le produit est entre nos mains et la qualit\u00e9 est dans nos c\u0153urs.<\/p>\t\t\t\t\t\t\t\t<\/div>\n\t\t\t\t<\/div>\n\t\t\t\t<div class=\"elementor-element elementor-element-5652b66 elementor-widget elementor-widget-text-editor\" data-id=\"5652b66\" data-element_type=\"widget\" data-e-type=\"widget\" data-widget_type=\"text-editor.default\">\n\t\t\t\t\t\t<div class=\"elementor-widget-container\">\n\t\t\t\t\t\t\t\t\t<p>La qualit\u00e9 est un reflet global de la qualit\u00e9 d'une entreprise. Le travail de qualit\u00e9 doit s'adapter \u00e0 la nouvelle situation, r\u00e9soudre de nouveaux probl\u00e8mes et s'efforcer d'atteindre un nouveau niveau. \u00c0 mesure que la qualit\u00e9 s'am\u00e9liore, les entreprises gagnent en efficacit\u00e9.<\/p>\t\t\t\t\t\t\t\t<\/div>\n\t\t\t\t<\/div>\n\t\t\t\t\t<\/div>\n\t\t\t\t<\/div>\n\t\t\t\t<\/div>","protected":false},"excerpt":{"rendered":"<p>Quality concept Quality is the life of an enterprise and the eternal theme of enterprise management. Implementing the policy of customer first, quality first, and continuous improvement is our eternal pursuit. Today&#8217;s quality will be tomorrow&#8217;s market. Quality is the image of an enterprise, and a high starting point, high standards, and strict rewards and [&hellip;]<\/p>","protected":false},"author":1,"featured_media":0,"parent":0,"menu_order":0,"comment_status":"closed","ping_status":"closed","template":"","meta":{"_seopress_robots_primary_cat":"","_seopress_titles_title":"","_seopress_titles_desc":"","_seopress_robots_index":"","site-sidebar-layout":"no-sidebar","site-content-layout":"page-builder","ast-site-content-layout":"full-width-container","site-content-style":"default","site-sidebar-style":"default","ast-global-header-display":"","ast-banner-title-visibility":"","ast-main-header-display":"","ast-hfb-above-header-display":"","ast-hfb-below-header-display":"","ast-hfb-mobile-header-display":"","site-post-title":"disabled","ast-breadcrumbs-content":"","ast-featured-img":"disabled","footer-sml-layout":"","theme-transparent-header-meta":"","adv-header-id-meta":"","stick-header-meta":"","header-above-stick-meta":"","header-main-stick-meta":"","header-below-stick-meta":"","astra-migrate-meta-layouts":"set","ast-page-background-enabled":"default","ast-page-background-meta":{"desktop":{"background-color":"","background-image":"","background-repeat":"repeat","background-position":"center center","background-size":"auto","background-attachment":"scroll","background-type":"","background-media":"","overlay-type":"","overlay-color":"","overlay-opacity":"","overlay-gradient":""},"tablet":{"background-color":"","background-image":"","background-repeat":"repeat","background-position":"center center","background-size":"auto","background-attachment":"scroll","background-type":"","background-media":"","overlay-type":"","overlay-color":"","overlay-opacity":"","overlay-gradient":""},"mobile":{"background-color":"","background-image":"","background-repeat":"repeat","background-position":"center center","background-size":"auto","background-attachment":"scroll","background-type":"","background-media":"","overlay-type":"","overlay-color":"","overlay-opacity":"","overlay-gradient":""}},"ast-content-background-meta":{"desktop":{"background-color":"var(--ast-global-color-5)","background-image":"","background-repeat":"repeat","background-position":"center center","background-size":"auto","background-attachment":"scroll","background-type":"","background-media":"","overlay-type":"","overlay-color":"","overlay-opacity":"","overlay-gradient":""},"tablet":{"background-color":"var(--ast-global-color-5)","background-image":"","background-repeat":"repeat","background-position":"center center","background-size":"auto","background-attachment":"scroll","background-type":"","background-media":"","overlay-type":"","overlay-color":"","overlay-opacity":"","overlay-gradient":""},"mobile":{"background-color":"var(--ast-global-color-5)","background-image":"","background-repeat":"repeat","background-position":"center center","background-size":"auto","background-attachment":"scroll","background-type":"","background-media":"","overlay-type":"","overlay-color":"","overlay-opacity":"","overlay-gradient":""}},"footnotes":""},"class_list":["post-4447","page","type-page","status-publish","hentry"],"_links":{"self":[{"href":"https:\/\/www.shengjiamachine.com\/fr\/wp-json\/wp\/v2\/pages\/4447","targetHints":{"allow":["GET"]}}],"collection":[{"href":"https:\/\/www.shengjiamachine.com\/fr\/wp-json\/wp\/v2\/pages"}],"about":[{"href":"https:\/\/www.shengjiamachine.com\/fr\/wp-json\/wp\/v2\/types\/page"}],"author":[{"embeddable":true,"href":"https:\/\/www.shengjiamachine.com\/fr\/wp-json\/wp\/v2\/users\/1"}],"replies":[{"embeddable":true,"href":"https:\/\/www.shengjiamachine.com\/fr\/wp-json\/wp\/v2\/comments?post=4447"}],"version-history":[{"count":0,"href":"https:\/\/www.shengjiamachine.com\/fr\/wp-json\/wp\/v2\/pages\/4447\/revisions"}],"wp:attachment":[{"href":"https:\/\/www.shengjiamachine.com\/fr\/wp-json\/wp\/v2\/media?parent=4447"}],"curies":[{"name":"wp","href":"https:\/\/api.w.org\/{rel}","templated":true}]}}