{"id":5335,"date":"2025-10-20T02:06:04","date_gmt":"2025-10-20T02:06:04","guid":{"rendered":"https:\/\/www.shengjiamachine.com\/?post_type=product&#038;p=5335"},"modified":"2025-10-20T02:15:34","modified_gmt":"2025-10-20T02:15:34","slug":"vertical-compound-crusher","status":"publish","type":"product","link":"https:\/\/www.shengjiamachine.com\/es\/producto\/vertical-compound-crusher\/","title":{"rendered":"Trituradora compuesta vertical"},"content":{"rendered":"<p>Trituradora compuesta, trituradora compuesta vertical es una tecnolog\u00eda de trituraci\u00f3n similar nacional y extranjera integral, dise\u00f1o optimizado y desarrollo de los principales par\u00e1metros t\u00e9cnicos en un nuevo tipo de trituradora fina, se puede utilizar para dolomita, granito, basalto y otra arena artificial o pavimento de la carretera de procesamiento de piedra y trituraci\u00f3n.<\/p>\n<p><img alt=\"\" fetchpriority=\"high\" decoding=\"async\" class=\"size-full wp-image-5338 aligncenter\" src=\"https:\/\/www.shengjiamachine.com\/wp-content\/uploads\/2025\/10\/\u7ed3\u6784.jpg\" width=\"790\" height=\"790\" srcset=\"https:\/\/www.shengjiamachine.com\/wp-content\/uploads\/2025\/10\/\u7ed3\u6784.jpg 790w, https:\/\/www.shengjiamachine.com\/wp-content\/uploads\/2025\/10\/\u7ed3\u6784-300x300.jpg 300w, https:\/\/www.shengjiamachine.com\/wp-content\/uploads\/2025\/10\/\u7ed3\u6784-150x150.jpg 150w, https:\/\/www.shengjiamachine.com\/wp-content\/uploads\/2025\/10\/\u7ed3\u6784-768x768.jpg 768w, https:\/\/www.shengjiamachine.com\/wp-content\/uploads\/2025\/10\/\u7ed3\u6784-12x12.jpg 12w, https:\/\/www.shengjiamachine.com\/wp-content\/uploads\/2025\/10\/\u7ed3\u6784-600x600.jpg 600w, https:\/\/www.shengjiamachine.com\/wp-content\/uploads\/2025\/10\/\u7ed3\u6784-100x100.jpg 100w\" sizes=\"(max-width: 790px) 100vw, 790px\" \/><\/p>\n<p><img alt=\"\" decoding=\"async\" class=\"size-full wp-image-5345 aligncenter\" src=\"https:\/\/www.shengjiamachine.com\/wp-content\/uploads\/2025\/10\/\u5e94\u7528\u8303\u56f4.jpg\" width=\"790\" height=\"1115\" srcset=\"https:\/\/www.shengjiamachine.com\/wp-content\/uploads\/2025\/10\/\u5e94\u7528\u8303\u56f4.jpg 790w, https:\/\/www.shengjiamachine.com\/wp-content\/uploads\/2025\/10\/\u5e94\u7528\u8303\u56f4-213x300.jpg 213w, https:\/\/www.shengjiamachine.com\/wp-content\/uploads\/2025\/10\/\u5e94\u7528\u8303\u56f4-726x1024.jpg 726w, https:\/\/www.shengjiamachine.com\/wp-content\/uploads\/2025\/10\/\u5e94\u7528\u8303\u56f4-768x1084.jpg 768w, https:\/\/www.shengjiamachine.com\/wp-content\/uploads\/2025\/10\/\u5e94\u7528\u8303\u56f4-9x12.jpg 9w, https:\/\/www.shengjiamachine.com\/wp-content\/uploads\/2025\/10\/\u5e94\u7528\u8303\u56f4-600x847.jpg 600w\" sizes=\"(max-width: 790px) 100vw, 790px\" \/><\/p>\n<p>Materiales de la parte superior de la m\u00e1quina caen verticalmente en el impulsor giratorio de alta velocidad, bajo la acci\u00f3n de la fuerza centr\u00edfuga de alta velocidad, y la otra parte de la forma de paraguas de derivaci\u00f3n en el impulsor alrededor del material para producir impacto de alta velocidad y de trituraci\u00f3n, el material en el impacto mutuo, y estar\u00e1 en el impulsor y la c\u00e1scara del material entre la formaci\u00f3n de v\u00f3rtice impacto mutuo muchas veces y aplastado, desde la parte inferior a trav\u00e9s de la descarga, todo el sistema para formar un ciclo de circuito cerrado, controlado por el equipo de cribado para alcanzar el tama\u00f1o requerido de los productos terminados. Todo el sistema forma un ciclo de circuito cerrado, controlado por el equipo de cribado para alcanzar el tama\u00f1o de part\u00edcula requerido.<\/p>\n<p><img alt=\"\" decoding=\"async\" class=\"size-full wp-image-5346 aligncenter\" src=\"https:\/\/www.shengjiamachine.com\/wp-content\/uploads\/2025\/10\/\u7ec6\u8282.jpg\" width=\"790\" height=\"1213\" srcset=\"https:\/\/www.shengjiamachine.com\/wp-content\/uploads\/2025\/10\/\u7ec6\u8282.jpg 790w, https:\/\/www.shengjiamachine.com\/wp-content\/uploads\/2025\/10\/\u7ec6\u8282-195x300.jpg 195w, https:\/\/www.shengjiamachine.com\/wp-content\/uploads\/2025\/10\/\u7ec6\u8282-667x1024.jpg 667w, https:\/\/www.shengjiamachine.com\/wp-content\/uploads\/2025\/10\/\u7ec6\u8282-768x1179.jpg 768w, https:\/\/www.shengjiamachine.com\/wp-content\/uploads\/2025\/10\/\u7ec6\u8282-8x12.jpg 8w, https:\/\/www.shengjiamachine.com\/wp-content\/uploads\/2025\/10\/\u7ec6\u8282-600x921.jpg 600w\" sizes=\"(max-width: 790px) 100vw, 790px\" \/><\/p>\n<p><img alt=\"\" loading=\"lazy\" decoding=\"async\" class=\"size-full wp-image-5347 aligncenter\" src=\"https:\/\/www.shengjiamachine.com\/wp-content\/uploads\/2025\/10\/\u7c89\u788e\u524d\u540e.jpg\" width=\"789\" height=\"789\" srcset=\"https:\/\/www.shengjiamachine.com\/wp-content\/uploads\/2025\/10\/\u7c89\u788e\u524d\u540e.jpg 789w, https:\/\/www.shengjiamachine.com\/wp-content\/uploads\/2025\/10\/\u7c89\u788e\u524d\u540e-300x300.jpg 300w, https:\/\/www.shengjiamachine.com\/wp-content\/uploads\/2025\/10\/\u7c89\u788e\u524d\u540e-150x150.jpg 150w, https:\/\/www.shengjiamachine.com\/wp-content\/uploads\/2025\/10\/\u7c89\u788e\u524d\u540e-768x768.jpg 768w, https:\/\/www.shengjiamachine.com\/wp-content\/uploads\/2025\/10\/\u7c89\u788e\u524d\u540e-12x12.jpg 12w, https:\/\/www.shengjiamachine.com\/wp-content\/uploads\/2025\/10\/\u7c89\u788e\u524d\u540e-600x600.jpg 600w, https:\/\/www.shengjiamachine.com\/wp-content\/uploads\/2025\/10\/\u7c89\u788e\u524d\u540e-100x100.jpg 100w\" sizes=\"(max-width: 789px) 100vw, 789px\" \/><\/p>\n<p>&nbsp;<\/p>\n\t\t<div data-elementor-type=\"section\" data-elementor-id=\"4757\" class=\"elementor elementor-4757\" data-elementor-post-type=\"elementor_library\">\n\t\t\t<div class=\"elementor-element elementor-element-127464e e-flex e-con-boxed e-con e-parent\" data-id=\"127464e\" data-element_type=\"container\" data-e-type=\"container\">\n\t\t\t\t\t<div class=\"e-con-inner\">\n\t\t\t\t<div class=\"elementor-element elementor-element-df83e39 uael-faq-box-layout-yes align-at-left elementor-widget elementor-widget-uael-faq\" data-id=\"df83e39\" data-element_type=\"widget\" data-e-type=\"widget\" data-widget_type=\"uael-faq.default\">\n\t\t\t\t\t\t<div class=\"elementor-widget-container\">\n\t\t\t\t\t\n\t\t\t<div id='uael-faq-wrapper-234' class=\"uael-faq-wrapper\">\n\t\t\t\t<div class=\"uael-faq-container uael-faq-layout-accordion\" data-layout=\"accordion\" >\n\t\t\t\t\t\t\t\t\t\t\t\t<div id=\"uael-accordion-cb8950e\" class=\"uael-faq-accordion\" role=\"tablist\">\n\t\t\t\t\t\t\t\t<div class= \"uael-accordion-title\" aria-expanded=\"false\" role=\"tab\">\n\t\t\t\t\t\t\t\t\t<span class=\"uael-accordion-icon uael-accordion-icon-left\">\n\t\t\t\t\t\t\t\t\t\t<span class=\"uael-accordion-icon-closed\"><svg class=\"e-font-icon-svg e-fas-angle-right\" viewbox=\"0 0 256 512\" xmlns=\"http:\/\/www.w3.org\/2000\/svg\"><path d=\"M224.3 273l-136 136c-9.4 9.4-24.6 9.4-33.9 0l-22.6-22.6c-9.4-9.4-9.4-24.6 0-33.9l96.4-96.4-96.4-96.4c-9.4-9.4-9.4-24.6 0-33.9L54.3 103c9.4-9.4 24.6-9.4 33.9 0l136 136c9.5 9.4 9.5 24.6.1 34z\"><\/path><\/svg><\/span>\n\t\t\t\t\t\t\t\t\t\t<span class=\"uael-accordion-icon-opened\"><svg class=\"e-font-icon-svg e-fas-angle-up\" viewbox=\"0 0 320 512\" xmlns=\"http:\/\/www.w3.org\/2000\/svg\"><path d=\"M177 159.7l136 136c9.4 9.4 9.4 24.6 0 33.9l-22.6 22.6c-9.4 9.4-24.6 9.4-33.9 0L160 255.9l-96.4 96.4c-9.4 9.4-24.6 9.4-33.9 0L7 329.7c-9.4-9.4-9.4-24.6 0-33.9l136-136c9.4-9.5 24.6-9.5 34-.1z\"><\/path><\/svg><\/span>\n\t\t\t\t\t\t\t\t\t<\/span>\n\t\t\t\t\t\t\t\t\t<span class=\"uael-question-cb8950e uael-question-span\" tabindex=\"0\" id=\"uael-faq-1-69e8a301dff31\">What is the MOQ for your  Vertical compound crusher?<\/span>\n\t\t\t\t\t\t\t\t<\/div>\n\t\t\t\t\t\t\t\t<div class=\"uael-accordion-content\" role=\"tabpanel\">\n\t\t\t\t\t\t\t\t\t<span>\n\t\t\t\t\t\t\t\t\t<span><p>Nuestro MOQ son 1 juegos. Bienvenido OEM. puede producir seg\u00fan la petici\u00f3n del cliente.<\/p><\/span>\t\t\t\t\t\t\t\t\t<\/span>\n\t\t\t\t\t\t\t\t<\/div>\n\t\t\t\t\t\t\t<\/div>\n\t\t\t\t\t\t\t\t\t\t\t\t\t\t<div id=\"uael-accordion-b63c34a\" class=\"uael-faq-accordion\" role=\"tablist\">\n\t\t\t\t\t\t\t\t<div class= \"uael-accordion-title\" aria-expanded=\"false\" role=\"tab\">\n\t\t\t\t\t\t\t\t\t<span class=\"uael-accordion-icon uael-accordion-icon-left\">\n\t\t\t\t\t\t\t\t\t\t<span class=\"uael-accordion-icon-closed\"><svg class=\"e-font-icon-svg e-fas-angle-right\" viewbox=\"0 0 256 512\" xmlns=\"http:\/\/www.w3.org\/2000\/svg\"><path d=\"M224.3 273l-136 136c-9.4 9.4-24.6 9.4-33.9 0l-22.6-22.6c-9.4-9.4-9.4-24.6 0-33.9l96.4-96.4-96.4-96.4c-9.4-9.4-9.4-24.6 0-33.9L54.3 103c9.4-9.4 24.6-9.4 33.9 0l136 136c9.5 9.4 9.5 24.6.1 34z\"><\/path><\/svg><\/span>\n\t\t\t\t\t\t\t\t\t\t<span class=\"uael-accordion-icon-opened\"><svg class=\"e-font-icon-svg e-fas-angle-up\" viewbox=\"0 0 320 512\" xmlns=\"http:\/\/www.w3.org\/2000\/svg\"><path d=\"M177 159.7l136 136c9.4 9.4 9.4 24.6 0 33.9l-22.6 22.6c-9.4 9.4-24.6 9.4-33.9 0L160 255.9l-96.4 96.4c-9.4 9.4-24.6 9.4-33.9 0L7 329.7c-9.4-9.4-9.4-24.6 0-33.9l136-136c9.4-9.5 24.6-9.5 34-.1z\"><\/path><\/svg><\/span>\n\t\t\t\t\t\t\t\t\t<\/span>\n\t\t\t\t\t\t\t\t\t<span class=\"uael-question-b63c34a uael-question-span\" tabindex=\"0\" id=\"uael-faq-2-69e8a301e0338\">\u00bfEs usted una f\u00e1brica o una empresa comercial? <\/span>\n\t\t\t\t\t\t\t\t<\/div>\n\t\t\t\t\t\t\t\t<div class=\"uael-accordion-content\" role=\"tabpanel\">\n\t\t\t\t\t\t\t\t\t<span>\n\t\t\t\t\t\t\t\t\t<span><p>Somos una antigua f\u00e1brica dedicada a la Industria 19. Nuestra tecnolog\u00eda y calidad est\u00e1n garantizadas. Tambi\u00e9n podemos ofrecer servicios personalizados. Se necesitan al menos cinco unidades.<\/p><\/span>\t\t\t\t\t\t\t\t\t<\/span>\n\t\t\t\t\t\t\t\t<\/div>\n\t\t\t\t\t\t\t<\/div>\n\t\t\t\t\t\t\t\t\t\t\t\t\t\t<div id=\"uael-accordion-55b084a\" class=\"uael-faq-accordion\" role=\"tablist\">\n\t\t\t\t\t\t\t\t<div class= \"uael-accordion-title\" aria-expanded=\"false\" role=\"tab\">\n\t\t\t\t\t\t\t\t\t<span class=\"uael-accordion-icon uael-accordion-icon-left\">\n\t\t\t\t\t\t\t\t\t\t<span class=\"uael-accordion-icon-closed\"><svg class=\"e-font-icon-svg e-fas-angle-right\" viewbox=\"0 0 256 512\" xmlns=\"http:\/\/www.w3.org\/2000\/svg\"><path d=\"M224.3 273l-136 136c-9.4 9.4-24.6 9.4-33.9 0l-22.6-22.6c-9.4-9.4-9.4-24.6 0-33.9l96.4-96.4-96.4-96.4c-9.4-9.4-9.4-24.6 0-33.9L54.3 103c9.4-9.4 24.6-9.4 33.9 0l136 136c9.5 9.4 9.5 24.6.1 34z\"><\/path><\/svg><\/span>\n\t\t\t\t\t\t\t\t\t\t<span class=\"uael-accordion-icon-opened\"><svg class=\"e-font-icon-svg e-fas-angle-up\" viewbox=\"0 0 320 512\" xmlns=\"http:\/\/www.w3.org\/2000\/svg\"><path d=\"M177 159.7l136 136c9.4 9.4 9.4 24.6 0 33.9l-22.6 22.6c-9.4 9.4-24.6 9.4-33.9 0L160 255.9l-96.4 96.4c-9.4 9.4-24.6 9.4-33.9 0L7 329.7c-9.4-9.4-9.4-24.6 0-33.9l136-136c9.4-9.5 24.6-9.5 34-.1z\"><\/path><\/svg><\/span>\n\t\t\t\t\t\t\t\t\t<\/span>\n\t\t\t\t\t\t\t\t\t<span class=\"uael-question-55b084a uael-question-span\" tabindex=\"0\" id=\"uael-faq-3-69e8a301e03ae\">\u00bfCu\u00e1l es la calidad de la m\u00e1quina?<\/span>\n\t\t\t\t\t\t\t\t<\/div>\n\t\t\t\t\t\t\t\t<div class=\"uael-accordion-content\" role=\"tabpanel\">\n\t\t\t\t\t\t\t\t\t<span>\n\t\t\t\t\t\t\t\t\t<span><p>\u00a0<\/p><p>Estamos en la industria durante m\u00e1s de 10 a\u00f1os de f\u00e1brica de edad, la tecnolog\u00eda y la calidad puede ser garantizada, tambi\u00e9n puede proporcionar servicios personalizados, la necesidad de al menos 5 juegos o m\u00e1s.<\/p><\/span>\t\t\t\t\t\t\t\t\t<\/span>\n\t\t\t\t\t\t\t\t<\/div>\n\t\t\t\t\t\t\t<\/div>\n\t\t\t\t\t\t\t\t\t\t\t\t\t\t<div id=\"uael-accordion-deaac9f\" class=\"uael-faq-accordion\" role=\"tablist\">\n\t\t\t\t\t\t\t\t<div class= \"uael-accordion-title\" aria-expanded=\"false\" role=\"tab\">\n\t\t\t\t\t\t\t\t\t<span class=\"uael-accordion-icon uael-accordion-icon-left\">\n\t\t\t\t\t\t\t\t\t\t<span class=\"uael-accordion-icon-closed\"><svg class=\"e-font-icon-svg e-fas-angle-right\" viewbox=\"0 0 256 512\" xmlns=\"http:\/\/www.w3.org\/2000\/svg\"><path d=\"M224.3 273l-136 136c-9.4 9.4-24.6 9.4-33.9 0l-22.6-22.6c-9.4-9.4-9.4-24.6 0-33.9l96.4-96.4-96.4-96.4c-9.4-9.4-9.4-24.6 0-33.9L54.3 103c9.4-9.4 24.6-9.4 33.9 0l136 136c9.5 9.4 9.5 24.6.1 34z\"><\/path><\/svg><\/span>\n\t\t\t\t\t\t\t\t\t\t<span class=\"uael-accordion-icon-opened\"><svg class=\"e-font-icon-svg e-fas-angle-up\" viewbox=\"0 0 320 512\" xmlns=\"http:\/\/www.w3.org\/2000\/svg\"><path d=\"M177 159.7l136 136c9.4 9.4 9.4 24.6 0 33.9l-22.6 22.6c-9.4 9.4-24.6 9.4-33.9 0L160 255.9l-96.4 96.4c-9.4 9.4-24.6 9.4-33.9 0L7 329.7c-9.4-9.4-9.4-24.6 0-33.9l136-136c9.4-9.5 24.6-9.5 34-.1z\"><\/path><\/svg><\/span>\n\t\t\t\t\t\t\t\t\t<\/span>\n\t\t\t\t\t\t\t\t\t<span class=\"uael-question-deaac9f uael-question-span\" tabindex=\"0\" id=\"uael-faq-4-69e8a301e0414\">\u00bfCu\u00e1l ser\u00e1 el tipo de embalaje?<\/span>\n\t\t\t\t\t\t\t\t<\/div>\n\t\t\t\t\t\t\t\t<div class=\"uael-accordion-content\" role=\"tabpanel\">\n\t\t\t\t\t\t\t\t\t<span>\n\t\t\t\t\t\t\t\t\t<span><p>Embalaje en caja de madera, apto para el transporte mar\u00edtimo.<\/p><\/span>\t\t\t\t\t\t\t\t\t<\/span>\n\t\t\t\t\t\t\t\t<\/div>\n\t\t\t\t\t\t\t<\/div>\n\t\t\t\t\t\t\t\t\t\t\t\t\t\t<div id=\"uael-accordion-a694a7e\" class=\"uael-faq-accordion\" role=\"tablist\">\n\t\t\t\t\t\t\t\t<div class= \"uael-accordion-title\" aria-expanded=\"false\" role=\"tab\">\n\t\t\t\t\t\t\t\t\t<span class=\"uael-accordion-icon uael-accordion-icon-left\">\n\t\t\t\t\t\t\t\t\t\t<span class=\"uael-accordion-icon-closed\"><svg class=\"e-font-icon-svg e-fas-angle-right\" viewbox=\"0 0 256 512\" xmlns=\"http:\/\/www.w3.org\/2000\/svg\"><path d=\"M224.3 273l-136 136c-9.4 9.4-24.6 9.4-33.9 0l-22.6-22.6c-9.4-9.4-9.4-24.6 0-33.9l96.4-96.4-96.4-96.4c-9.4-9.4-9.4-24.6 0-33.9L54.3 103c9.4-9.4 24.6-9.4 33.9 0l136 136c9.5 9.4 9.5 24.6.1 34z\"><\/path><\/svg><\/span>\n\t\t\t\t\t\t\t\t\t\t<span class=\"uael-accordion-icon-opened\"><svg class=\"e-font-icon-svg e-fas-angle-up\" viewbox=\"0 0 320 512\" xmlns=\"http:\/\/www.w3.org\/2000\/svg\"><path d=\"M177 159.7l136 136c9.4 9.4 9.4 24.6 0 33.9l-22.6 22.6c-9.4 9.4-24.6 9.4-33.9 0L160 255.9l-96.4 96.4c-9.4 9.4-24.6 9.4-33.9 0L7 329.7c-9.4-9.4-9.4-24.6 0-33.9l136-136c9.4-9.5 24.6-9.5 34-.1z\"><\/path><\/svg><\/span>\n\t\t\t\t\t\t\t\t\t<\/span>\n\t\t\t\t\t\t\t\t\t<span class=\"uael-question-a694a7e uael-question-span\" tabindex=\"0\" id=\"uael-faq-5-69e8a301e0472\">\u00bfPodr\u00eda ofrecernos un precio mejor?<\/span>\n\t\t\t\t\t\t\t\t<\/div>\n\t\t\t\t\t\t\t\t<div class=\"uael-accordion-content\" role=\"tabpanel\">\n\t\t\t\t\t\t\t\t\t<span>\n\t\t\t\t\t\t\t\t\t<span><p>Por supuesto, podemos proporcionarle un presupuesto exacto en funci\u00f3n de sus necesidades espec\u00edficas y del volumen de su pedido.<\/p><\/span>\t\t\t\t\t\t\t\t\t<\/span>\n\t\t\t\t\t\t\t\t<\/div>\n\t\t\t\t\t\t\t<\/div>\n\t\t\t\t\t\t\t\t\t\t\t\t\t\t<div id=\"uael-accordion-cb632ca\" class=\"uael-faq-accordion\" role=\"tablist\">\n\t\t\t\t\t\t\t\t<div class= \"uael-accordion-title\" aria-expanded=\"false\" role=\"tab\">\n\t\t\t\t\t\t\t\t\t<span class=\"uael-accordion-icon uael-accordion-icon-left\">\n\t\t\t\t\t\t\t\t\t\t<span class=\"uael-accordion-icon-closed\"><svg class=\"e-font-icon-svg e-fas-angle-right\" viewbox=\"0 0 256 512\" xmlns=\"http:\/\/www.w3.org\/2000\/svg\"><path d=\"M224.3 273l-136 136c-9.4 9.4-24.6 9.4-33.9 0l-22.6-22.6c-9.4-9.4-9.4-24.6 0-33.9l96.4-96.4-96.4-96.4c-9.4-9.4-9.4-24.6 0-33.9L54.3 103c9.4-9.4 24.6-9.4 33.9 0l136 136c9.5 9.4 9.5 24.6.1 34z\"><\/path><\/svg><\/span>\n\t\t\t\t\t\t\t\t\t\t<span class=\"uael-accordion-icon-opened\"><svg class=\"e-font-icon-svg e-fas-angle-up\" viewbox=\"0 0 320 512\" xmlns=\"http:\/\/www.w3.org\/2000\/svg\"><path d=\"M177 159.7l136 136c9.4 9.4 9.4 24.6 0 33.9l-22.6 22.6c-9.4 9.4-24.6 9.4-33.9 0L160 255.9l-96.4 96.4c-9.4 9.4-24.6 9.4-33.9 0L7 329.7c-9.4-9.4-9.4-24.6 0-33.9l136-136c9.4-9.5 24.6-9.5 34-.1z\"><\/path><\/svg><\/span>\n\t\t\t\t\t\t\t\t\t<\/span>\n\t\t\t\t\t\t\t\t\t<span class=\"uael-question-cb632ca uael-question-span\" tabindex=\"0\" id=\"uael-faq-6-69e8a301e04cf\">\u00bfPueden ofrecer el servicio OEM&amp;ODM o personalizar nuestro logotipo?<\/span>\n\t\t\t\t\t\t\t\t<\/div>\n\t\t\t\t\t\t\t\t<div class=\"uael-accordion-content\" role=\"tabpanel\">\n\t\t\t\t\t\t\t\t\t<span>\n\t\t\t\t\t\t\t\t\t<span><p>S\u00ed. Podemos personalizar su logotipo (por favor, autorice a nosotros) y nuestros dise\u00f1adores profesionales son capaces de dise\u00f1ar sus productos en base a sus necesidades de ODM &amp; OEM pedidos.<\/p><\/span>\t\t\t\t\t\t\t\t\t<\/span>\n\t\t\t\t\t\t\t\t<\/div>\n\t\t\t\t\t\t\t<\/div>\n\t\t\t\t\t\t\t\t\t\t\t\t\t\t<div id=\"uael-accordion-3a0e6c4\" class=\"uael-faq-accordion\" role=\"tablist\">\n\t\t\t\t\t\t\t\t<div class= \"uael-accordion-title\" aria-expanded=\"false\" role=\"tab\">\n\t\t\t\t\t\t\t\t\t<span class=\"uael-accordion-icon uael-accordion-icon-left\">\n\t\t\t\t\t\t\t\t\t\t<span class=\"uael-accordion-icon-closed\"><svg class=\"e-font-icon-svg e-fas-angle-right\" viewbox=\"0 0 256 512\" xmlns=\"http:\/\/www.w3.org\/2000\/svg\"><path d=\"M224.3 273l-136 136c-9.4 9.4-24.6 9.4-33.9 0l-22.6-22.6c-9.4-9.4-9.4-24.6 0-33.9l96.4-96.4-96.4-96.4c-9.4-9.4-9.4-24.6 0-33.9L54.3 103c9.4-9.4 24.6-9.4 33.9 0l136 136c9.5 9.4 9.5 24.6.1 34z\"><\/path><\/svg><\/span>\n\t\t\t\t\t\t\t\t\t\t<span class=\"uael-accordion-icon-opened\"><svg class=\"e-font-icon-svg e-fas-angle-up\" viewbox=\"0 0 320 512\" xmlns=\"http:\/\/www.w3.org\/2000\/svg\"><path d=\"M177 159.7l136 136c9.4 9.4 9.4 24.6 0 33.9l-22.6 22.6c-9.4 9.4-24.6 9.4-33.9 0L160 255.9l-96.4 96.4c-9.4 9.4-24.6 9.4-33.9 0L7 329.7c-9.4-9.4-9.4-24.6 0-33.9l136-136c9.4-9.5 24.6-9.5 34-.1z\"><\/path><\/svg><\/span>\n\t\t\t\t\t\t\t\t\t<\/span>\n\t\t\t\t\t\t\t\t\t<span class=\"uael-question-3a0e6c4 uael-question-span\" tabindex=\"0\" id=\"uael-faq-7-69e8a301e0530\">\u00bfQu\u00e9 forma de pago aceptan?<\/span>\n\t\t\t\t\t\t\t\t<\/div>\n\t\t\t\t\t\t\t\t<div class=\"uael-accordion-content\" role=\"tabpanel\">\n\t\t\t\t\t\t\t\t\t<span>\n\t\t\t\t\t\t\t\t\t<span><p>Aceptamos T\/T, necesita pagar 30% de dep\u00f3sito por adelantado, 70% de saldo antes del env\u00edo.  Otras formas de pago tambi\u00e9n se pueden comunicar.<\/p><\/span>\t\t\t\t\t\t\t\t\t<\/span>\n\t\t\t\t\t\t\t\t<\/div>\n\t\t\t\t\t\t\t<\/div>\n\t\t\t\t\t\t\t\t\t\t\t<\/div>\n\t\t\t<\/div>\n\t\t\t\t\t\t\t<\/div>\n\t\t\t\t<\/div>\n\t\t\t\t\t<\/div>\n\t\t\t\t<\/div>\n\t\t\t\t<\/div>","protected":false},"excerpt":{"rendered":"<p>Composite crusher, vertical composite crusher is a comprehensive domestic and foreign similar crusher technology, optimized design and development of the main technical parameters into a new type of fine crusher, can be used for dolomite, granite, basalt and other artificial sand or highway pavement stone processing and crushing. Materials from the upper part of the [&hellip;]<\/p>","protected":false},"featured_media":5336,"template":"","meta":{"_seopress_robots_primary_cat":"none","_seopress_titles_title":"%%post_title%%","_seopress_titles_desc":"%%post_excerpt%%","_seopress_robots_index":"","site-sidebar-layout":"default","site-content-layout":"","ast-site-content-layout":"default","site-content-style":"default","site-sidebar-style":"default","ast-global-header-display":"","ast-banner-title-visibility":"","ast-main-header-display":"","ast-hfb-above-header-display":"","ast-hfb-below-header-display":"","ast-hfb-mobile-header-display":"","site-post-title":"","ast-breadcrumbs-content":"","ast-featured-img":"","footer-sml-layout":"","theme-transparent-header-meta":"default","adv-header-id-meta":"","stick-header-meta":"default","header-above-stick-meta":"","header-main-stick-meta":"","header-below-stick-meta":"","astra-migrate-meta-layouts":"set","ast-page-background-enabled":"default","ast-page-background-meta":{"desktop":{"background-color":"","background-image":"","background-repeat":"repeat","background-position":"center center","background-size":"auto","background-attachment":"scroll","background-type":"","background-media":"","overlay-type":"","overlay-color":"","overlay-opacity":"","overlay-gradient":""},"tablet":{"background-color":"","background-image":"","background-repeat":"repeat","background-position":"center center","background-size":"auto","background-attachment":"scroll","background-type":"","background-media":"","overlay-type":"","overlay-color":"","overlay-opacity":"","overlay-gradient":""},"mobile":{"background-color":"","background-image":"","background-repeat":"repeat","background-position":"center center","background-size":"auto","background-attachment":"scroll","background-type":"","background-media":"","overlay-type":"","overlay-color":"","overlay-opacity":"","overlay-gradient":""}},"ast-content-background-meta":{"desktop":{"background-color":"var(--ast-global-color-5)","background-image":"","background-repeat":"repeat","background-position":"center center","background-size":"auto","background-attachment":"scroll","background-type":"","background-media":"","overlay-type":"","overlay-color":"","overlay-opacity":"","overlay-gradient":""},"tablet":{"background-color":"var(--ast-global-color-5)","background-image":"","background-repeat":"repeat","background-position":"center center","background-size":"auto","background-attachment":"scroll","background-type":"","background-media":"","overlay-type":"","overlay-color":"","overlay-opacity":"","overlay-gradient":""},"mobile":{"background-color":"var(--ast-global-color-5)","background-image":"","background-repeat":"repeat","background-position":"center center","background-size":"auto","background-attachment":"scroll","background-type":"","background-media":"","overlay-type":"","overlay-color":"","overlay-opacity":"","overlay-gradient":""}}},"product_brand":[],"product_cat":[93],"product_tag":[],"class_list":{"0":"post-5335","1":"product","2":"type-product","3":"status-publish","4":"has-post-thumbnail","6":"product_cat-vertical-compound-crusher","7":"desktop-align-left","8":"tablet-align-left","9":"mobile-align-left","10":"ast-product-gallery-layout-horizontal-slider","11":"ast-product-tabs-layout-horizontal","13":"first","14":"instock","15":"featured","16":"shipping-taxable","17":"product-type-simple"},"_links":{"self":[{"href":"https:\/\/www.shengjiamachine.com\/es\/wp-json\/wp\/v2\/product\/5335","targetHints":{"allow":["GET"]}}],"collection":[{"href":"https:\/\/www.shengjiamachine.com\/es\/wp-json\/wp\/v2\/product"}],"about":[{"href":"https:\/\/www.shengjiamachine.com\/es\/wp-json\/wp\/v2\/types\/product"}],"wp:featuredmedia":[{"embeddable":true,"href":"https:\/\/www.shengjiamachine.com\/es\/wp-json\/wp\/v2\/media\/5336"}],"wp:attachment":[{"href":"https:\/\/www.shengjiamachine.com\/es\/wp-json\/wp\/v2\/media?parent=5335"}],"wp:term":[{"taxonomy":"product_brand","embeddable":true,"href":"https:\/\/www.shengjiamachine.com\/es\/wp-json\/wp\/v2\/product_brand?post=5335"},{"taxonomy":"product_cat","embeddable":true,"href":"https:\/\/www.shengjiamachine.com\/es\/wp-json\/wp\/v2\/product_cat?post=5335"},{"taxonomy":"product_tag","embeddable":true,"href":"https:\/\/www.shengjiamachine.com\/es\/wp-json\/wp\/v2\/product_tag?post=5335"}],"curies":[{"name":"wp","href":"https:\/\/api.w.org\/{rel}","templated":true}]}}