{"id":4971,"date":"2025-07-22T11:47:54","date_gmt":"2025-07-22T11:47:54","guid":{"rendered":"https:\/\/shengjiamachine.com\/?post_type=product&#038;p=4971"},"modified":"2025-07-24T14:53:39","modified_gmt":"2025-07-24T14:53:39","slug":"feed-pellet-machine-production-line-2","status":"publish","type":"product","link":"https:\/\/www.shengjiamachine.com\/es\/producto\/feed-pellet-machine-production-line-2\/","title":{"rendered":"L\u00ednea de producci\u00f3n de granuladoras de piensos"},"content":{"rendered":"<p><strong>Introduction of feed pellet machine\uff1a<\/strong><br \/>\nThe Feed Pellet Machine is formed by squeezing the mixed powdered feed once. It does not need to add water during the granulation process, and does not need to be dried. After natural heating up to 70 degrees, the starch can be gelatinized, the granules are matured deep and the surface is smooth. It has high hardness and long-term storage. It is an ideal equipment for raising rabbits, fish, chicken, pigs, sheep, cattle and small and medium-sized feed processing plants.<\/p>\n<p><img alt=\"\" fetchpriority=\"high\" decoding=\"async\" class=\"alignnone wp-image-4975\" src=\"https:\/\/shengjiamachine.com\/wp-content\/uploads\/2025\/07\/\u7ec6\u8282-5.jpg\" width=\"1000\" height=\"2420\" srcset=\"https:\/\/www.shengjiamachine.com\/wp-content\/uploads\/2025\/07\/\u7ec6\u8282-5.jpg 750w, https:\/\/www.shengjiamachine.com\/wp-content\/uploads\/2025\/07\/\u7ec6\u8282-5-124x300.jpg 124w, https:\/\/www.shengjiamachine.com\/wp-content\/uploads\/2025\/07\/\u7ec6\u8282-5-423x1024.jpg 423w, https:\/\/www.shengjiamachine.com\/wp-content\/uploads\/2025\/07\/\u7ec6\u8282-5-635x1536.jpg 635w, https:\/\/www.shengjiamachine.com\/wp-content\/uploads\/2025\/07\/\u7ec6\u8282-5-5x12.jpg 5w, https:\/\/www.shengjiamachine.com\/wp-content\/uploads\/2025\/07\/\u7ec6\u8282-5-600x1452.jpg 600w\" sizes=\"(max-width: 1000px) 100vw, 1000px\" \/><\/p>\n<p><img alt=\"\" decoding=\"async\" class=\"alignnone wp-image-4976\" src=\"https:\/\/shengjiamachine.com\/wp-content\/uploads\/2025\/07\/\u7ed3\u6784\u56fe-6-scaled.jpg\" width=\"1000\" height=\"1000\" srcset=\"https:\/\/www.shengjiamachine.com\/wp-content\/uploads\/2025\/07\/\u7ed3\u6784\u56fe-6-scaled.jpg 2560w, https:\/\/www.shengjiamachine.com\/wp-content\/uploads\/2025\/07\/\u7ed3\u6784\u56fe-6-300x300.jpg 300w, https:\/\/www.shengjiamachine.com\/wp-content\/uploads\/2025\/07\/\u7ed3\u6784\u56fe-6-1024x1024.jpg 1024w, https:\/\/www.shengjiamachine.com\/wp-content\/uploads\/2025\/07\/\u7ed3\u6784\u56fe-6-150x150.jpg 150w, https:\/\/www.shengjiamachine.com\/wp-content\/uploads\/2025\/07\/\u7ed3\u6784\u56fe-6-768x768.jpg 768w, https:\/\/www.shengjiamachine.com\/wp-content\/uploads\/2025\/07\/\u7ed3\u6784\u56fe-6-1536x1536.jpg 1536w, https:\/\/www.shengjiamachine.com\/wp-content\/uploads\/2025\/07\/\u7ed3\u6784\u56fe-6-2048x2048.jpg 2048w, https:\/\/www.shengjiamachine.com\/wp-content\/uploads\/2025\/07\/\u7ed3\u6784\u56fe-6-12x12.jpg 12w, https:\/\/www.shengjiamachine.com\/wp-content\/uploads\/2025\/07\/\u7ed3\u6784\u56fe-6-600x600.jpg 600w, https:\/\/www.shengjiamachine.com\/wp-content\/uploads\/2025\/07\/\u7ed3\u6784\u56fe-6-100x100.jpg 100w\" sizes=\"(max-width: 1000px) 100vw, 1000px\" \/><\/p>\n<p><img alt=\"\" decoding=\"async\" class=\"alignnone wp-image-4977\" src=\"https:\/\/shengjiamachine.com\/wp-content\/uploads\/2025\/07\/\u9972\u6599\u5e94\u7528\u8303\u56f4.jpg\" width=\"1000\" height=\"2409\" srcset=\"https:\/\/www.shengjiamachine.com\/wp-content\/uploads\/2025\/07\/\u9972\u6599\u5e94\u7528\u8303\u56f4.jpg 750w, https:\/\/www.shengjiamachine.com\/wp-content\/uploads\/2025\/07\/\u9972\u6599\u5e94\u7528\u8303\u56f4-125x300.jpg 125w, https:\/\/www.shengjiamachine.com\/wp-content\/uploads\/2025\/07\/\u9972\u6599\u5e94\u7528\u8303\u56f4-425x1024.jpg 425w, https:\/\/www.shengjiamachine.com\/wp-content\/uploads\/2025\/07\/\u9972\u6599\u5e94\u7528\u8303\u56f4-638x1536.jpg 638w, https:\/\/www.shengjiamachine.com\/wp-content\/uploads\/2025\/07\/\u9972\u6599\u5e94\u7528\u8303\u56f4-5x12.jpg 5w, https:\/\/www.shengjiamachine.com\/wp-content\/uploads\/2025\/07\/\u9972\u6599\u5e94\u7528\u8303\u56f4-600x1446.jpg 600w\" sizes=\"(max-width: 1000px) 100vw, 1000px\" \/><\/p>\n<p><img alt=\"\" loading=\"lazy\" decoding=\"async\" class=\"alignnone wp-image-4978\" src=\"https:\/\/shengjiamachine.com\/wp-content\/uploads\/2025\/07\/\u9002\u7528\u8303\u56f4-4.jpg\" width=\"1000\" height=\"812\" srcset=\"https:\/\/www.shengjiamachine.com\/wp-content\/uploads\/2025\/07\/\u9002\u7528\u8303\u56f4-4.jpg 682w, https:\/\/www.shengjiamachine.com\/wp-content\/uploads\/2025\/07\/\u9002\u7528\u8303\u56f4-4-300x244.jpg 300w, https:\/\/www.shengjiamachine.com\/wp-content\/uploads\/2025\/07\/\u9002\u7528\u8303\u56f4-4-15x12.jpg 15w, https:\/\/www.shengjiamachine.com\/wp-content\/uploads\/2025\/07\/\u9002\u7528\u8303\u56f4-4-600x487.jpg 600w\" sizes=\"(max-width: 1000px) 100vw, 1000px\" \/><\/p>\n<p>The feed pellet production line configured by our company consists of four parts: crushing mechanism, mixing mechanism, pelletizing mechanism and cooling mechanism. We can customize large, medium and small production lines according to customer requirements.<br \/>\n1. Crushing mechanism: All the materials to be crushed are placed under the suction pipe. After being sucked into the crushing chamber, the materials are rapidly crushed into powder or granular form under the continuous impact of the rotary blades and the rubbing impact of the crushing chamber. Then, under the action of centrifugal force and airflow, they are discharged through the sieve holes into the A impeller box and enter the feeding pipe.<br \/>\n2. Mixing mechanism: When the material propeller rotates, the material is forcibly sent into the feeding pipe by the B impeller chamber. It is scattered and turned by the up and down movement and circular rotation of the stirring screw, forming a mixing process with an extremely uniform effect.<br \/>\n3. Pelletizing mechanism: The pelletizer is composed of a feeding hopper, a main unit, a motor, a connector, and a gearbox. The motor drives the coupling to rotate, inputting power into the gearbox. Inside, the power is converted into torque, driving the rotating wheel to rotate. After the feed enters the pelletizer through the feeding hopper, the rotating wheel presses the feed into the interior of the mold for molding.<br \/>\n4. Cooler: Use a cooler to cool the particles.<\/p>\n<p><img alt=\"\" loading=\"lazy\" decoding=\"async\" class=\"alignnone wp-image-4979\" src=\"https:\/\/shengjiamachine.com\/wp-content\/uploads\/2025\/07\/\u78e8\u76d8\u5927\u5c0f.jpg\" width=\"1000\" height=\"995\" srcset=\"https:\/\/www.shengjiamachine.com\/wp-content\/uploads\/2025\/07\/\u78e8\u76d8\u5927\u5c0f.jpg 593w, https:\/\/www.shengjiamachine.com\/wp-content\/uploads\/2025\/07\/\u78e8\u76d8\u5927\u5c0f-300x300.jpg 300w, https:\/\/www.shengjiamachine.com\/wp-content\/uploads\/2025\/07\/\u78e8\u76d8\u5927\u5c0f-150x150.jpg 150w, https:\/\/www.shengjiamachine.com\/wp-content\/uploads\/2025\/07\/\u78e8\u76d8\u5927\u5c0f-12x12.jpg 12w, https:\/\/www.shengjiamachine.com\/wp-content\/uploads\/2025\/07\/\u78e8\u76d8\u5927\u5c0f-100x100.jpg 100w\" sizes=\"(max-width: 1000px) 100vw, 1000px\" \/><\/p>\n<p><img alt=\"\" loading=\"lazy\" decoding=\"async\" class=\"alignnone wp-image-4980\" src=\"https:\/\/shengjiamachine.com\/wp-content\/uploads\/2025\/07\/\u78e8\u76d8\u6548\u679c.jpg\" width=\"1000\" height=\"912\" srcset=\"https:\/\/www.shengjiamachine.com\/wp-content\/uploads\/2025\/07\/\u78e8\u76d8\u6548\u679c.jpg 680w, https:\/\/www.shengjiamachine.com\/wp-content\/uploads\/2025\/07\/\u78e8\u76d8\u6548\u679c-300x274.jpg 300w, https:\/\/www.shengjiamachine.com\/wp-content\/uploads\/2025\/07\/\u78e8\u76d8\u6548\u679c-13x12.jpg 13w, https:\/\/www.shengjiamachine.com\/wp-content\/uploads\/2025\/07\/\u78e8\u76d8\u6548\u679c-600x547.jpg 600w\" sizes=\"(max-width: 1000px) 100vw, 1000px\" \/><\/p>\n<p><img alt=\"\" loading=\"lazy\" decoding=\"async\" class=\"alignnone wp-image-4981\" src=\"https:\/\/shengjiamachine.com\/wp-content\/uploads\/2025\/07\/\u5de5\u5382-1.jpg\" width=\"1000\" height=\"888\" srcset=\"https:\/\/www.shengjiamachine.com\/wp-content\/uploads\/2025\/07\/\u5de5\u5382-1.jpg 641w, https:\/\/www.shengjiamachine.com\/wp-content\/uploads\/2025\/07\/\u5de5\u5382-1-300x266.jpg 300w, https:\/\/www.shengjiamachine.com\/wp-content\/uploads\/2025\/07\/\u5de5\u5382-1-14x12.jpg 14w, https:\/\/www.shengjiamachine.com\/wp-content\/uploads\/2025\/07\/\u5de5\u5382-1-600x533.jpg 600w\" sizes=\"(max-width: 1000px) 100vw, 1000px\" \/><\/p>\n\t\t<div data-elementor-type=\"section\" data-elementor-id=\"4757\" class=\"elementor elementor-4757\" data-elementor-post-type=\"elementor_library\">\n\t\t\t<div class=\"elementor-element elementor-element-127464e e-flex e-con-boxed e-con e-parent\" data-id=\"127464e\" data-element_type=\"container\" data-e-type=\"container\">\n\t\t\t\t\t<div class=\"e-con-inner\">\n\t\t\t\t<div class=\"elementor-element elementor-element-df83e39 uael-faq-box-layout-yes align-at-left elementor-widget elementor-widget-uael-faq\" data-id=\"df83e39\" data-element_type=\"widget\" data-e-type=\"widget\" data-widget_type=\"uael-faq.default\">\n\t\t\t\t\t\t<div class=\"elementor-widget-container\">\n\t\t\t\t\t\n\t\t\t<div id='uael-faq-wrapper-234' class=\"uael-faq-wrapper\">\n\t\t\t\t<div class=\"uael-faq-container uael-faq-layout-accordion\" data-layout=\"accordion\" >\n\t\t\t\t\t\t\t\t\t\t\t\t<div id=\"uael-accordion-cb8950e\" class=\"uael-faq-accordion\" role=\"tablist\">\n\t\t\t\t\t\t\t\t<div class= \"uael-accordion-title\" aria-expanded=\"false\" role=\"tab\">\n\t\t\t\t\t\t\t\t\t<span class=\"uael-accordion-icon uael-accordion-icon-left\">\n\t\t\t\t\t\t\t\t\t\t<span class=\"uael-accordion-icon-closed\"><svg class=\"e-font-icon-svg e-fas-angle-right\" viewbox=\"0 0 256 512\" xmlns=\"http:\/\/www.w3.org\/2000\/svg\"><path d=\"M224.3 273l-136 136c-9.4 9.4-24.6 9.4-33.9 0l-22.6-22.6c-9.4-9.4-9.4-24.6 0-33.9l96.4-96.4-96.4-96.4c-9.4-9.4-9.4-24.6 0-33.9L54.3 103c9.4-9.4 24.6-9.4 33.9 0l136 136c9.5 9.4 9.5 24.6.1 34z\"><\/path><\/svg><\/span>\n\t\t\t\t\t\t\t\t\t\t<span class=\"uael-accordion-icon-opened\"><svg class=\"e-font-icon-svg e-fas-angle-up\" viewbox=\"0 0 320 512\" xmlns=\"http:\/\/www.w3.org\/2000\/svg\"><path d=\"M177 159.7l136 136c9.4 9.4 9.4 24.6 0 33.9l-22.6 22.6c-9.4 9.4-24.6 9.4-33.9 0L160 255.9l-96.4 96.4c-9.4 9.4-24.6 9.4-33.9 0L7 329.7c-9.4-9.4-9.4-24.6 0-33.9l136-136c9.4-9.5 24.6-9.5 34-.1z\"><\/path><\/svg><\/span>\n\t\t\t\t\t\t\t\t\t<\/span>\n\t\t\t\t\t\t\t\t\t<span class=\"uael-question-cb8950e uael-question-span\" tabindex=\"0\" id=\"uael-faq-1-69e11cc64d4c4\">What is the MOQ for your  Feed pellet machine production line?<\/span>\n\t\t\t\t\t\t\t\t<\/div>\n\t\t\t\t\t\t\t\t<div class=\"uael-accordion-content\" role=\"tabpanel\">\n\t\t\t\t\t\t\t\t\t<span>\n\t\t\t\t\t\t\t\t\t<span><p>Nuestro MOQ son 1 juegos. Bienvenido OEM. puede producir seg\u00fan la petici\u00f3n del cliente.<\/p><\/span>\t\t\t\t\t\t\t\t\t<\/span>\n\t\t\t\t\t\t\t\t<\/div>\n\t\t\t\t\t\t\t<\/div>\n\t\t\t\t\t\t\t\t\t\t\t\t\t\t<div id=\"uael-accordion-b63c34a\" class=\"uael-faq-accordion\" role=\"tablist\">\n\t\t\t\t\t\t\t\t<div class= \"uael-accordion-title\" aria-expanded=\"false\" role=\"tab\">\n\t\t\t\t\t\t\t\t\t<span class=\"uael-accordion-icon uael-accordion-icon-left\">\n\t\t\t\t\t\t\t\t\t\t<span class=\"uael-accordion-icon-closed\"><svg class=\"e-font-icon-svg e-fas-angle-right\" viewbox=\"0 0 256 512\" xmlns=\"http:\/\/www.w3.org\/2000\/svg\"><path d=\"M224.3 273l-136 136c-9.4 9.4-24.6 9.4-33.9 0l-22.6-22.6c-9.4-9.4-9.4-24.6 0-33.9l96.4-96.4-96.4-96.4c-9.4-9.4-9.4-24.6 0-33.9L54.3 103c9.4-9.4 24.6-9.4 33.9 0l136 136c9.5 9.4 9.5 24.6.1 34z\"><\/path><\/svg><\/span>\n\t\t\t\t\t\t\t\t\t\t<span class=\"uael-accordion-icon-opened\"><svg class=\"e-font-icon-svg e-fas-angle-up\" viewbox=\"0 0 320 512\" xmlns=\"http:\/\/www.w3.org\/2000\/svg\"><path d=\"M177 159.7l136 136c9.4 9.4 9.4 24.6 0 33.9l-22.6 22.6c-9.4 9.4-24.6 9.4-33.9 0L160 255.9l-96.4 96.4c-9.4 9.4-24.6 9.4-33.9 0L7 329.7c-9.4-9.4-9.4-24.6 0-33.9l136-136c9.4-9.5 24.6-9.5 34-.1z\"><\/path><\/svg><\/span>\n\t\t\t\t\t\t\t\t\t<\/span>\n\t\t\t\t\t\t\t\t\t<span class=\"uael-question-b63c34a uael-question-span\" tabindex=\"0\" id=\"uael-faq-2-69e11cc64e93f\">\u00bfEs usted una f\u00e1brica o una empresa comercial? <\/span>\n\t\t\t\t\t\t\t\t<\/div>\n\t\t\t\t\t\t\t\t<div class=\"uael-accordion-content\" role=\"tabpanel\">\n\t\t\t\t\t\t\t\t\t<span>\n\t\t\t\t\t\t\t\t\t<span><p>Somos una antigua f\u00e1brica dedicada a la Industria 19. Nuestra tecnolog\u00eda y calidad est\u00e1n garantizadas. Tambi\u00e9n podemos ofrecer servicios personalizados. Se necesitan al menos cinco unidades.<\/p><\/span>\t\t\t\t\t\t\t\t\t<\/span>\n\t\t\t\t\t\t\t\t<\/div>\n\t\t\t\t\t\t\t<\/div>\n\t\t\t\t\t\t\t\t\t\t\t\t\t\t<div id=\"uael-accordion-55b084a\" class=\"uael-faq-accordion\" role=\"tablist\">\n\t\t\t\t\t\t\t\t<div class= \"uael-accordion-title\" aria-expanded=\"false\" role=\"tab\">\n\t\t\t\t\t\t\t\t\t<span class=\"uael-accordion-icon uael-accordion-icon-left\">\n\t\t\t\t\t\t\t\t\t\t<span class=\"uael-accordion-icon-closed\"><svg class=\"e-font-icon-svg e-fas-angle-right\" viewbox=\"0 0 256 512\" xmlns=\"http:\/\/www.w3.org\/2000\/svg\"><path d=\"M224.3 273l-136 136c-9.4 9.4-24.6 9.4-33.9 0l-22.6-22.6c-9.4-9.4-9.4-24.6 0-33.9l96.4-96.4-96.4-96.4c-9.4-9.4-9.4-24.6 0-33.9L54.3 103c9.4-9.4 24.6-9.4 33.9 0l136 136c9.5 9.4 9.5 24.6.1 34z\"><\/path><\/svg><\/span>\n\t\t\t\t\t\t\t\t\t\t<span class=\"uael-accordion-icon-opened\"><svg class=\"e-font-icon-svg e-fas-angle-up\" viewbox=\"0 0 320 512\" xmlns=\"http:\/\/www.w3.org\/2000\/svg\"><path d=\"M177 159.7l136 136c9.4 9.4 9.4 24.6 0 33.9l-22.6 22.6c-9.4 9.4-24.6 9.4-33.9 0L160 255.9l-96.4 96.4c-9.4 9.4-24.6 9.4-33.9 0L7 329.7c-9.4-9.4-9.4-24.6 0-33.9l136-136c9.4-9.5 24.6-9.5 34-.1z\"><\/path><\/svg><\/span>\n\t\t\t\t\t\t\t\t\t<\/span>\n\t\t\t\t\t\t\t\t\t<span class=\"uael-question-55b084a uael-question-span\" tabindex=\"0\" id=\"uael-faq-3-69e11cc64e9af\">\u00bfCu\u00e1l es la calidad de la m\u00e1quina?<\/span>\n\t\t\t\t\t\t\t\t<\/div>\n\t\t\t\t\t\t\t\t<div class=\"uael-accordion-content\" role=\"tabpanel\">\n\t\t\t\t\t\t\t\t\t<span>\n\t\t\t\t\t\t\t\t\t<span><p>\u00a0<\/p><p>Estamos en la industria durante m\u00e1s de 10 a\u00f1os de f\u00e1brica de edad, la tecnolog\u00eda y la calidad puede ser garantizada, tambi\u00e9n puede proporcionar servicios personalizados, la necesidad de al menos 5 juegos o m\u00e1s.<\/p><\/span>\t\t\t\t\t\t\t\t\t<\/span>\n\t\t\t\t\t\t\t\t<\/div>\n\t\t\t\t\t\t\t<\/div>\n\t\t\t\t\t\t\t\t\t\t\t\t\t\t<div id=\"uael-accordion-deaac9f\" class=\"uael-faq-accordion\" role=\"tablist\">\n\t\t\t\t\t\t\t\t<div class= \"uael-accordion-title\" aria-expanded=\"false\" role=\"tab\">\n\t\t\t\t\t\t\t\t\t<span class=\"uael-accordion-icon uael-accordion-icon-left\">\n\t\t\t\t\t\t\t\t\t\t<span class=\"uael-accordion-icon-closed\"><svg class=\"e-font-icon-svg e-fas-angle-right\" viewbox=\"0 0 256 512\" xmlns=\"http:\/\/www.w3.org\/2000\/svg\"><path d=\"M224.3 273l-136 136c-9.4 9.4-24.6 9.4-33.9 0l-22.6-22.6c-9.4-9.4-9.4-24.6 0-33.9l96.4-96.4-96.4-96.4c-9.4-9.4-9.4-24.6 0-33.9L54.3 103c9.4-9.4 24.6-9.4 33.9 0l136 136c9.5 9.4 9.5 24.6.1 34z\"><\/path><\/svg><\/span>\n\t\t\t\t\t\t\t\t\t\t<span class=\"uael-accordion-icon-opened\"><svg class=\"e-font-icon-svg e-fas-angle-up\" viewbox=\"0 0 320 512\" xmlns=\"http:\/\/www.w3.org\/2000\/svg\"><path d=\"M177 159.7l136 136c9.4 9.4 9.4 24.6 0 33.9l-22.6 22.6c-9.4 9.4-24.6 9.4-33.9 0L160 255.9l-96.4 96.4c-9.4 9.4-24.6 9.4-33.9 0L7 329.7c-9.4-9.4-9.4-24.6 0-33.9l136-136c9.4-9.5 24.6-9.5 34-.1z\"><\/path><\/svg><\/span>\n\t\t\t\t\t\t\t\t\t<\/span>\n\t\t\t\t\t\t\t\t\t<span class=\"uael-question-deaac9f uael-question-span\" tabindex=\"0\" id=\"uael-faq-4-69e11cc64ea11\">\u00bfCu\u00e1l ser\u00e1 el tipo de embalaje?<\/span>\n\t\t\t\t\t\t\t\t<\/div>\n\t\t\t\t\t\t\t\t<div class=\"uael-accordion-content\" role=\"tabpanel\">\n\t\t\t\t\t\t\t\t\t<span>\n\t\t\t\t\t\t\t\t\t<span><p>Embalaje en caja de madera, apto para el transporte mar\u00edtimo.<\/p><\/span>\t\t\t\t\t\t\t\t\t<\/span>\n\t\t\t\t\t\t\t\t<\/div>\n\t\t\t\t\t\t\t<\/div>\n\t\t\t\t\t\t\t\t\t\t\t\t\t\t<div id=\"uael-accordion-a694a7e\" class=\"uael-faq-accordion\" role=\"tablist\">\n\t\t\t\t\t\t\t\t<div class= \"uael-accordion-title\" aria-expanded=\"false\" role=\"tab\">\n\t\t\t\t\t\t\t\t\t<span class=\"uael-accordion-icon uael-accordion-icon-left\">\n\t\t\t\t\t\t\t\t\t\t<span class=\"uael-accordion-icon-closed\"><svg class=\"e-font-icon-svg e-fas-angle-right\" viewbox=\"0 0 256 512\" xmlns=\"http:\/\/www.w3.org\/2000\/svg\"><path d=\"M224.3 273l-136 136c-9.4 9.4-24.6 9.4-33.9 0l-22.6-22.6c-9.4-9.4-9.4-24.6 0-33.9l96.4-96.4-96.4-96.4c-9.4-9.4-9.4-24.6 0-33.9L54.3 103c9.4-9.4 24.6-9.4 33.9 0l136 136c9.5 9.4 9.5 24.6.1 34z\"><\/path><\/svg><\/span>\n\t\t\t\t\t\t\t\t\t\t<span class=\"uael-accordion-icon-opened\"><svg class=\"e-font-icon-svg e-fas-angle-up\" viewbox=\"0 0 320 512\" xmlns=\"http:\/\/www.w3.org\/2000\/svg\"><path d=\"M177 159.7l136 136c9.4 9.4 9.4 24.6 0 33.9l-22.6 22.6c-9.4 9.4-24.6 9.4-33.9 0L160 255.9l-96.4 96.4c-9.4 9.4-24.6 9.4-33.9 0L7 329.7c-9.4-9.4-9.4-24.6 0-33.9l136-136c9.4-9.5 24.6-9.5 34-.1z\"><\/path><\/svg><\/span>\n\t\t\t\t\t\t\t\t\t<\/span>\n\t\t\t\t\t\t\t\t\t<span class=\"uael-question-a694a7e uael-question-span\" tabindex=\"0\" id=\"uael-faq-5-69e11cc64ea70\">\u00bfPodr\u00eda ofrecernos un precio mejor?<\/span>\n\t\t\t\t\t\t\t\t<\/div>\n\t\t\t\t\t\t\t\t<div class=\"uael-accordion-content\" role=\"tabpanel\">\n\t\t\t\t\t\t\t\t\t<span>\n\t\t\t\t\t\t\t\t\t<span><p>Por supuesto, podemos proporcionarle un presupuesto exacto en funci\u00f3n de sus necesidades espec\u00edficas y del volumen de su pedido.<\/p><\/span>\t\t\t\t\t\t\t\t\t<\/span>\n\t\t\t\t\t\t\t\t<\/div>\n\t\t\t\t\t\t\t<\/div>\n\t\t\t\t\t\t\t\t\t\t\t\t\t\t<div id=\"uael-accordion-cb632ca\" class=\"uael-faq-accordion\" role=\"tablist\">\n\t\t\t\t\t\t\t\t<div class= \"uael-accordion-title\" aria-expanded=\"false\" role=\"tab\">\n\t\t\t\t\t\t\t\t\t<span class=\"uael-accordion-icon uael-accordion-icon-left\">\n\t\t\t\t\t\t\t\t\t\t<span class=\"uael-accordion-icon-closed\"><svg class=\"e-font-icon-svg e-fas-angle-right\" viewbox=\"0 0 256 512\" xmlns=\"http:\/\/www.w3.org\/2000\/svg\"><path d=\"M224.3 273l-136 136c-9.4 9.4-24.6 9.4-33.9 0l-22.6-22.6c-9.4-9.4-9.4-24.6 0-33.9l96.4-96.4-96.4-96.4c-9.4-9.4-9.4-24.6 0-33.9L54.3 103c9.4-9.4 24.6-9.4 33.9 0l136 136c9.5 9.4 9.5 24.6.1 34z\"><\/path><\/svg><\/span>\n\t\t\t\t\t\t\t\t\t\t<span class=\"uael-accordion-icon-opened\"><svg class=\"e-font-icon-svg e-fas-angle-up\" viewbox=\"0 0 320 512\" xmlns=\"http:\/\/www.w3.org\/2000\/svg\"><path d=\"M177 159.7l136 136c9.4 9.4 9.4 24.6 0 33.9l-22.6 22.6c-9.4 9.4-24.6 9.4-33.9 0L160 255.9l-96.4 96.4c-9.4 9.4-24.6 9.4-33.9 0L7 329.7c-9.4-9.4-9.4-24.6 0-33.9l136-136c9.4-9.5 24.6-9.5 34-.1z\"><\/path><\/svg><\/span>\n\t\t\t\t\t\t\t\t\t<\/span>\n\t\t\t\t\t\t\t\t\t<span class=\"uael-question-cb632ca uael-question-span\" tabindex=\"0\" id=\"uael-faq-6-69e11cc64eace\">\u00bfPueden ofrecer el servicio OEM&amp;ODM o personalizar nuestro logotipo?<\/span>\n\t\t\t\t\t\t\t\t<\/div>\n\t\t\t\t\t\t\t\t<div class=\"uael-accordion-content\" role=\"tabpanel\">\n\t\t\t\t\t\t\t\t\t<span>\n\t\t\t\t\t\t\t\t\t<span><p>S\u00ed. Podemos personalizar su logotipo (por favor, autorice a nosotros) y nuestros dise\u00f1adores profesionales son capaces de dise\u00f1ar sus productos en base a sus necesidades de ODM &amp; OEM pedidos.<\/p><\/span>\t\t\t\t\t\t\t\t\t<\/span>\n\t\t\t\t\t\t\t\t<\/div>\n\t\t\t\t\t\t\t<\/div>\n\t\t\t\t\t\t\t\t\t\t\t\t\t\t<div id=\"uael-accordion-3a0e6c4\" class=\"uael-faq-accordion\" role=\"tablist\">\n\t\t\t\t\t\t\t\t<div class= \"uael-accordion-title\" aria-expanded=\"false\" role=\"tab\">\n\t\t\t\t\t\t\t\t\t<span class=\"uael-accordion-icon uael-accordion-icon-left\">\n\t\t\t\t\t\t\t\t\t\t<span class=\"uael-accordion-icon-closed\"><svg class=\"e-font-icon-svg e-fas-angle-right\" viewbox=\"0 0 256 512\" xmlns=\"http:\/\/www.w3.org\/2000\/svg\"><path d=\"M224.3 273l-136 136c-9.4 9.4-24.6 9.4-33.9 0l-22.6-22.6c-9.4-9.4-9.4-24.6 0-33.9l96.4-96.4-96.4-96.4c-9.4-9.4-9.4-24.6 0-33.9L54.3 103c9.4-9.4 24.6-9.4 33.9 0l136 136c9.5 9.4 9.5 24.6.1 34z\"><\/path><\/svg><\/span>\n\t\t\t\t\t\t\t\t\t\t<span class=\"uael-accordion-icon-opened\"><svg class=\"e-font-icon-svg e-fas-angle-up\" viewbox=\"0 0 320 512\" xmlns=\"http:\/\/www.w3.org\/2000\/svg\"><path d=\"M177 159.7l136 136c9.4 9.4 9.4 24.6 0 33.9l-22.6 22.6c-9.4 9.4-24.6 9.4-33.9 0L160 255.9l-96.4 96.4c-9.4 9.4-24.6 9.4-33.9 0L7 329.7c-9.4-9.4-9.4-24.6 0-33.9l136-136c9.4-9.5 24.6-9.5 34-.1z\"><\/path><\/svg><\/span>\n\t\t\t\t\t\t\t\t\t<\/span>\n\t\t\t\t\t\t\t\t\t<span class=\"uael-question-3a0e6c4 uael-question-span\" tabindex=\"0\" id=\"uael-faq-7-69e11cc64eb2d\">\u00bfQu\u00e9 forma de pago aceptan?<\/span>\n\t\t\t\t\t\t\t\t<\/div>\n\t\t\t\t\t\t\t\t<div class=\"uael-accordion-content\" role=\"tabpanel\">\n\t\t\t\t\t\t\t\t\t<span>\n\t\t\t\t\t\t\t\t\t<span><p>Aceptamos T\/T, necesita pagar 30% de dep\u00f3sito por adelantado, 70% de saldo antes del env\u00edo.  Otras formas de pago tambi\u00e9n se pueden comunicar.<\/p><\/span>\t\t\t\t\t\t\t\t\t<\/span>\n\t\t\t\t\t\t\t\t<\/div>\n\t\t\t\t\t\t\t<\/div>\n\t\t\t\t\t\t\t\t\t\t\t<\/div>\n\t\t\t<\/div>\n\t\t\t\t\t\t\t<\/div>\n\t\t\t\t<\/div>\n\t\t\t\t\t<\/div>\n\t\t\t\t<\/div>\n\t\t\t\t<\/div>","protected":false},"excerpt":{"rendered":"<p>Introduction of feed pellet machine\uff1a The Feed Pellet Machine is formed by squeezing the mixed powdered feed once. It does not need to add water during the granulation process, and does not need to be dried. After natural heating up to 70 degrees, the starch can be gelatinized, the granules are matured deep and the [&hellip;]<\/p>","protected":false},"featured_media":4974,"template":"","meta":{"_seopress_robots_primary_cat":"none","_seopress_titles_title":"","_seopress_titles_desc":"","_seopress_robots_index":"","site-sidebar-layout":"default","site-content-layout":"","ast-site-content-layout":"default","site-content-style":"default","site-sidebar-style":"default","ast-global-header-display":"","ast-banner-title-visibility":"","ast-main-header-display":"","ast-hfb-above-header-display":"","ast-hfb-below-header-display":"","ast-hfb-mobile-header-display":"","site-post-title":"","ast-breadcrumbs-content":"","ast-featured-img":"","footer-sml-layout":"","theme-transparent-header-meta":"default","adv-header-id-meta":"","stick-header-meta":"default","header-above-stick-meta":"","header-main-stick-meta":"","header-below-stick-meta":"","astra-migrate-meta-layouts":"set","ast-page-background-enabled":"default","ast-page-background-meta":{"desktop":{"background-color":"","background-image":"","background-repeat":"repeat","background-position":"center center","background-size":"auto","background-attachment":"scroll","background-type":"","background-media":"","overlay-type":"","overlay-color":"","overlay-opacity":"","overlay-gradient":""},"tablet":{"background-color":"","background-image":"","background-repeat":"repeat","background-position":"center center","background-size":"auto","background-attachment":"scroll","background-type":"","background-media":"","overlay-type":"","overlay-color":"","overlay-opacity":"","overlay-gradient":""},"mobile":{"background-color":"","background-image":"","background-repeat":"repeat","background-position":"center center","background-size":"auto","background-attachment":"scroll","background-type":"","background-media":"","overlay-type":"","overlay-color":"","overlay-opacity":"","overlay-gradient":""}},"ast-content-background-meta":{"desktop":{"background-color":"var(--ast-global-color-5)","background-image":"","background-repeat":"repeat","background-position":"center center","background-size":"auto","background-attachment":"scroll","background-type":"","background-media":"","overlay-type":"","overlay-color":"","overlay-opacity":"","overlay-gradient":""},"tablet":{"background-color":"var(--ast-global-color-5)","background-image":"","background-repeat":"repeat","background-position":"center center","background-size":"auto","background-attachment":"scroll","background-type":"","background-media":"","overlay-type":"","overlay-color":"","overlay-opacity":"","overlay-gradient":""},"mobile":{"background-color":"var(--ast-global-color-5)","background-image":"","background-repeat":"repeat","background-position":"center center","background-size":"auto","background-attachment":"scroll","background-type":"","background-media":"","overlay-type":"","overlay-color":"","overlay-opacity":"","overlay-gradient":""}}},"product_brand":[],"product_cat":[91],"product_tag":[],"class_list":{"0":"post-4971","1":"product","2":"type-product","3":"status-publish","4":"has-post-thumbnail","6":"product_cat-feed-pellet-machine-production-line","7":"desktop-align-left","8":"tablet-align-left","9":"mobile-align-left","10":"ast-product-gallery-layout-horizontal-slider","11":"ast-product-tabs-layout-horizontal","13":"first","14":"instock","15":"featured","16":"shipping-taxable","17":"product-type-simple"},"_links":{"self":[{"href":"https:\/\/www.shengjiamachine.com\/es\/wp-json\/wp\/v2\/product\/4971","targetHints":{"allow":["GET"]}}],"collection":[{"href":"https:\/\/www.shengjiamachine.com\/es\/wp-json\/wp\/v2\/product"}],"about":[{"href":"https:\/\/www.shengjiamachine.com\/es\/wp-json\/wp\/v2\/types\/product"}],"wp:featuredmedia":[{"embeddable":true,"href":"https:\/\/www.shengjiamachine.com\/es\/wp-json\/wp\/v2\/media\/4974"}],"wp:attachment":[{"href":"https:\/\/www.shengjiamachine.com\/es\/wp-json\/wp\/v2\/media?parent=4971"}],"wp:term":[{"taxonomy":"product_brand","embeddable":true,"href":"https:\/\/www.shengjiamachine.com\/es\/wp-json\/wp\/v2\/product_brand?post=4971"},{"taxonomy":"product_cat","embeddable":true,"href":"https:\/\/www.shengjiamachine.com\/es\/wp-json\/wp\/v2\/product_cat?post=4971"},{"taxonomy":"product_tag","embeddable":true,"href":"https:\/\/www.shengjiamachine.com\/es\/wp-json\/wp\/v2\/product_tag?post=4971"}],"curies":[{"name":"wp","href":"https:\/\/api.w.org\/{rel}","templated":true}]}}