{"id":4463,"date":"2025-07-09T22:27:58","date_gmt":"2025-07-09T22:27:58","guid":{"rendered":"https:\/\/shengjiamachine.com\/?page_id=4463"},"modified":"2025-07-31T13:11:10","modified_gmt":"2025-07-31T13:11:10","slug":"company-profile","status":"publish","type":"page","link":"https:\/\/www.shengjiamachine.com\/es\/company-profile\/","title":{"rendered":"Perfil de la empresa"},"content":{"rendered":"<div data-elementor-type=\"wp-page\" data-elementor-id=\"4463\" class=\"elementor elementor-4463\" data-elementor-post-type=\"page\">\n\t\t\t\t<div class=\"elementor-element elementor-element-b8a908d e-con-full e-flex e-con e-parent\" data-id=\"b8a908d\" data-element_type=\"container\" data-e-type=\"container\">\n\t\t\t\t<div class=\"elementor-element elementor-element-b107296 elementor-widget elementor-widget-image\" data-id=\"b107296\" data-element_type=\"widget\" data-e-type=\"widget\" data-widget_type=\"image.default\">\n\t\t\t\t\t\t<div class=\"elementor-widget-container\">\n\t\t\t\t\t\t\t\t\t\t\t\t\t\t\t<img alt=\"\" fetchpriority=\"high\" decoding=\"async\" width=\"1920\" height=\"500\" src=\"https:\/\/www.shengjiamachine.com\/wp-content\/uploads\/2025\/07\/lianxi.jpg\" class=\"attachment-full size-full wp-image-5097\" srcset=\"https:\/\/www.shengjiamachine.com\/wp-content\/uploads\/2025\/07\/lianxi.jpg 1920w, https:\/\/www.shengjiamachine.com\/wp-content\/uploads\/2025\/07\/lianxi-300x78.jpg 300w, https:\/\/www.shengjiamachine.com\/wp-content\/uploads\/2025\/07\/lianxi-1024x267.jpg 1024w, https:\/\/www.shengjiamachine.com\/wp-content\/uploads\/2025\/07\/lianxi-768x200.jpg 768w, https:\/\/www.shengjiamachine.com\/wp-content\/uploads\/2025\/07\/lianxi-1536x400.jpg 1536w, https:\/\/www.shengjiamachine.com\/wp-content\/uploads\/2025\/07\/lianxi-18x5.jpg 18w, https:\/\/www.shengjiamachine.com\/wp-content\/uploads\/2025\/07\/lianxi-600x156.jpg 600w\" sizes=\"(max-width: 1920px) 100vw, 1920px\" \/>\t\t\t\t\t\t\t\t\t\t\t\t\t\t\t<\/div>\n\t\t\t\t<\/div>\n\t\t\t\t<\/div>\n\t\t<div class=\"elementor-element elementor-element-c09f18f e-flex e-con-boxed e-con e-parent\" data-id=\"c09f18f\" data-element_type=\"container\" data-e-type=\"container\">\n\t\t\t\t\t<div class=\"e-con-inner\">\n\t\t\t\t<div class=\"elementor-element elementor-element-8301e92 elementor-widget elementor-widget-text-editor\" data-id=\"8301e92\" data-element_type=\"widget\" data-e-type=\"widget\" data-widget_type=\"text-editor.default\">\n\t\t\t\t\t\t<div class=\"elementor-widget-container\">\n\t\t\t\t\t\t\t\t\t<p>Qufu Shengjia Heavy Industry Co., Ltd. se encuentra en la ciudad de Qufu, provincia de Shandong, China, la \"Ciudad natal de Confucio\". Es una empresa de confianza con una gran fuerza t\u00e9cnica, excelente mano de obra e integraci\u00f3n de dise\u00f1o de equipos mec\u00e1nicos, producci\u00f3n, ventas y servicio posventa. Desde su fundaci\u00f3n en 2006, la empresa se ha ganado la confianza y los elogios de los usuarios con \"una excelente calidad, una forma bonita, una planificaci\u00f3n econ\u00f3mica y razonable, y un servicio posventa perfecto y minucioso\", y sus productos se venden en todo el mundo.<\/p><p>Nuestra f\u00e1brica es un fabricante profesional de maquinaria de productos de cemento, maquinaria de nuevos materiales de construcci\u00f3n y equipos de moldeo de bloques prefabricados. Proporciona principalmente semiautom\u00e1tico y totalmente autom\u00e1tico bloque de hormig\u00f3n (ladrillo) serie de equipos, m\u00e1quinas de colocaci\u00f3n de ladrillos, m\u00e1quinas de mamposter\u00eda de piedra junto a la carretera, y varios equipos de mezcla de hormig\u00f3n para materiales de construcci\u00f3n, municipales, carreteras, conservaci\u00f3n de agua, ferrocarril, refractarios, y otros sistemas. Se puede utilizar para producir varios ladrillos de cemento est\u00e1ndar, bloques huecos, ladrillos de acera, ladrillos permeables al medio ambiente, ladrillos de jard\u00edn, ladrillos de plantaci\u00f3n de c\u00e9sped, ladrillos de piedra de carretera, ladrillos de protecci\u00f3n de taludes, ladrillos de estacionamiento, ladrillos cuadrados, ladrillos refractarios, ladrillos hidr\u00e1ulicos, etc.<\/p>\t\t\t\t\t\t\t\t<\/div>\n\t\t\t\t<\/div>\n\t\t\t\t<div class=\"elementor-element elementor-element-f291a08 elementor-widget elementor-widget-image\" data-id=\"f291a08\" data-element_type=\"widget\" data-e-type=\"widget\" data-widget_type=\"image.default\">\n\t\t\t\t\t\t<div class=\"elementor-widget-container\">\n\t\t\t\t\t\t\t\t\t\t\t\t\t\t\t<img decoding=\"async\" src=\"https:\/\/shengjiamachine.com\/wp-content\/uploads\/2025\/05\/\u516c\u53f8\u5927\u697c-1.jpg\" title=\"\" alt=\"\" loading=\"lazy\" \/>\t\t\t\t\t\t\t\t\t\t\t\t\t\t\t<\/div>\n\t\t\t\t<\/div>\n\t\t\t\t\t<\/div>\n\t\t\t\t<\/div>\n\t\t\t\t<\/div>","protected":false},"excerpt":{"rendered":"<p>Company Profile Qufu Shengjia Heavy Industry Co., Ltd. is located in Qufu City, Shandong Province, China, the &#8220;Hometown of Confucius&#8221;. It is a most trustworthy enterprise with strong technical force, excellent workmanship, and integration of mechanical equipment design, production, sales and after-sales service. Since its establishment in 2006, the company has won the trust and [&hellip;]<\/p>","protected":false},"author":1,"featured_media":0,"parent":0,"menu_order":0,"comment_status":"closed","ping_status":"closed","template":"","meta":{"_seopress_robots_primary_cat":"","_seopress_titles_title":"","_seopress_titles_desc":"","_seopress_robots_index":"","site-sidebar-layout":"no-sidebar","site-content-layout":"page-builder","ast-site-content-layout":"full-width-container","site-content-style":"default","site-sidebar-style":"default","ast-global-header-display":"","ast-banner-title-visibility":"","ast-main-header-display":"","ast-hfb-above-header-display":"","ast-hfb-below-header-display":"","ast-hfb-mobile-header-display":"","site-post-title":"disabled","ast-breadcrumbs-content":"","ast-featured-img":"disabled","footer-sml-layout":"","theme-transparent-header-meta":"","adv-header-id-meta":"","stick-header-meta":"","header-above-stick-meta":"","header-main-stick-meta":"","header-below-stick-meta":"","astra-migrate-meta-layouts":"set","ast-page-background-enabled":"default","ast-page-background-meta":{"desktop":{"background-color":"","background-image":"","background-repeat":"repeat","background-position":"center center","background-size":"auto","background-attachment":"scroll","background-type":"","background-media":"","overlay-type":"","overlay-color":"","overlay-opacity":"","overlay-gradient":""},"tablet":{"background-color":"","background-image":"","background-repeat":"repeat","background-position":"center center","background-size":"auto","background-attachment":"scroll","background-type":"","background-media":"","overlay-type":"","overlay-color":"","overlay-opacity":"","overlay-gradient":""},"mobile":{"background-color":"","background-image":"","background-repeat":"repeat","background-position":"center center","background-size":"auto","background-attachment":"scroll","background-type":"","background-media":"","overlay-type":"","overlay-color":"","overlay-opacity":"","overlay-gradient":""}},"ast-content-background-meta":{"desktop":{"background-color":"var(--ast-global-color-5)","background-image":"","background-repeat":"repeat","background-position":"center center","background-size":"auto","background-attachment":"scroll","background-type":"","background-media":"","overlay-type":"","overlay-color":"","overlay-opacity":"","overlay-gradient":""},"tablet":{"background-color":"var(--ast-global-color-5)","background-image":"","background-repeat":"repeat","background-position":"center center","background-size":"auto","background-attachment":"scroll","background-type":"","background-media":"","overlay-type":"","overlay-color":"","overlay-opacity":"","overlay-gradient":""},"mobile":{"background-color":"var(--ast-global-color-5)","background-image":"","background-repeat":"repeat","background-position":"center center","background-size":"auto","background-attachment":"scroll","background-type":"","background-media":"","overlay-type":"","overlay-color":"","overlay-opacity":"","overlay-gradient":""}},"footnotes":""},"class_list":["post-4463","page","type-page","status-publish","hentry"],"_links":{"self":[{"href":"https:\/\/www.shengjiamachine.com\/es\/wp-json\/wp\/v2\/pages\/4463","targetHints":{"allow":["GET"]}}],"collection":[{"href":"https:\/\/www.shengjiamachine.com\/es\/wp-json\/wp\/v2\/pages"}],"about":[{"href":"https:\/\/www.shengjiamachine.com\/es\/wp-json\/wp\/v2\/types\/page"}],"author":[{"embeddable":true,"href":"https:\/\/www.shengjiamachine.com\/es\/wp-json\/wp\/v2\/users\/1"}],"replies":[{"embeddable":true,"href":"https:\/\/www.shengjiamachine.com\/es\/wp-json\/wp\/v2\/comments?post=4463"}],"version-history":[{"count":0,"href":"https:\/\/www.shengjiamachine.com\/es\/wp-json\/wp\/v2\/pages\/4463\/revisions"}],"wp:attachment":[{"href":"https:\/\/www.shengjiamachine.com\/es\/wp-json\/wp\/v2\/media?parent=4463"}],"curies":[{"name":"wp","href":"https:\/\/api.w.org\/{rel}","templated":true}]}}